{"id":102081,"date":"2024-09-27T20:30:05","date_gmt":"2024-09-27T19:14:59","guid":{"rendered":"https:\/\/poppers-online.ch\/produkt\/filtro-xtrm-maxx\/"},"modified":"2024-10-24T12:16:52","modified_gmt":"2024-10-24T10:16:52","slug":"filtro-xtrm-maxx","status":"publish","type":"product","link":"https:\/\/dev.poppers-online.ch\/it\/prodotto\/filtro-xtrm-maxx\/","title":{"rendered":"Filtro XTRM MAXX"},"content":{"rendered":"","protected":false},"excerpt":{"rendered":"<p>L&#8217;elegante <strong>filtro XTRM MAXX<\/strong> per maschere antigas in rosso e nero \u00e8 disponibile in due diverse dimensioni. Puoi utilizzare il filtro solo con il contenitore nero (versione standard) oppure puoi aggiungere il pezzo intermedio rosso e avere cos\u00ec un filtro di dimensioni doppie (versione doppia). A seconda di ci\u00f2 che inserisci nel filtro, decidi se utilizzare la versione standard o quella doppia. La filettatura del filtro \u00e8 interna e l&#8217;attacco filettato per la maschera o il tubo si adatta a tutte le filettature secondo la norma DIN EN 148-1. Nel nostro negozio puoi trovare anche i tubi, il raccordo a T e la maschera di gomma adatti. Basta inserire calzini, avanzi di gomma, pelle o cotone idrofilo e il gioco \u00e8 fatto.<\/p>\n<p>Materiale: ABS, rosso e nero Altezza: 9 cm Diametro: 10 cm    <\/p>\n","protected":false},"featured_media":102061,"comment_status":"open","ping_status":"closed","template":"","meta":{"_acf_changed":false,"_glsr_average":0,"_glsr_ranking":0,"_glsr_reviews":0},"product_brand":[],"product_cat":[151],"product_tag":[],"class_list":{"0":"post-102081","1":"product","2":"type-product","3":"status-publish","4":"has-post-thumbnail","6":"product_cat-accessori-popper","8":"first","9":"instock","10":"taxable","11":"shipping-taxable","12":"purchasable","13":"product-type-simple"},"acf":[],"_links":{"self":[{"href":"https:\/\/dev.poppers-online.ch\/it\/wp-json\/wp\/v2\/product\/102081","targetHints":{"allow":["GET"]}}],"collection":[{"href":"https:\/\/dev.poppers-online.ch\/it\/wp-json\/wp\/v2\/product"}],"about":[{"href":"https:\/\/dev.poppers-online.ch\/it\/wp-json\/wp\/v2\/types\/product"}],"replies":[{"embeddable":true,"href":"https:\/\/dev.poppers-online.ch\/it\/wp-json\/wp\/v2\/comments?post=102081"}],"wp:featuredmedia":[{"embeddable":true,"href":"https:\/\/dev.poppers-online.ch\/it\/wp-json\/wp\/v2\/media\/102061"}],"wp:attachment":[{"href":"https:\/\/dev.poppers-online.ch\/it\/wp-json\/wp\/v2\/media?parent=102081"}],"wp:term":[{"taxonomy":"product_brand","embeddable":true,"href":"https:\/\/dev.poppers-online.ch\/it\/wp-json\/wp\/v2\/product_brand?post=102081"},{"taxonomy":"product_cat","embeddable":true,"href":"https:\/\/dev.poppers-online.ch\/it\/wp-json\/wp\/v2\/product_cat?post=102081"},{"taxonomy":"product_tag","embeddable":true,"href":"https:\/\/dev.poppers-online.ch\/it\/wp-json\/wp\/v2\/product_tag?post=102081"}],"curies":[{"name":"wp","href":"https:\/\/api.w.org\/{rel}","templated":true}]}}