{"id":103498,"date":"2024-10-15T22:35:37","date_gmt":"2024-10-15T20:35:37","guid":{"rendered":"https:\/\/poppers-online.ch\/produkt\/combo-di-popper-feel-the-rush\/"},"modified":"2025-11-16T23:03:18","modified_gmt":"2025-11-16T22:03:18","slug":"combo-di-popper-feel-the-rush","status":"publish","type":"product","link":"https:\/\/dev.poppers-online.ch\/it\/prodotto\/combo-di-popper-feel-the-rush\/","title":{"rendered":"Combo di Popper Feel the RUSH"},"content":{"rendered":"","protected":false},"excerpt":{"rendered":"<p><strong>La Combo RUSH Popper<\/strong> \u00e8 composta da 4 boccette RUSH da 30ml: 2x Rush Extra Strong 30ml e 2x Mega Rush 30ml Popper.<\/p>\n<p>Il<strong> Rush Extra Strong 30ml <\/strong>Popper \u00e8 tornato nell&#8217;inconfondibile boccetta gialla da 30ml. \u00c8 stato copiato pi\u00f9 volte in Europa. Il Rush Extra Strong Popper \u00e8 fino a tre volte pi\u00f9 forte del Rush normale. I Rush Popper sono tra i pi\u00f9 venduti in tutto il mondo e anche in Svizzera. Prova il Rush Extra Strong Popper da solo o insieme ai tuoi amici e lasciaci una recensione sul prodotto.    <\/p>\n<p><strong>Mega Rush 30ml:<\/strong> Rush \u00e8 il Popper pi\u00f9 venduto in tutto il mondo, in Europa e anche in Svizzera. Mega Rush \u00e8 realizzato a base di nitrito di esile e sapr\u00e0 entusiasmare te e i tuoi amici. La nostra boccetta pi\u00f9 grande per un divertimento di lunga durata. Ordina il classico ora, fino a esaurimento scorte.   <\/p>\n","protected":false},"featured_media":103495,"comment_status":"open","ping_status":"closed","template":"","meta":{"_acf_changed":false,"_glsr_average":0,"_glsr_ranking":0,"_glsr_reviews":0},"product_brand":[],"product_cat":[1047,104,109],"product_tag":[],"class_list":{"0":"post-103498","1":"product","2":"type-product","3":"status-publish","4":"has-post-thumbnail","6":"product_cat-popper","7":"product_cat-confezioni-value","8":"product_cat-boccette-grandi","9":"pa_flaschenform-rotonda-piccola","10":"pa_gewindegroesse-piccola","11":"pa_inhalt-combo","12":"pa_inhalt-30ml","13":"pa_inhaltsstoffe-nitrito-esile","14":"pa_marke-rush-popper","15":"pa_staerke-105","17":"first","18":"instock","19":"sale","20":"taxable","21":"shipping-taxable","22":"purchasable","23":"product-type-simple"},"acf":[],"_links":{"self":[{"href":"https:\/\/dev.poppers-online.ch\/it\/wp-json\/wp\/v2\/product\/103498","targetHints":{"allow":["GET"]}}],"collection":[{"href":"https:\/\/dev.poppers-online.ch\/it\/wp-json\/wp\/v2\/product"}],"about":[{"href":"https:\/\/dev.poppers-online.ch\/it\/wp-json\/wp\/v2\/types\/product"}],"replies":[{"embeddable":true,"href":"https:\/\/dev.poppers-online.ch\/it\/wp-json\/wp\/v2\/comments?post=103498"}],"wp:featuredmedia":[{"embeddable":true,"href":"https:\/\/dev.poppers-online.ch\/it\/wp-json\/wp\/v2\/media\/103495"}],"wp:attachment":[{"href":"https:\/\/dev.poppers-online.ch\/it\/wp-json\/wp\/v2\/media?parent=103498"}],"wp:term":[{"taxonomy":"product_brand","embeddable":true,"href":"https:\/\/dev.poppers-online.ch\/it\/wp-json\/wp\/v2\/product_brand?post=103498"},{"taxonomy":"product_cat","embeddable":true,"href":"https:\/\/dev.poppers-online.ch\/it\/wp-json\/wp\/v2\/product_cat?post=103498"},{"taxonomy":"product_tag","embeddable":true,"href":"https:\/\/dev.poppers-online.ch\/it\/wp-json\/wp\/v2\/product_tag?post=103498"}],"curies":[{"name":"wp","href":"https:\/\/api.w.org\/{rel}","templated":true}]}}