{"id":104119,"date":"2024-10-23T13:00:09","date_gmt":"2024-10-23T11:19:27","guid":{"rendered":"https:\/\/poppers-online.ch\/produkt\/combo-di-gioco-extreme-poppers\/"},"modified":"2025-11-25T11:22:37","modified_gmt":"2025-11-25T10:22:37","slug":"extreme-popper-play-combo","status":"publish","type":"product","link":"https:\/\/dev.poppers-online.ch\/it\/prodotto\/extreme-popper-play-combo\/","title":{"rendered":"Extreme Popper Play Combo"},"content":{"rendered":"","protected":false},"excerpt":{"rendered":"<p>L&#8217;<strong> Extreme Popper Play Combo<\/strong> \u00e8 composto da due bottiglie di popper ultra forti: 1x FIST HOLE EXTREME Popper 30ml e 1x HARD FCK Extra Strong 30ml Popper.<\/p>\n<p>Il <strong>Popper FIST HOLE EXTREME 30ml<\/strong> \u00e8 indicato per pratiche estreme come il fisting o il sesso anale intenso. Contiene il nitrito alchilico con il nome di nitrito esilico, che \u00e8 classificato come il meno dannoso per la salute. Con una forza di 6, FIST HOLE EXTREME Popper \u00e8 una delle variet\u00e0 pi\u00f9 forti sul mercato ed \u00e8 disponibile in un flacone da 30 ml con un tappo facile da aprire. Espandi i tuoi limiti di fisting con il FIST HOLE EXTREME Popper e vivi una sessione di fisting particolarmente intensa e arrapante.<\/p>\n<p><strong>HARD FCK Extra Strong 30ml<\/strong> Popper \u00e8 una novit\u00e0 mondiale di Royal Hexagon. Finalmente la famigerata formula canadese del pentile \u00e8 disponibile in un&#8217;elegante e indistruttibile bottiglia di alluminio. E per permetterti di sniffare la bottiglia ancora pi\u00f9 a lungo, Royal Hexagon ha riempito la bottiglia di alluminio HARD F*CK Extra Strong con ben 30 ml di nitrito di pentile extra forte. HARD F*CK Popper \u00e8 per tutti coloro che amano le sessioni di svapo duro.<\/p>\n<p>&nbsp;<\/p>\n","protected":false},"featured_media":122609,"comment_status":"open","ping_status":"closed","template":"","meta":{"_acf_changed":false,"_glsr_average":0,"_glsr_ranking":0,"_glsr_reviews":0},"product_brand":[],"product_cat":[1047,104,109],"product_tag":[],"class_list":{"0":"post-104119","1":"product","2":"type-product","3":"status-publish","4":"has-post-thumbnail","6":"product_cat-popper","7":"product_cat-confezioni-value","8":"product_cat-boccette-grandi","9":"pa_flaschenform-rotonda-grande","10":"pa_flaschenform-rotonda-piccola","11":"pa_gewindegroesse-piccola","12":"pa_inhalt-combo","13":"pa_inhalt-30ml","14":"pa_inhaltsstoffe-nitrito-esile","15":"pa_inhaltsstoffe-formula-pentile-canadese","16":"pa_marke-fist-popper","17":"pa_marke-royal-hexagon","18":"pa_staerke-105","20":"first","21":"instock","22":"sale","23":"taxable","24":"shipping-taxable","25":"purchasable","26":"product-type-simple"},"acf":[],"_links":{"self":[{"href":"https:\/\/dev.poppers-online.ch\/it\/wp-json\/wp\/v2\/product\/104119","targetHints":{"allow":["GET"]}}],"collection":[{"href":"https:\/\/dev.poppers-online.ch\/it\/wp-json\/wp\/v2\/product"}],"about":[{"href":"https:\/\/dev.poppers-online.ch\/it\/wp-json\/wp\/v2\/types\/product"}],"replies":[{"embeddable":true,"href":"https:\/\/dev.poppers-online.ch\/it\/wp-json\/wp\/v2\/comments?post=104119"}],"wp:featuredmedia":[{"embeddable":true,"href":"https:\/\/dev.poppers-online.ch\/it\/wp-json\/wp\/v2\/media\/122609"}],"wp:attachment":[{"href":"https:\/\/dev.poppers-online.ch\/it\/wp-json\/wp\/v2\/media?parent=104119"}],"wp:term":[{"taxonomy":"product_brand","embeddable":true,"href":"https:\/\/dev.poppers-online.ch\/it\/wp-json\/wp\/v2\/product_brand?post=104119"},{"taxonomy":"product_cat","embeddable":true,"href":"https:\/\/dev.poppers-online.ch\/it\/wp-json\/wp\/v2\/product_cat?post=104119"},{"taxonomy":"product_tag","embeddable":true,"href":"https:\/\/dev.poppers-online.ch\/it\/wp-json\/wp\/v2\/product_tag?post=104119"}],"curies":[{"name":"wp","href":"https:\/\/api.w.org\/{rel}","templated":true}]}}