{"id":104215,"date":"2024-10-24T14:17:15","date_gmt":"2024-10-24T12:17:15","guid":{"rendered":"https:\/\/poppers-online.ch\/produkt\/popper-alpha-master-ultra-strong-30ml\/"},"modified":"2025-11-03T08:27:05","modified_gmt":"2025-11-03T07:27:05","slug":"popper-alpha-master-ultra-strong-30ml","status":"publish","type":"product","link":"https:\/\/dev.poppers-online.ch\/it\/prodotto\/popper-alpha-master-ultra-strong-30ml\/","title":{"rendered":"ALPHA MASTER ULTRA STRONG Popper 30ml"},"content":{"rendered":"","protected":false},"excerpt":{"rendered":"<p>Il <strong>Popper ALPHA MASTER ULTRA STRONG 30ml<\/strong> \u00e8 destinato a tutti i padroni dominanti che cercano una spinta in pi\u00f9 per se stessi e per le loro schiave durante la dominazione e il BDSM. Contiene il nitrito alchilico con il nome di nitrito esilico, che \u00e8 classificato come il meno dannoso per la salute. Con una potenza di 6, ALPHA MASTER ULTRA STRONG Popper \u00e8 una delle variet\u00e0 pi\u00f9 forti sul mercato ed \u00e8 disponibile in un flacone da 30ml con un tappo facile da aprire. Vivi una sessione di master e slave particolarmente intensa con ALPHA MASTER ULTRA STRONG Popper 30ml. <\/p>\n","protected":false},"featured_media":130059,"comment_status":"open","ping_status":"closed","template":"","meta":{"_acf_changed":false,"_glsr_average":0,"_glsr_ranking":0,"_glsr_reviews":0},"product_brand":[],"product_cat":[1047,109],"product_tag":[],"class_list":{"0":"post-104215","1":"product","2":"type-product","3":"status-publish","4":"has-post-thumbnail","6":"product_cat-popper","7":"product_cat-boccette-grandi","8":"pa_flaschenform-rotonda-piccola","9":"pa_gewindegroesse-piccola","10":"pa_inhalt-30ml","11":"pa_inhaltsstoffe-nitrito-esile","12":"pa_marke-royal-hexagon","13":"pa_staerke-105","15":"first","16":"instock","17":"taxable","18":"shipping-taxable","19":"purchasable","20":"product-type-simple"},"acf":[],"_links":{"self":[{"href":"https:\/\/dev.poppers-online.ch\/it\/wp-json\/wp\/v2\/product\/104215","targetHints":{"allow":["GET"]}}],"collection":[{"href":"https:\/\/dev.poppers-online.ch\/it\/wp-json\/wp\/v2\/product"}],"about":[{"href":"https:\/\/dev.poppers-online.ch\/it\/wp-json\/wp\/v2\/types\/product"}],"replies":[{"embeddable":true,"href":"https:\/\/dev.poppers-online.ch\/it\/wp-json\/wp\/v2\/comments?post=104215"}],"wp:featuredmedia":[{"embeddable":true,"href":"https:\/\/dev.poppers-online.ch\/it\/wp-json\/wp\/v2\/media\/130059"}],"wp:attachment":[{"href":"https:\/\/dev.poppers-online.ch\/it\/wp-json\/wp\/v2\/media?parent=104215"}],"wp:term":[{"taxonomy":"product_brand","embeddable":true,"href":"https:\/\/dev.poppers-online.ch\/it\/wp-json\/wp\/v2\/product_brand?post=104215"},{"taxonomy":"product_cat","embeddable":true,"href":"https:\/\/dev.poppers-online.ch\/it\/wp-json\/wp\/v2\/product_cat?post=104215"},{"taxonomy":"product_tag","embeddable":true,"href":"https:\/\/dev.poppers-online.ch\/it\/wp-json\/wp\/v2\/product_tag?post=104215"}],"curies":[{"name":"wp","href":"https:\/\/api.w.org\/{rel}","templated":true}]}}