{"id":110438,"date":"2025-01-26T16:52:34","date_gmt":"2025-01-26T15:52:34","guid":{"rendered":"https:\/\/poppers-online.ch\/produkt\/fantasia-anale-insta-gaper\/"},"modified":"2025-01-29T16:07:23","modified_gmt":"2025-01-29T15:07:23","slug":"fantasia-anale-insta-gaper","status":"publish","type":"product","link":"https:\/\/dev.poppers-online.ch\/it\/prodotto\/fantasia-anale-insta-gaper\/","title":{"rendered":"Fantasia anale Insta-Gaper"},"content":{"rendered":"","protected":false},"excerpt":{"rendered":"<div><strong>Fantasia anale Insta-Gaper.<\/strong> Stringi, inserisci, godi: il plug anale Insta-Gaper offre un incredibile piacere anale e, se inserito orizzontalmente, preme sulla prostata per stimolare l&#8217;orgasmo. Quando \u00e8 chiuso, pu\u00f2 essere semplicemente spinto dentro con del lubrificante. Quando viene inserito nell&#8217;ano, le sue due met\u00e0 si aprono immediatamente e si riempiono in modo piacevole e stimolante. Il silicone utilizzato ha una superficie liscia e vellutata. Il materiale \u00e8 elastico e piacevolmente morbido. In questo modo si evitano le lesioni. La ventosa impedisce una penetrazione involontaria e profonda e si posiziona comodamente tra i glutei grazie alla sua forma ovale. Il capezzolo sulla base di aspirazione aiuta il rilascio. Questo accorgimento \u00e8 necessario anche perch\u00e9 questo butt plug si mantiene molto bene sulle superfici lisce. Il capezzolo non \u00e8 d&#8217;intralcio durante l&#8217;uso. Il gambo ha un diametro confortevole su cui la rosetta pu\u00f2 rimanere pi\u00f9 a lungo. In combinazione con le altre caratteristiche, Insta-Gaper \u00e8 un butt plug che pu\u00f2 essere indossato pi\u00f9 a lungo senza problemi.           <\/div>\n<div><\/div>\n<p>&nbsp;<\/p>\n<div>Lunghezza inseribile: circa 8,5 cm<\/div>\n<div>Lunghezza totale: circa 9,5 cm<\/div>\n<div>Diametro chiuso: circa 4 cm<\/div>\n<div>Diametro aperto: massimo 8,5 cm <\/div>\n<div>Diametro del manico: circa 1,8 cm<\/div>\n<div>Materiale: silicone<\/div>\n<div>Colore: nero<\/div>\n<div>Contenuto della consegna: 1x butt plug 1x lubrificante 1x crema lubrificante 1x toy cleaner 2x finger cots<\/div>\n","protected":false},"featured_media":110421,"comment_status":"open","ping_status":"closed","template":"","meta":{"_acf_changed":false,"_glsr_average":0,"_glsr_ranking":0,"_glsr_reviews":0},"product_brand":[],"product_cat":[2086,172],"product_tag":[],"class_list":{"0":"post-110438","1":"product","2":"type-product","3":"status-publish","4":"has-post-thumbnail","6":"product_cat-anal-play","7":"product_cat-sex-toys","9":"first","10":"outofstock","11":"taxable","12":"shipping-taxable","13":"purchasable","14":"product-type-simple"},"acf":[],"_links":{"self":[{"href":"https:\/\/dev.poppers-online.ch\/it\/wp-json\/wp\/v2\/product\/110438","targetHints":{"allow":["GET"]}}],"collection":[{"href":"https:\/\/dev.poppers-online.ch\/it\/wp-json\/wp\/v2\/product"}],"about":[{"href":"https:\/\/dev.poppers-online.ch\/it\/wp-json\/wp\/v2\/types\/product"}],"replies":[{"embeddable":true,"href":"https:\/\/dev.poppers-online.ch\/it\/wp-json\/wp\/v2\/comments?post=110438"}],"wp:featuredmedia":[{"embeddable":true,"href":"https:\/\/dev.poppers-online.ch\/it\/wp-json\/wp\/v2\/media\/110421"}],"wp:attachment":[{"href":"https:\/\/dev.poppers-online.ch\/it\/wp-json\/wp\/v2\/media?parent=110438"}],"wp:term":[{"taxonomy":"product_brand","embeddable":true,"href":"https:\/\/dev.poppers-online.ch\/it\/wp-json\/wp\/v2\/product_brand?post=110438"},{"taxonomy":"product_cat","embeddable":true,"href":"https:\/\/dev.poppers-online.ch\/it\/wp-json\/wp\/v2\/product_cat?post=110438"},{"taxonomy":"product_tag","embeddable":true,"href":"https:\/\/dev.poppers-online.ch\/it\/wp-json\/wp\/v2\/product_tag?post=110438"}],"curies":[{"name":"wp","href":"https:\/\/api.w.org\/{rel}","templated":true}]}}