{"id":114295,"date":"2025-03-13T16:55:06","date_gmt":"2025-03-13T16:35:11","guid":{"rendered":"https:\/\/poppers-online.ch\/produkt\/parigi-zurigo-londra-kinky-poppers-combo\/"},"modified":"2025-09-05T14:18:03","modified_gmt":"2025-09-05T12:18:03","slug":"parigi-zurigo-londra-kinky-poppers-combo","status":"publish","type":"product","link":"https:\/\/dev.poppers-online.ch\/it\/prodotto\/parigi-zurigo-londra-kinky-poppers-combo\/","title":{"rendered":"Parigi Zurigo Londra Kinky Popper Combo"},"content":{"rendered":"","protected":false},"excerpt":{"rendered":"<p data-pm-slice=\"1 1 []\"><strong>Parigi Zurigo Londra Kinky Popper Combo \u2013 La tua avventura sensuale!<\/strong><\/p>\n<p>Prova l&#8217;intensit\u00e0 pura con il <strong>Kinky Popper Combo di Paris Zurich London<\/strong>! Questo esclusivo set contiene tre potenti bottiglie di popper: <\/p>\n<ul data-spread=\"false\">\n<li><strong>Paris Popper XTRA STRONG 30ml<\/strong><\/li>\n<li><strong>Zurich Popper 10ml<\/strong><\/li>\n<li><strong>London Ultra Strong Popper Alu 10ml<\/strong><\/li>\n<\/ul>\n<p>Ogni bottiglia offre un&#8217;esperienza unica e intensa, perfetta per chi cerca qualcosa di speciale.<\/p>\n<div>\n<hr>\n<\/div>\n<h3><strong>Paris Popper XTRA STRONG 30ml \u2013 Passionale e intenso!<\/strong><\/h3>\n<p>Ispirato al nostro emozionante soggiorno a Parigi alla fine del 2023, questo popper porta l&#8217;essenza sensuale della citt\u00e0 dell&#8217;amore direttamente a te. Con una <strong>potenza di 6 su 6<\/strong> e la collaudata formula a base di nitrito di esile, \u00e8 uno dei popper pi\u00f9 forti sul mercato. Il pratico <strong>flacone da 30 ml<\/strong> con tappo facile da aprire garantisce la massima praticit\u00e0.  <\/p>\n<div>\n<hr>\n<\/div>\n<h3><strong>Zurich Popper 10ml \u2013 L&#8217;intensit\u00e0 svizzera!<\/strong><\/h3>\n<p>Sul mercato dal 2023, <strong>Zurich Popper<\/strong> si basa sul collaudato <strong>nitrito di pentile<\/strong> e porta con s\u00e9 l&#8217;energia di una delle citt\u00e0 pi\u00f9 aperte d&#8217;Europa. Zurigo non \u00e8 conosciuta solo per Zwingli, Pestalozzi e Sechsel\u00e4uten, ma anche come <strong>capitale svizzera LGBTQ<\/strong>. Con una <strong>forza di 6<\/strong>, questo popper promette un&#8217;esperienza indimenticabile.  <\/p>\n<div>\n<hr>\n<\/div>\n<h3><strong>London Ultra Strong Popper Alu 10ml \u2013 Selvaggio ed elettrizzante!<\/strong><\/h3>\n<p><strong>London Ultra Strong Popper<\/strong> \u00e8 sinonimo di avventura e incontri indimenticabili. Ispirato ai momenti intensi della metropolitana di Londra, offre la massima intensit\u00e0 grazie alla <strong>forza 6<\/strong> e alla formula con nitrito di esile. Il <strong>flacone in alluminio leggero<\/strong> garantisce un&#8217;ottima maneggevolezza e discrezione.  <\/p>\n<div>\n<hr>\n<\/div>\n<p><strong>Acquista subito il Combo Kinky Popper Paris Zurich London e vivi la passione a un nuovo livello!<\/strong><\/p>\n","protected":false},"featured_media":114278,"comment_status":"open","ping_status":"closed","template":"","meta":{"_acf_changed":false,"_glsr_average":0,"_glsr_ranking":0,"_glsr_reviews":0},"product_brand":[],"product_cat":[1047,104,109,112],"product_tag":[],"class_list":{"0":"post-114295","1":"product","2":"type-product","3":"status-publish","4":"has-post-thumbnail","6":"product_cat-popper","7":"product_cat-confezioni-value","8":"product_cat-boccette-grandi","9":"product_cat-boccette-piccole","10":"pa_inhalt-combo","11":"pa_inhalt-30ml","12":"pa_inhalt-10ml","13":"pa_inhaltsstoffe-nitrito-di-pentile","14":"pa_inhaltsstoffe-nitrito-esile","15":"pa_marke-royal-hexagon","16":"pa_staerke-105","18":"first","19":"instock","20":"sale","21":"taxable","22":"shipping-taxable","23":"purchasable","24":"product-type-simple"},"acf":[],"_links":{"self":[{"href":"https:\/\/dev.poppers-online.ch\/it\/wp-json\/wp\/v2\/product\/114295","targetHints":{"allow":["GET"]}}],"collection":[{"href":"https:\/\/dev.poppers-online.ch\/it\/wp-json\/wp\/v2\/product"}],"about":[{"href":"https:\/\/dev.poppers-online.ch\/it\/wp-json\/wp\/v2\/types\/product"}],"replies":[{"embeddable":true,"href":"https:\/\/dev.poppers-online.ch\/it\/wp-json\/wp\/v2\/comments?post=114295"}],"wp:featuredmedia":[{"embeddable":true,"href":"https:\/\/dev.poppers-online.ch\/it\/wp-json\/wp\/v2\/media\/114278"}],"wp:attachment":[{"href":"https:\/\/dev.poppers-online.ch\/it\/wp-json\/wp\/v2\/media?parent=114295"}],"wp:term":[{"taxonomy":"product_brand","embeddable":true,"href":"https:\/\/dev.poppers-online.ch\/it\/wp-json\/wp\/v2\/product_brand?post=114295"},{"taxonomy":"product_cat","embeddable":true,"href":"https:\/\/dev.poppers-online.ch\/it\/wp-json\/wp\/v2\/product_cat?post=114295"},{"taxonomy":"product_tag","embeddable":true,"href":"https:\/\/dev.poppers-online.ch\/it\/wp-json\/wp\/v2\/product_tag?post=114295"}],"curies":[{"name":"wp","href":"https:\/\/api.w.org\/{rel}","templated":true}]}}