{"id":118051,"date":"2025-05-10T20:26:30","date_gmt":"2025-05-10T18:26:30","guid":{"rendered":"https:\/\/poppers-online.ch\/produkt\/zeus-e-stim-pro-plug-anale-vibrante-ed-e-stim-in-silicone\/"},"modified":"2025-05-10T20:31:24","modified_gmt":"2025-05-10T18:31:24","slug":"zeus-e-stim-pro-plug-anale-vibrante-ed-e-stim-in-silicone","status":"publish","type":"product","link":"https:\/\/dev.poppers-online.ch\/it\/prodotto\/zeus-e-stim-pro-plug-anale-vibrante-ed-e-stim-in-silicone\/","title":{"rendered":"Zeus E-Stim Pro &#8211; Plug anale vibrante ed E-Stim in silicone"},"content":{"rendered":"","protected":false},"excerpt":{"rendered":"<p>Elettrizza e fai vibrare la tua prostata!<\/p>\n<p>Scuoti e fai vibrare la prostata con il Pro-Shocker! Concepito per stimolare la prostata, il Pro-Shocker \u00e8 ricco di energia per stimolare e far vibrare l&#8217;intera area anale: perfetto per chi vuole qualcosa di pi\u00f9 di un normale anal toy vibrante. La forma affusolata, il fusto curvo e la base flessibile rendono questo plug prostatico confortevole.  <\/p>\n<p>Il Pro-Shocker \u00e8 stato sviluppato per coloro che vogliono qualcosa di diverso nel loro fondoschiena oltre alle solite impostazioni di vibrazione. Ti offre un modo facile e conveniente per sperimentare l&#8217;elettroshock! Goditi le 8 modalit\u00e0 di vibrazione e le 8 modalit\u00e0 di elettroshock da sole o in combinazione: cambia tutte le funzioni con il controller wireless incluso per vivere un&#8217;avventura emozionante.  <\/p>\n<p>L&#8217;elettrostimolazione inizia con un solletico molto delicato e arriva fino a un&#8217;onda di contrazione! Scopri la combinazione di vibrazioni e scosse ideale per te e il tuo partner. <\/p>\n<p>Ricaricabile con il cavo di ricarica USB in dotazione per un divertimento senza limiti! Grazie al grado di impermeabilit\u00e0 IPX6, il plug \u00e8 facile da pulire, ma non deve essere completamente immerso nell&#8217;acqua. Il materiale in silicone di alta qualit\u00e0 \u00e8 privo di ftalati per una sessione sicura per il corpo ed \u00e8 <strong>compatibile solo con lubrificanti a base d&#8217;acqua<\/strong>.  <\/p>\n<p>DIMENSIONI:<br \/>\nLunghezza totale: 4,7 pollici \/ 119 mm<br \/>\nLunghezza inseribile: 4 pollici \/ 102 mm<br \/>\nDiametro maggiore: 1,3 pollici \/ 33 mm<br \/>\nDiametro collo: 0,8 pollici \/ 20 mm<\/p>\n","protected":false},"featured_media":118042,"comment_status":"open","ping_status":"closed","template":"","meta":{"_acf_changed":false,"_glsr_average":0,"_glsr_ranking":0,"_glsr_reviews":0},"product_brand":[],"product_cat":[2086,172],"product_tag":[],"class_list":{"0":"post-118051","1":"product","2":"type-product","3":"status-publish","4":"has-post-thumbnail","6":"product_cat-anal-play","7":"product_cat-sex-toys","9":"first","10":"outofstock","11":"taxable","12":"shipping-taxable","13":"purchasable","14":"product-type-simple"},"acf":[],"_links":{"self":[{"href":"https:\/\/dev.poppers-online.ch\/it\/wp-json\/wp\/v2\/product\/118051","targetHints":{"allow":["GET"]}}],"collection":[{"href":"https:\/\/dev.poppers-online.ch\/it\/wp-json\/wp\/v2\/product"}],"about":[{"href":"https:\/\/dev.poppers-online.ch\/it\/wp-json\/wp\/v2\/types\/product"}],"replies":[{"embeddable":true,"href":"https:\/\/dev.poppers-online.ch\/it\/wp-json\/wp\/v2\/comments?post=118051"}],"wp:featuredmedia":[{"embeddable":true,"href":"https:\/\/dev.poppers-online.ch\/it\/wp-json\/wp\/v2\/media\/118042"}],"wp:attachment":[{"href":"https:\/\/dev.poppers-online.ch\/it\/wp-json\/wp\/v2\/media?parent=118051"}],"wp:term":[{"taxonomy":"product_brand","embeddable":true,"href":"https:\/\/dev.poppers-online.ch\/it\/wp-json\/wp\/v2\/product_brand?post=118051"},{"taxonomy":"product_cat","embeddable":true,"href":"https:\/\/dev.poppers-online.ch\/it\/wp-json\/wp\/v2\/product_cat?post=118051"},{"taxonomy":"product_tag","embeddable":true,"href":"https:\/\/dev.poppers-online.ch\/it\/wp-json\/wp\/v2\/product_tag?post=118051"}],"curies":[{"name":"wp","href":"https:\/\/api.w.org\/{rel}","templated":true}]}}