{"id":118125,"date":"2025-05-11T20:56:01","date_gmt":"2025-05-11T19:00:33","guid":{"rendered":"https:\/\/poppers-online.ch\/produkt\/perline-anali-in-silicone-a-catena-brutus\/"},"modified":"2025-05-19T10:16:00","modified_gmt":"2025-05-19T08:16:00","slug":"perline-anali-in-silicone-a-catena-brutus","status":"publish","type":"product","link":"https:\/\/dev.poppers-online.ch\/it\/prodotto\/perline-anali-in-silicone-a-catena-brutus\/","title":{"rendered":"Perline anali in silicone a catena Brutus"},"content":{"rendered":"","protected":false},"excerpt":{"rendered":"<p>La <strong>catena anale in silicone Brutus Beaded Chain<\/strong> \u00e8 una nuova catena di perline realizzata con il miglior silicone. Ti offre una sensazione di morbidezza al tatto senza precedenti. Puoi sentire l&#8217;allungamento di ogni perlina di questa catena mentre la inserisci, perlina dopo perlina. Per rendere la sfida eccitante e degna di essere provata, la lunghezza della catena \u00e8 di 58 cm, per permetterti di raggiungere le profondit\u00e0 pi\u00f9 elevate. Il gancio all&#8217;estremit\u00e0 offre un appiglio perfetto per decidere dove far arrivare la catena di perline.    <\/p>\n<p>Utilizza un <a href=\"https:\/\/dev.poppers-online.ch\/it\/prodotto\/lubrificante-a-base-di-silicone-swiss-navy-177ml\/\">lubrificante a base di silicone<\/a>, che puoi ordinare direttamente da noi.<\/p>\n<p>Silicone super liscio<br \/>\nLunghezza inseribile: 56 cm<br \/>\nDiametro: 10-24mm<br \/>\nProduttore: Brutus<\/p>\n","protected":false},"featured_media":118115,"comment_status":"open","ping_status":"closed","template":"","meta":{"_acf_changed":false,"_glsr_average":0,"_glsr_ranking":0,"_glsr_reviews":0},"product_brand":[],"product_cat":[2086,172],"product_tag":[],"class_list":{"0":"post-118125","1":"product","2":"type-product","3":"status-publish","4":"has-post-thumbnail","6":"product_cat-anal-play","7":"product_cat-sex-toys","9":"first","10":"instock","11":"taxable","12":"shipping-taxable","13":"purchasable","14":"product-type-simple"},"acf":[],"_links":{"self":[{"href":"https:\/\/dev.poppers-online.ch\/it\/wp-json\/wp\/v2\/product\/118125","targetHints":{"allow":["GET"]}}],"collection":[{"href":"https:\/\/dev.poppers-online.ch\/it\/wp-json\/wp\/v2\/product"}],"about":[{"href":"https:\/\/dev.poppers-online.ch\/it\/wp-json\/wp\/v2\/types\/product"}],"replies":[{"embeddable":true,"href":"https:\/\/dev.poppers-online.ch\/it\/wp-json\/wp\/v2\/comments?post=118125"}],"wp:featuredmedia":[{"embeddable":true,"href":"https:\/\/dev.poppers-online.ch\/it\/wp-json\/wp\/v2\/media\/118115"}],"wp:attachment":[{"href":"https:\/\/dev.poppers-online.ch\/it\/wp-json\/wp\/v2\/media?parent=118125"}],"wp:term":[{"taxonomy":"product_brand","embeddable":true,"href":"https:\/\/dev.poppers-online.ch\/it\/wp-json\/wp\/v2\/product_brand?post=118125"},{"taxonomy":"product_cat","embeddable":true,"href":"https:\/\/dev.poppers-online.ch\/it\/wp-json\/wp\/v2\/product_cat?post=118125"},{"taxonomy":"product_tag","embeddable":true,"href":"https:\/\/dev.poppers-online.ch\/it\/wp-json\/wp\/v2\/product_tag?post=118125"}],"curies":[{"name":"wp","href":"https:\/\/api.w.org\/{rel}","templated":true}]}}