{"id":119119,"date":"2025-05-25T13:11:30","date_gmt":"2025-05-25T11:11:30","guid":{"rendered":"https:\/\/poppers-online.ch\/produkt\/sport-fucker-ergo-balls-stretcher-rosso-30-mm\/"},"modified":"2025-05-26T11:17:03","modified_gmt":"2025-05-26T09:17:03","slug":"sport-fucker-ergo-balls-stretcher-rosso-30-mm","status":"publish","type":"product","link":"https:\/\/dev.poppers-online.ch\/it\/prodotto\/sport-fucker-ergo-balls-stretcher-rosso-30-mm\/","title":{"rendered":"Sport Fucker Ergo Balls Stretcher rosso 30 mm"},"content":{"rendered":"","protected":false},"excerpt":{"rendered":"<div>Lo <strong>Sport Fucker Ergo Balls Stretcher rosso 30 mm<\/strong>, super flessibile, \u00e8 realizzato in morbido silicone liquido. Vestibilit\u00e0 ottimale senza pizzicare o schiacciare la pelle. \u00c8 un cock toy perfetto per chi lo indossa a lungo grazie al suo elevato comfort.  <\/div>\n<div><\/div>\n<div>Materiale: Silicone liquido<br \/>\nLarghezza: 30 mm<\/div>\n<div>Colore: rosso<\/div>\n<div>Produttore: Sport Fucker<\/div>\n","protected":false},"featured_media":119118,"comment_status":"open","ping_status":"closed","template":"","meta":{"_acf_changed":false,"_glsr_average":0,"_glsr_ranking":0,"_glsr_reviews":0},"product_brand":[],"product_cat":[2089,172],"product_tag":[],"class_list":{"0":"post-119119","1":"product","2":"type-product","3":"status-publish","4":"has-post-thumbnail","6":"product_cat-ball-play","7":"product_cat-sex-toys","9":"first","10":"instock","11":"taxable","12":"shipping-taxable","13":"purchasable","14":"product-type-simple"},"acf":[],"_links":{"self":[{"href":"https:\/\/dev.poppers-online.ch\/it\/wp-json\/wp\/v2\/product\/119119","targetHints":{"allow":["GET"]}}],"collection":[{"href":"https:\/\/dev.poppers-online.ch\/it\/wp-json\/wp\/v2\/product"}],"about":[{"href":"https:\/\/dev.poppers-online.ch\/it\/wp-json\/wp\/v2\/types\/product"}],"replies":[{"embeddable":true,"href":"https:\/\/dev.poppers-online.ch\/it\/wp-json\/wp\/v2\/comments?post=119119"}],"wp:featuredmedia":[{"embeddable":true,"href":"https:\/\/dev.poppers-online.ch\/it\/wp-json\/wp\/v2\/media\/119118"}],"wp:attachment":[{"href":"https:\/\/dev.poppers-online.ch\/it\/wp-json\/wp\/v2\/media?parent=119119"}],"wp:term":[{"taxonomy":"product_brand","embeddable":true,"href":"https:\/\/dev.poppers-online.ch\/it\/wp-json\/wp\/v2\/product_brand?post=119119"},{"taxonomy":"product_cat","embeddable":true,"href":"https:\/\/dev.poppers-online.ch\/it\/wp-json\/wp\/v2\/product_cat?post=119119"},{"taxonomy":"product_tag","embeddable":true,"href":"https:\/\/dev.poppers-online.ch\/it\/wp-json\/wp\/v2\/product_tag?post=119119"}],"curies":[{"name":"wp","href":"https:\/\/api.w.org\/{rel}","templated":true}]}}