{"id":127340,"date":"2025-08-14T16:37:32","date_gmt":"2025-08-14T14:37:32","guid":{"rendered":"https:\/\/poppers-online.ch\/produkt\/fuck-fist-cum-load-lubrificante-250ml\/"},"modified":"2025-08-18T11:47:45","modified_gmt":"2025-08-18T09:47:45","slug":"fuck-fist-cum-load-lubrificante-250ml","status":"publish","type":"product","link":"https:\/\/dev.poppers-online.ch\/it\/prodotto\/fuck-fist-cum-load-lubrificante-250ml\/","title":{"rendered":"Fuck &amp; Fist Cum Load Lubrificante 250ml"},"content":{"rendered":"","protected":false},"excerpt":{"rendered":"<p><strong>Fuck &amp; Fist Cum Load Lubricant 250ml<\/strong> \u00e8 un lubrificante ibrido che imita perfettamente l&#8217;aspetto dello sperma fresco. L&#8217;ingegnosa combinazione di acqua e base siliconica ti garantisce un effetto di scivolamento lunghissimo come il silicone, ma \u00e8 comunque facile da lavare come i lubrificanti a base d&#8217;acqua. <\/p>\n<p>Grazie all&#8217;ingegnoso flacone a pompa, il lubrificante \u00e8 sempre pronto all&#8217;uso. Che si tratti di una sessione in solitaria, di un gioco con i giocattoli o di un&#8217;azione con i preservativi, il <strong>lubrificante Fuck &amp; Fist Load<\/strong> \u00e8 perfetto per tutte queste situazioni, poich\u00e9 pu\u00f2 essere combinato con tutti i preservativi e i giocattoli. Allo stesso tempo, la sensazione \u00e8 quella di ricevere un vero e proprio carico.  <\/p>\n","protected":false},"featured_media":127333,"comment_status":"open","ping_status":"closed","template":"","meta":{"_acf_changed":false,"_glsr_average":0,"_glsr_ranking":0,"_glsr_reviews":0},"product_brand":[],"product_cat":[2068,168],"product_tag":[],"class_list":{"0":"post-127340","1":"product","2":"type-product","3":"status-publish","4":"has-post-thumbnail","6":"product_cat-lubrificanti","7":"product_cat-farmacia","9":"first","10":"instock","11":"taxable","12":"shipping-taxable","13":"purchasable","14":"product-type-simple"},"acf":[],"_links":{"self":[{"href":"https:\/\/dev.poppers-online.ch\/it\/wp-json\/wp\/v2\/product\/127340","targetHints":{"allow":["GET"]}}],"collection":[{"href":"https:\/\/dev.poppers-online.ch\/it\/wp-json\/wp\/v2\/product"}],"about":[{"href":"https:\/\/dev.poppers-online.ch\/it\/wp-json\/wp\/v2\/types\/product"}],"replies":[{"embeddable":true,"href":"https:\/\/dev.poppers-online.ch\/it\/wp-json\/wp\/v2\/comments?post=127340"}],"wp:featuredmedia":[{"embeddable":true,"href":"https:\/\/dev.poppers-online.ch\/it\/wp-json\/wp\/v2\/media\/127333"}],"wp:attachment":[{"href":"https:\/\/dev.poppers-online.ch\/it\/wp-json\/wp\/v2\/media?parent=127340"}],"wp:term":[{"taxonomy":"product_brand","embeddable":true,"href":"https:\/\/dev.poppers-online.ch\/it\/wp-json\/wp\/v2\/product_brand?post=127340"},{"taxonomy":"product_cat","embeddable":true,"href":"https:\/\/dev.poppers-online.ch\/it\/wp-json\/wp\/v2\/product_cat?post=127340"},{"taxonomy":"product_tag","embeddable":true,"href":"https:\/\/dev.poppers-online.ch\/it\/wp-json\/wp\/v2\/product_tag?post=127340"}],"curies":[{"name":"wp","href":"https:\/\/api.w.org\/{rel}","templated":true}]}}