{"id":128078,"date":"2025-08-21T10:58:28","date_gmt":"2025-08-21T08:58:28","guid":{"rendered":"https:\/\/poppers-online.ch\/produkt\/popper-booster-cap-xtrm-snffr-doppio-piccolo-oro\/"},"modified":"2025-11-16T23:01:57","modified_gmt":"2025-11-16T22:01:57","slug":"popper-booster-cap-xtrm-snffr-doppio-piccolo-oro","status":"publish","type":"product","link":"https:\/\/dev.poppers-online.ch\/it\/prodotto\/popper-booster-cap-xtrm-snffr-doppio-piccolo-oro\/","title":{"rendered":"Popper Booster Cap XTRM SNFFR Doppio Piccolo Oro"},"content":{"rendered":"","protected":false},"excerpt":{"rendered":"<p data-prosemirror-content-type=\"node\" data-prosemirror-node-name=\"paragraph\" data-prosemirror-node-block=\"true\" data-pm-slice=\"1 1 []\">Il <strong>Popper Booster Cap XTRM SNFFR Double Small Gold<\/strong> di XTRM porta l&#8217;uso dei <strong>popper<\/strong> a un nuovo livello. Si svita il tappo originale del produttore e si avvita il tappo booster sulla boccetta.  Sentirete rapidamente la differenza. Un altro vantaggio del tappo booster \u00e8 che protegge la pelle da irritazioni e bruciature, poich\u00e9 non c&#8217;\u00e8 contatto diretto con i Popper. Dopo l&#8217;uso, assicurati di sostituire il coperchio originale del produttore per <a href=\"https:\/\/dev.poppers-online.ch\/it\/blog\/quali-sono-gli-accessori-popper-disponibili-e-come-si-usano\/#booster-cap\">evitare perdite<\/a>. Prova il Booster Cap e scrivi una recensione del prodotto su questa pagina.<\/p>\n<p data-prosemirror-content-type=\"node\" data-prosemirror-node-name=\"paragraph\" data-prosemirror-node-block=\"true\">Il <strong>tappo Popper Booster XTRM SNFFR Double Small Gold<\/strong> di XTRM \u00e8 adatto a tutte le boccette da 10 e 30 ml dei produttori Lockerroom, Shelbora e Royal Hexagon.<\/p>\n","protected":false},"featured_media":128070,"comment_status":"open","ping_status":"closed","template":"","meta":{"_acf_changed":false,"_glsr_average":0,"_glsr_ranking":0,"_glsr_reviews":0},"product_brand":[],"product_cat":[151,1304],"product_tag":[],"class_list":{"0":"post-128078","1":"product","2":"type-product","3":"status-publish","4":"has-post-thumbnail","6":"product_cat-accessori-popper","7":"product_cat-booster-caps-it","8":"pa_booster-cap-gewindegroesse-per-filettatura-piccola","10":"first","11":"instock","12":"taxable","13":"shipping-taxable","14":"purchasable","15":"product-type-simple"},"acf":[],"_links":{"self":[{"href":"https:\/\/dev.poppers-online.ch\/it\/wp-json\/wp\/v2\/product\/128078","targetHints":{"allow":["GET"]}}],"collection":[{"href":"https:\/\/dev.poppers-online.ch\/it\/wp-json\/wp\/v2\/product"}],"about":[{"href":"https:\/\/dev.poppers-online.ch\/it\/wp-json\/wp\/v2\/types\/product"}],"replies":[{"embeddable":true,"href":"https:\/\/dev.poppers-online.ch\/it\/wp-json\/wp\/v2\/comments?post=128078"}],"wp:featuredmedia":[{"embeddable":true,"href":"https:\/\/dev.poppers-online.ch\/it\/wp-json\/wp\/v2\/media\/128070"}],"wp:attachment":[{"href":"https:\/\/dev.poppers-online.ch\/it\/wp-json\/wp\/v2\/media?parent=128078"}],"wp:term":[{"taxonomy":"product_brand","embeddable":true,"href":"https:\/\/dev.poppers-online.ch\/it\/wp-json\/wp\/v2\/product_brand?post=128078"},{"taxonomy":"product_cat","embeddable":true,"href":"https:\/\/dev.poppers-online.ch\/it\/wp-json\/wp\/v2\/product_cat?post=128078"},{"taxonomy":"product_tag","embeddable":true,"href":"https:\/\/dev.poppers-online.ch\/it\/wp-json\/wp\/v2\/product_tag?post=128078"}],"curies":[{"name":"wp","href":"https:\/\/api.w.org\/{rel}","templated":true}]}}