{"id":128795,"date":"2025-08-28T16:24:32","date_gmt":"2025-08-28T14:24:32","guid":{"rendered":"https:\/\/poppers-online.ch\/produkt\/popper-booster-cap-xtrm-snffr-doppio-piccolo-trasparente\/"},"modified":"2025-09-02T10:25:07","modified_gmt":"2025-09-02T08:25:07","slug":"popper-booster-cap-xtrm-snffr-doppio-piccolo-trasparente","status":"publish","type":"product","link":"https:\/\/dev.poppers-online.ch\/it\/prodotto\/popper-booster-cap-xtrm-snffr-doppio-piccolo-trasparente\/","title":{"rendered":"Popper Booster Cap XTRM SNFFR doppio piccolo trasparente"},"content":{"rendered":"","protected":false},"excerpt":{"rendered":"<p data-prosemirror-content-type=\"node\" data-prosemirror-node-name=\"paragraph\" data-prosemirror-node-block=\"true\" data-pm-slice=\"1 1 []\">Il <strong data-prosemirror-content-type=\"mark\" data-prosemirror-mark-name=\"strong\">tappo Popper Booster XTRM SNFFR Double Small Transparent<\/strong> di XTRM porta l&#8217;uso dei <strong data-prosemirror-content-type=\"mark\" data-prosemirror-mark-name=\"strong\">popper<\/strong> a un nuovo livello. Si svita il tappo originale del produttore e si avvita il tappo booster sulla boccetta.  Sentirete rapidamente la differenza. Un altro vantaggio del tappo booster \u00e8 che protegge la pelle da irritazioni e bruciature, poich\u00e9 non c&#8217;\u00e8 contatto diretto con i Popper. Dopo l&#8217;uso, \u00e8 obbligatorio sostituire il tappo originale del produttore per evitare perdite. Prova il Booster Cap e scrivi una recensione del prodotto su questa pagina.<\/p>\n<p data-prosemirror-content-type=\"node\" data-prosemirror-node-name=\"paragraph\" data-prosemirror-node-block=\"true\">Il <strong data-prosemirror-content-type=\"mark\" data-prosemirror-mark-name=\"strong\">tappo per Popper XTRM SNFFR Double Small Transparent<\/strong> di XTRM \u00e8 adatto a tutte le boccette rotonde da 10 e 30 ml dei produttori Lockerroom, Shelbora e Royal Hexagon.<\/p>\n","protected":false},"featured_media":128791,"comment_status":"open","ping_status":"closed","template":"","meta":{"_acf_changed":false,"_glsr_average":0,"_glsr_ranking":0,"_glsr_reviews":0},"product_brand":[],"product_cat":[151,1304],"product_tag":[],"class_list":{"0":"post-128795","1":"product","2":"type-product","3":"status-publish","4":"has-post-thumbnail","6":"product_cat-accessori-popper","7":"product_cat-booster-caps-it","8":"pa_booster-cap-gewindegroesse-per-filettatura-piccola","10":"first","11":"instock","12":"taxable","13":"shipping-taxable","14":"purchasable","15":"product-type-simple"},"acf":[],"_links":{"self":[{"href":"https:\/\/dev.poppers-online.ch\/it\/wp-json\/wp\/v2\/product\/128795","targetHints":{"allow":["GET"]}}],"collection":[{"href":"https:\/\/dev.poppers-online.ch\/it\/wp-json\/wp\/v2\/product"}],"about":[{"href":"https:\/\/dev.poppers-online.ch\/it\/wp-json\/wp\/v2\/types\/product"}],"replies":[{"embeddable":true,"href":"https:\/\/dev.poppers-online.ch\/it\/wp-json\/wp\/v2\/comments?post=128795"}],"wp:featuredmedia":[{"embeddable":true,"href":"https:\/\/dev.poppers-online.ch\/it\/wp-json\/wp\/v2\/media\/128791"}],"wp:attachment":[{"href":"https:\/\/dev.poppers-online.ch\/it\/wp-json\/wp\/v2\/media?parent=128795"}],"wp:term":[{"taxonomy":"product_brand","embeddable":true,"href":"https:\/\/dev.poppers-online.ch\/it\/wp-json\/wp\/v2\/product_brand?post=128795"},{"taxonomy":"product_cat","embeddable":true,"href":"https:\/\/dev.poppers-online.ch\/it\/wp-json\/wp\/v2\/product_cat?post=128795"},{"taxonomy":"product_tag","embeddable":true,"href":"https:\/\/dev.poppers-online.ch\/it\/wp-json\/wp\/v2\/product_tag?post=128795"}],"curies":[{"name":"wp","href":"https:\/\/api.w.org\/{rel}","templated":true}]}}