{"id":129420,"date":"2025-09-04T15:36:03","date_gmt":"2025-09-04T13:36:03","guid":{"rendered":"https:\/\/poppers-online.ch\/produkt\/combo-di-popper-inferno-black-fire\/"},"modified":"2025-11-16T23:02:17","modified_gmt":"2025-11-16T22:02:17","slug":"combo-di-popper-inferno-black-fire","status":"publish","type":"product","link":"https:\/\/dev.poppers-online.ch\/it\/prodotto\/combo-di-popper-inferno-black-fire\/","title":{"rendered":"Combo di Popper Inferno Black Fire"},"content":{"rendered":"","protected":false},"excerpt":{"rendered":"<p data-start=\"103\" data-end=\"536\"><strong data-start=\"103\" data-end=\"139\">Inferno Black Fire Popper Combo<\/strong> combina due boccette della prima <strong data-start=\"178\" data-end=\"210\">Black Fire Ultra Strong 30ml<\/strong>, riempite con la famigerata formula canadese Pentyl. Questo esclusivo bundle offre il doppio della potenza per chi ama il caldo, il duro e l&#8217;intenso. Il Black Fire \u00e8 uno dei popper pi\u00f9 intensi sul mercato e, grazie al suo effetto estremo, \u00e8 entrato di diritto nella lista dei migliori popper del 2025.  <\/p>\n<p data-start=\"538\" data-end=\"917\">Ogni boccetta contiene nitrito di pentile canadese di intensit\u00e0 extra, che garantisce momenti intensi e di lunga durata. Hot as Hell, Dark Boom e Hellfire: con Black Fire vivrai momenti impareggiabili pieni di passione e resistenza. L&#8217;elegante flacone in alluminio nero protegge al meglio la formula altamente concentrata e garantisce un design moderno ed elegante.  <\/p>\n<p data-start=\"919\" data-end=\"1231\">Quando si richiudono le boccette, il coperchio non deve essere avvitato troppo stretto. Premi leggermente contro la bottiglia e stringi con attenzione per mantenere la tenuta. Grazie alla dimensione della filettatura XL, le boccette possono essere combinate con i tappi XL abbinati per aumentare ulteriormente l&#8217;effetto.  <\/p>\n","protected":false},"featured_media":129416,"comment_status":"open","ping_status":"closed","template":"","meta":{"_acf_changed":false,"_glsr_average":0,"_glsr_ranking":0,"_glsr_reviews":0},"product_brand":[],"product_cat":[1047,104,109],"product_tag":[],"class_list":{"0":"post-129420","1":"product","2":"type-product","3":"status-publish","4":"has-post-thumbnail","6":"product_cat-popper","7":"product_cat-confezioni-value","8":"product_cat-boccette-grandi","9":"pa_flaschenform-rotonda-grande","10":"pa_gewindegroesse-xl-it","11":"pa_inhalt-combo","12":"pa_inhalt-30ml","13":"pa_inhaltsstoffe-formula-pentile-canadese","14":"pa_marke-royal-hexagon","15":"pa_staerke-105","17":"first","18":"instock","19":"sale","20":"taxable","21":"shipping-taxable","22":"purchasable","23":"product-type-simple"},"acf":[],"_links":{"self":[{"href":"https:\/\/dev.poppers-online.ch\/it\/wp-json\/wp\/v2\/product\/129420","targetHints":{"allow":["GET"]}}],"collection":[{"href":"https:\/\/dev.poppers-online.ch\/it\/wp-json\/wp\/v2\/product"}],"about":[{"href":"https:\/\/dev.poppers-online.ch\/it\/wp-json\/wp\/v2\/types\/product"}],"replies":[{"embeddable":true,"href":"https:\/\/dev.poppers-online.ch\/it\/wp-json\/wp\/v2\/comments?post=129420"}],"wp:featuredmedia":[{"embeddable":true,"href":"https:\/\/dev.poppers-online.ch\/it\/wp-json\/wp\/v2\/media\/129416"}],"wp:attachment":[{"href":"https:\/\/dev.poppers-online.ch\/it\/wp-json\/wp\/v2\/media?parent=129420"}],"wp:term":[{"taxonomy":"product_brand","embeddable":true,"href":"https:\/\/dev.poppers-online.ch\/it\/wp-json\/wp\/v2\/product_brand?post=129420"},{"taxonomy":"product_cat","embeddable":true,"href":"https:\/\/dev.poppers-online.ch\/it\/wp-json\/wp\/v2\/product_cat?post=129420"},{"taxonomy":"product_tag","embeddable":true,"href":"https:\/\/dev.poppers-online.ch\/it\/wp-json\/wp\/v2\/product_tag?post=129420"}],"curies":[{"name":"wp","href":"https:\/\/api.w.org\/{rel}","templated":true}]}}