{"id":129443,"date":"2025-09-04T17:29:05","date_gmt":"2025-09-04T15:29:05","guid":{"rendered":"https:\/\/poppers-online.ch\/produkt\/combo-di-popper-svizzero-americano\/"},"modified":"2025-11-25T12:13:36","modified_gmt":"2025-11-25T11:13:36","slug":"combo-di-popper-svizzero-americano","status":"publish","type":"product","link":"https:\/\/dev.poppers-online.ch\/it\/prodotto\/combo-di-popper-svizzero-americano\/","title":{"rendered":"Swiss American Popper Combo"},"content":{"rendered":"","protected":false},"excerpt":{"rendered":"<p data-start=\"161\" data-end=\"651\">Il <strong data-start=\"165\" data-end=\"197\">Swiss American Poppers Combo<\/strong> unisce due prodotti premium in un set pratico. Il <strong data-start=\"258\" data-end=\"294\">Swiss Premium Juice Poppers 24ml<\/strong> \u00e8 disponibile sul mercato svizzero come novit\u00e0 dal 2025. Come la variante pi\u00f9 piccola da 10ml, si basa sul pentilnitrito originale e viene confezionato in una boccetta di vetro ovale e maneggevole. La formula particolarmente forte e di alta qualit\u00e0 garantisce la massima intensit\u00e0 e rende questo poppers un vero highlight per gli utenti pi\u00f9 esigenti.   <\/p>\n<p data-start=\"653\" data-end=\"1152\">Il set \u00e8 completato dal <strong data-start=\"684\" data-end=\"722\">Popper HARD FCK Extra Strong 30ml<\/strong>, una novit\u00e0 mondiale di Royal Hexagon. Contiene la famigerata formula canadese del pentile e si presenta in un&#8217;elegante e indistruttibile bottiglia di alluminio. Con un contenuto di 30ml di nitrito di pentile di intensit\u00e0 extra, offre un effetto di lunga durata. Grazie alla dimensione della filettatura XL, \u00e8 anche compatibile con i tappi XL abbinati, il che la rende perfetta per tutti coloro che apprezzano una sessione intensa e dura.   <\/p>\n","protected":false},"featured_media":129439,"comment_status":"open","ping_status":"closed","template":"","meta":{"_acf_changed":false,"_glsr_average":0,"_glsr_ranking":0,"_glsr_reviews":0},"product_brand":[],"product_cat":[1047,104,109],"product_tag":[],"class_list":{"0":"post-129443","1":"product","2":"type-product","3":"status-publish","4":"has-post-thumbnail","6":"product_cat-popper","7":"product_cat-confezioni-value","8":"product_cat-boccette-grandi","9":"pa_flaschenform-ovale-it","10":"pa_flaschenform-rotonda-grande","11":"pa_gewindegroesse-xl-it","12":"pa_gewindegroesse-piccola","13":"pa_inhalt-combo","14":"pa_inhalt-30ml","15":"pa_inhalt-24ml","16":"pa_inhaltsstoffe-formula-pentile-canadese","17":"pa_marke-royal-hexagon","18":"pa_staerke-105","20":"first","21":"instock","22":"sale","23":"taxable","24":"shipping-taxable","25":"purchasable","26":"product-type-simple"},"acf":[],"_links":{"self":[{"href":"https:\/\/dev.poppers-online.ch\/it\/wp-json\/wp\/v2\/product\/129443","targetHints":{"allow":["GET"]}}],"collection":[{"href":"https:\/\/dev.poppers-online.ch\/it\/wp-json\/wp\/v2\/product"}],"about":[{"href":"https:\/\/dev.poppers-online.ch\/it\/wp-json\/wp\/v2\/types\/product"}],"replies":[{"embeddable":true,"href":"https:\/\/dev.poppers-online.ch\/it\/wp-json\/wp\/v2\/comments?post=129443"}],"wp:featuredmedia":[{"embeddable":true,"href":"https:\/\/dev.poppers-online.ch\/it\/wp-json\/wp\/v2\/media\/129439"}],"wp:attachment":[{"href":"https:\/\/dev.poppers-online.ch\/it\/wp-json\/wp\/v2\/media?parent=129443"}],"wp:term":[{"taxonomy":"product_brand","embeddable":true,"href":"https:\/\/dev.poppers-online.ch\/it\/wp-json\/wp\/v2\/product_brand?post=129443"},{"taxonomy":"product_cat","embeddable":true,"href":"https:\/\/dev.poppers-online.ch\/it\/wp-json\/wp\/v2\/product_cat?post=129443"},{"taxonomy":"product_tag","embeddable":true,"href":"https:\/\/dev.poppers-online.ch\/it\/wp-json\/wp\/v2\/product_tag?post=129443"}],"curies":[{"name":"wp","href":"https:\/\/api.w.org\/{rel}","templated":true}]}}