{"id":134769,"date":"2025-10-30T10:04:51","date_gmt":"2025-10-30T09:04:51","guid":{"rendered":"https:\/\/poppers-online.ch\/produkt\/vibratore-anale-triple-thrill\/"},"modified":"2025-11-04T18:31:16","modified_gmt":"2025-11-04T17:31:16","slug":"vibratore-anale-triple-thrill","status":"publish","type":"product","link":"https:\/\/dev.poppers-online.ch\/it\/prodotto\/vibratore-anale-triple-thrill\/","title":{"rendered":"Vibratore anale Triple Thrill"},"content":{"rendered":"","protected":false},"excerpt":{"rendered":"<p data-start=\"1071\" data-end=\"1885\"><strong data-start=\"1085\" data-end=\"1113\">Extreme by Hidden Desire<\/strong> presenta una collezione unica di giocattoli anali appositamente studiati per chi vuole esplorare i propri limiti di piacere. Il <strong data-start=\"1252\" data-end=\"1283\">vibratore anale Triple Thrill<\/strong> \u00e8 stato progettato per un inserimento delicato. Una volta inserite a fondo le tre sfere, attiva il potente motore e abbandonati alle intense spinte vibranti che ti porteranno a un orgasmo esplosivo. Quando estrai lentamente il vibratore anale Triple Thrill, ti aspetta un indimenticabile climax dei sensi. Realizzato in silicone puro al 100% per garantire comfort e durata, questo vibratore offre una variet\u00e0 di modalit\u00e0 di vibrazione per un&#8217;esperienza eccitante. Scatena le tue fantasie pi\u00f9 sfrenate con il vibratore anale Triple Thrill e scopri nuovi livelli di piacere.     <\/p>\n<p data-start=\"1887\" data-end=\"2170\"><strong data-start=\"1887\" data-end=\"1910\">Dimensioni del prodotto:<\/strong> 19 \u00d7 4,5 cm<br data-start=\"1922\" data-end=\"1925\"><strong data-start=\"1925\" data-end=\"1941\">Lunghezza totale:<\/strong> 19 cm<br data-start=\"1947\" data-end=\"1950\"><strong data-start=\"1950\" data-end=\"1972\">Lunghezza inseribile:<\/strong> 10,5 cm<br data-start=\"1980\" data-end=\"1983\"><strong data-start=\"1983\" data-end=\"2006\">Diametro di inserimento:<\/strong> 2 &#8211; 3,5 cm<br data-start=\"2017\" data-end=\"2020\"><strong data-start=\"2020\" data-end=\"2033\">Materiale: <\/strong>Silicone<br data-start=\"2041\" data-end=\"2044\"><strong data-start=\"2044\" data-end=\"2064\" data-is-only-node=\"\">Ricaricabile:<\/strong> S\u00ec<br data-start=\"2067\" data-end=\"2070\"><strong data-start=\"2070\" data-end=\"2094\">Resistenza all&#8217;acqua:<\/strong> IPX6 Impermeabile<br data-start=\"2111\" data-end=\"2114\"><strong data-start=\"2114\" data-end=\"2133\">Modalit\u00e0 di vibrazione:<\/strong> 9<br data-start=\"2135\" data-end=\"2138\"><strong data-start=\"2138\" data-end=\"2154\">Tipo di batteria:<\/strong> agli ioni di litio<\/p>\n","protected":false},"featured_media":134761,"comment_status":"open","ping_status":"closed","template":"","meta":{"_acf_changed":false,"_glsr_average":0,"_glsr_ranking":0,"_glsr_reviews":0},"product_brand":[],"product_cat":[2086,172],"product_tag":[],"class_list":{"0":"post-134769","1":"product","2":"type-product","3":"status-publish","4":"has-post-thumbnail","6":"product_cat-anal-play","7":"product_cat-sex-toys","9":"first","10":"instock","11":"taxable","12":"shipping-taxable","13":"purchasable","14":"product-type-simple"},"acf":[],"_links":{"self":[{"href":"https:\/\/dev.poppers-online.ch\/it\/wp-json\/wp\/v2\/product\/134769","targetHints":{"allow":["GET"]}}],"collection":[{"href":"https:\/\/dev.poppers-online.ch\/it\/wp-json\/wp\/v2\/product"}],"about":[{"href":"https:\/\/dev.poppers-online.ch\/it\/wp-json\/wp\/v2\/types\/product"}],"replies":[{"embeddable":true,"href":"https:\/\/dev.poppers-online.ch\/it\/wp-json\/wp\/v2\/comments?post=134769"}],"wp:featuredmedia":[{"embeddable":true,"href":"https:\/\/dev.poppers-online.ch\/it\/wp-json\/wp\/v2\/media\/134761"}],"wp:attachment":[{"href":"https:\/\/dev.poppers-online.ch\/it\/wp-json\/wp\/v2\/media?parent=134769"}],"wp:term":[{"taxonomy":"product_brand","embeddable":true,"href":"https:\/\/dev.poppers-online.ch\/it\/wp-json\/wp\/v2\/product_brand?post=134769"},{"taxonomy":"product_cat","embeddable":true,"href":"https:\/\/dev.poppers-online.ch\/it\/wp-json\/wp\/v2\/product_cat?post=134769"},{"taxonomy":"product_tag","embeddable":true,"href":"https:\/\/dev.poppers-online.ch\/it\/wp-json\/wp\/v2\/product_tag?post=134769"}],"curies":[{"name":"wp","href":"https:\/\/api.w.org\/{rel}","templated":true}]}}