{"id":134801,"date":"2025-10-30T10:29:10","date_gmt":"2025-10-30T09:29:10","guid":{"rendered":"https:\/\/poppers-online.ch\/produkt\/vibratore-anale-tetra-thrill\/"},"modified":"2025-11-04T18:38:48","modified_gmt":"2025-11-04T17:38:48","slug":"vibratore-anale-tetra-thrill","status":"publish","type":"product","link":"https:\/\/dev.poppers-online.ch\/it\/prodotto\/vibratore-anale-tetra-thrill\/","title":{"rendered":"Vibratore anale Tetra Thrill"},"content":{"rendered":"","protected":false},"excerpt":{"rendered":"<p data-start=\"1071\" data-end=\"1895\"><strong data-start=\"1085\" data-end=\"1113\">Extreme by Hidden Desire<\/strong> presenta una collezione unica di giocattoli anali appositamente studiati per chi vuole testare i limiti del piacere. Il <strong data-start=\"1252\" data-end=\"1282\">vibratore anale Tetra Thrill<\/strong> \u00e8 stato appositamente modellato per un inserimento delicato. Una volta inserite a fondo le quattro sfere, attiva il potente motore e abbandonati alle intense spinte vibranti che ti porteranno a un orgasmo esplosivo. Quando estrai lentamente il vibratore anale Tetra Thrill, ti aspetta un indimenticabile climax dei sensi. Realizzato in silicone puro al 100% per garantire comfort e durata, questo vibratore offre una variet\u00e0 di modalit\u00e0 di vibrazione per un&#8217;esperienza eccitante. Lasciati andare ai tuoi desideri pi\u00f9 profondi con il vibratore anale Tetra Thrill e sperimenta nuove dimensioni del piacere.     <\/p>\n<p data-start=\"1897\" data-end=\"2184\"><strong data-start=\"1897\" data-end=\"1920\">Dimensioni del prodotto:<\/strong> 21,5 \u00d7 4,5 cm<br data-start=\"1934\" data-end=\"1937\"><strong data-start=\"1937\" data-end=\"1953\">Lunghezza totale:<\/strong> 21,5 cm<br data-start=\"1961\" data-end=\"1964\"><strong data-start=\"1964\" data-end=\"1986\">Lunghezza inseribile:<\/strong> 13,5 cm<br data-start=\"1994\" data-end=\"1997\"><strong data-start=\"1997\" data-end=\"2020\">Diametro di inserimento:<\/strong> 2 &#8211; 3,5 cm<br data-start=\"2031\" data-end=\"2034\"><strong data-start=\"2034\" data-end=\"2047\">Materiale: <\/strong>Silicone<br data-start=\"2055\" data-end=\"2058\"><strong data-start=\"2058\" data-end=\"2078\" data-is-only-node=\"\">Ricaricabile:<\/strong> S\u00ec<br data-start=\"2081\" data-end=\"2084\"><strong data-start=\"2084\" data-end=\"2108\">Resistenza all&#8217;acqua:<\/strong> IPX6 Impermeabile<br data-start=\"2125\" data-end=\"2128\"><strong data-start=\"2128\" data-end=\"2147\">Modalit\u00e0 di vibrazione:<\/strong> 9<br data-start=\"2149\" data-end=\"2152\"><strong data-start=\"2152\" data-end=\"2168\">Tipo di batteria:<\/strong> agli ioni di litio<\/p>\n","protected":false},"featured_media":134793,"comment_status":"open","ping_status":"closed","template":"","meta":{"_acf_changed":false,"_glsr_average":0,"_glsr_ranking":0,"_glsr_reviews":0},"product_brand":[],"product_cat":[2086,172],"product_tag":[],"class_list":{"0":"post-134801","1":"product","2":"type-product","3":"status-publish","4":"has-post-thumbnail","6":"product_cat-anal-play","7":"product_cat-sex-toys","9":"first","10":"instock","11":"taxable","12":"shipping-taxable","13":"purchasable","14":"product-type-simple"},"acf":[],"_links":{"self":[{"href":"https:\/\/dev.poppers-online.ch\/it\/wp-json\/wp\/v2\/product\/134801","targetHints":{"allow":["GET"]}}],"collection":[{"href":"https:\/\/dev.poppers-online.ch\/it\/wp-json\/wp\/v2\/product"}],"about":[{"href":"https:\/\/dev.poppers-online.ch\/it\/wp-json\/wp\/v2\/types\/product"}],"replies":[{"embeddable":true,"href":"https:\/\/dev.poppers-online.ch\/it\/wp-json\/wp\/v2\/comments?post=134801"}],"wp:featuredmedia":[{"embeddable":true,"href":"https:\/\/dev.poppers-online.ch\/it\/wp-json\/wp\/v2\/media\/134793"}],"wp:attachment":[{"href":"https:\/\/dev.poppers-online.ch\/it\/wp-json\/wp\/v2\/media?parent=134801"}],"wp:term":[{"taxonomy":"product_brand","embeddable":true,"href":"https:\/\/dev.poppers-online.ch\/it\/wp-json\/wp\/v2\/product_brand?post=134801"},{"taxonomy":"product_cat","embeddable":true,"href":"https:\/\/dev.poppers-online.ch\/it\/wp-json\/wp\/v2\/product_cat?post=134801"},{"taxonomy":"product_tag","embeddable":true,"href":"https:\/\/dev.poppers-online.ch\/it\/wp-json\/wp\/v2\/product_tag?post=134801"}],"curies":[{"name":"wp","href":"https:\/\/api.w.org\/{rel}","templated":true}]}}