{"id":137321,"date":"2025-11-20T14:03:06","date_gmt":"2025-11-20T13:03:06","guid":{"rendered":"https:\/\/poppers-online.ch\/produkt\/fuck-fist-lubrificante-ibrido-ff-500ml\/"},"modified":"2025-11-20T14:30:52","modified_gmt":"2025-11-20T13:30:52","slug":"fuck-fist-lubrificante-ibrido-ff-500ml","status":"publish","type":"product","link":"https:\/\/dev.poppers-online.ch\/it\/prodotto\/fuck-fist-lubrificante-ibrido-ff-500ml\/","title":{"rendered":"Fuck &amp; Fist &#8211; Lubrificante ibrido FF 500ml"},"content":{"rendered":"","protected":false},"excerpt":{"rendered":"<p data-start=\"160\" data-end=\"814\">FF-Sessions waren noch nie so einfach!<br data-start=\"230\" data-end=\"233\">Das <strong data-start=\"237\" data-end=\"260\">Fuck &amp; Fist &#8211; Hybrid FF Lube 500ml<\/strong> in der grossz\u00fcgigen 500-ml-Flasche ist Dein Go-to-Gleitgel speziell beim Fisting und intensivem Anal Play. Mit seiner Hybrid-Formel aus Wasser und Silikon sorgt es f\u00fcr eine ultra-glatte, langanhaltende Gleitf\u00e4higkeit, die selbst bei h\u00e4rtesten Sessions nicht nachl\u00e4sst.<br data-start=\"528\" data-end=\"531\">Die cremige, dicke Textur gleitet wie Butter und bleibt genau dort, wo du sie brauchst, ohne zu verlaufen. Kompatibel mit Latex bietet dir dieses Lube volle Sicherheit und maximalen Komfort, egal wie tief du gehst. Perfekt f\u00fcr alle, die wissen, was sie tun \u2013 oder es herausfinden wollen.   <\/p>\n<p data-start=\"816\" data-end=\"954\">\u2714 Gel a base di silicone e acqua<br data-start=\"848\" data-end=\"851\">\u2714 Lubrificante per sesso anale e giochi FF<br data-start=\"886\" data-end=\"889\">\u2714 Per intense ore di piacere<br data-start=\"916\" data-end=\"919\">\u2714 Estremamente economico<br data-start=\"936\" data-end=\"939\">\u2714 Barattolo da 500 ml<\/p>\n","protected":false},"featured_media":137317,"comment_status":"open","ping_status":"closed","template":"","meta":{"_acf_changed":false,"_glsr_average":0,"_glsr_ranking":0,"_glsr_reviews":0},"product_brand":[],"product_cat":[2068,168],"product_tag":[],"class_list":{"0":"post-137321","1":"product","2":"type-product","3":"status-publish","4":"has-post-thumbnail","6":"product_cat-lubrificanti","7":"product_cat-farmacia","9":"first","10":"outofstock","11":"taxable","12":"shipping-taxable","13":"purchasable","14":"product-type-simple"},"acf":[],"_links":{"self":[{"href":"https:\/\/dev.poppers-online.ch\/it\/wp-json\/wp\/v2\/product\/137321","targetHints":{"allow":["GET"]}}],"collection":[{"href":"https:\/\/dev.poppers-online.ch\/it\/wp-json\/wp\/v2\/product"}],"about":[{"href":"https:\/\/dev.poppers-online.ch\/it\/wp-json\/wp\/v2\/types\/product"}],"replies":[{"embeddable":true,"href":"https:\/\/dev.poppers-online.ch\/it\/wp-json\/wp\/v2\/comments?post=137321"}],"wp:featuredmedia":[{"embeddable":true,"href":"https:\/\/dev.poppers-online.ch\/it\/wp-json\/wp\/v2\/media\/137317"}],"wp:attachment":[{"href":"https:\/\/dev.poppers-online.ch\/it\/wp-json\/wp\/v2\/media?parent=137321"}],"wp:term":[{"taxonomy":"product_brand","embeddable":true,"href":"https:\/\/dev.poppers-online.ch\/it\/wp-json\/wp\/v2\/product_brand?post=137321"},{"taxonomy":"product_cat","embeddable":true,"href":"https:\/\/dev.poppers-online.ch\/it\/wp-json\/wp\/v2\/product_cat?post=137321"},{"taxonomy":"product_tag","embeddable":true,"href":"https:\/\/dev.poppers-online.ch\/it\/wp-json\/wp\/v2\/product_tag?post=137321"}],"curies":[{"name":"wp","href":"https:\/\/api.w.org\/{rel}","templated":true}]}}