{"id":137346,"date":"2025-11-20T15:10:34","date_gmt":"2025-11-20T14:10:34","guid":{"rendered":"https:\/\/poppers-online.ch\/produkt\/lubrificante-al-silicone-fuck-fist-250ml\/"},"modified":"2025-11-20T16:24:02","modified_gmt":"2025-11-20T15:24:02","slug":"lubrificante-al-silicone-fuck-fist-250ml","status":"publish","type":"product","link":"https:\/\/dev.poppers-online.ch\/it\/prodotto\/lubrificante-al-silicone-fuck-fist-250ml\/","title":{"rendered":"Lubrificante al silicone Fuck &amp; Fist 250ml"},"content":{"rendered":"","protected":false},"excerpt":{"rendered":"<p data-start=\"224\" data-end=\"1071\"><strong data-start=\"224\" data-end=\"259\">Fuck &amp; Fist Silicone Lube 250ml<\/strong> \u00e8 il compagno ideale per tutti coloro che amano il gioco intenso e profondo!<br data-start=\"327\" data-end=\"330\">Questo lubrificante a base di silicone colpisce per la sua consistenza piacevolmente fluida e offre un comfort costante e duraturo, sia durante il fisting, che durante un intenso gioco anale o altri tipi di gioco impegnativi. Nessuna pellicola grassa, nessuna appiccicosit\u00e0: Solo una scorrevolezza fluida e affidabile che ti porta avanti senza sforzo.<br data-start=\"637\" data-end=\"640\">Grazie al pratico flacone a pompa, il gel pu\u00f2 essere erogato in modo semplice e pulito: una spremuta e sei pronto per il prossimo giro. Va da s\u00e9 che il lubrificante \u00e8 compatibile con i preservativi, cos\u00ec potrai concentrarti sulla tua esperienza in modo sicuro e rilassato. Non importa quanto profondo o intenso sia il tuo gioco: <strong data-start=\"962\" data-end=\"997\">Fuck &amp; Fist Silicone Lube 250ml<\/strong> ti supporta in modo affidabile fino ai tuoi limiti &#8211; e oltre.<\/p>\n<p data-start=\"1073\" data-end=\"1187\">\u2714 Lubrificante personale a base di silicone<br data-start=\"1100\" data-end=\"1103\">\u2714 Ideale per il sesso anale e il gioco FF<br data-start=\"1132\" data-end=\"1135\">\u2714 Perfetto per le sessioni intense<br data-start=\"1167\" data-end=\"1170\">\u2714 Molto economico<\/p>\n","protected":false},"featured_media":137344,"comment_status":"open","ping_status":"closed","template":"","meta":{"_acf_changed":false,"_glsr_average":0,"_glsr_ranking":0,"_glsr_reviews":0},"product_brand":[],"product_cat":[2068,168],"product_tag":[],"class_list":{"0":"post-137346","1":"product","2":"type-product","3":"status-publish","4":"has-post-thumbnail","6":"product_cat-lubrificanti","7":"product_cat-farmacia","9":"first","10":"instock","11":"taxable","12":"shipping-taxable","13":"purchasable","14":"product-type-simple"},"acf":[],"_links":{"self":[{"href":"https:\/\/dev.poppers-online.ch\/it\/wp-json\/wp\/v2\/product\/137346","targetHints":{"allow":["GET"]}}],"collection":[{"href":"https:\/\/dev.poppers-online.ch\/it\/wp-json\/wp\/v2\/product"}],"about":[{"href":"https:\/\/dev.poppers-online.ch\/it\/wp-json\/wp\/v2\/types\/product"}],"replies":[{"embeddable":true,"href":"https:\/\/dev.poppers-online.ch\/it\/wp-json\/wp\/v2\/comments?post=137346"}],"wp:featuredmedia":[{"embeddable":true,"href":"https:\/\/dev.poppers-online.ch\/it\/wp-json\/wp\/v2\/media\/137344"}],"wp:attachment":[{"href":"https:\/\/dev.poppers-online.ch\/it\/wp-json\/wp\/v2\/media?parent=137346"}],"wp:term":[{"taxonomy":"product_brand","embeddable":true,"href":"https:\/\/dev.poppers-online.ch\/it\/wp-json\/wp\/v2\/product_brand?post=137346"},{"taxonomy":"product_cat","embeddable":true,"href":"https:\/\/dev.poppers-online.ch\/it\/wp-json\/wp\/v2\/product_cat?post=137346"},{"taxonomy":"product_tag","embeddable":true,"href":"https:\/\/dev.poppers-online.ch\/it\/wp-json\/wp\/v2\/product_tag?post=137346"}],"curies":[{"name":"wp","href":"https:\/\/api.w.org\/{rel}","templated":true}]}}