{"id":137361,"date":"2025-11-20T16:18:40","date_gmt":"2025-11-20T15:18:40","guid":{"rendered":"https:\/\/poppers-online.ch\/produkt\/lubrificante-al-silicone-fuck-fist-500ml\/"},"modified":"2025-11-20T16:49:18","modified_gmt":"2025-11-20T15:49:18","slug":"lubrificante-al-silicone-fuck-fist-500ml","status":"publish","type":"product","link":"https:\/\/dev.poppers-online.ch\/it\/prodotto\/lubrificante-al-silicone-fuck-fist-500ml\/","title":{"rendered":"Lubrificante al silicone Fuck &amp; Fist 500ml"},"content":{"rendered":"","protected":false},"excerpt":{"rendered":"<p data-start=\"203\" data-end=\"1050\"><strong data-start=\"203\" data-end=\"238\">Fuck &amp; Fist Silicone Lube 500ml<\/strong> \u00e8 il compagno ideale per tutti coloro che amano il gioco intenso e profondo!<br data-start=\"306\" data-end=\"309\">Questo lubrificante a base di silicone colpisce per la sua consistenza piacevolmente fluida e offre un comfort costante e duraturo, sia durante il fisting, che durante un intenso gioco anale o altri tipi di gioco impegnativi. Nessuna pellicola grassa, nessuna appiccicosit\u00e0: Solo una scorrevolezza fluida e affidabile che ti porta avanti senza sforzo.<br data-start=\"616\" data-end=\"619\">Grazie al pratico flacone a pompa, il gel pu\u00f2 essere erogato in modo semplice e pulito: una spremuta e sei pronto per il prossimo giro. Va da s\u00e9 che il lubrificante \u00e8 compatibile con i preservativi, cos\u00ec potrai concentrarti sulla tua esperienza in modo sicuro e rilassato. Non importa quanto profondo o intenso sia il tuo gioco: <strong data-start=\"941\" data-end=\"976\">Fuck &amp; Fist Silicone Lube 500ml<\/strong> ti supporta in modo affidabile fino ai tuoi limiti &#8211; e oltre.<\/p>\n<p data-start=\"1052\" data-end=\"1166\">\u2714 Lubrificante personale a base di silicone<br data-start=\"1079\" data-end=\"1082\">\u2714 Ideale per il sesso anale e il gioco FF<br data-start=\"1111\" data-end=\"1114\">\u2714 Perfetto per le sessioni intense<br data-start=\"1146\" data-end=\"1149\">\u2714 Molto economico<\/p>\n","protected":false},"featured_media":137359,"comment_status":"open","ping_status":"closed","template":"","meta":{"_acf_changed":false,"_glsr_average":0,"_glsr_ranking":0,"_glsr_reviews":0},"product_brand":[],"product_cat":[2068,168],"product_tag":[],"class_list":{"0":"post-137361","1":"product","2":"type-product","3":"status-publish","4":"has-post-thumbnail","6":"product_cat-lubrificanti","7":"product_cat-farmacia","9":"first","10":"instock","11":"taxable","12":"shipping-taxable","13":"purchasable","14":"product-type-simple"},"acf":[],"_links":{"self":[{"href":"https:\/\/dev.poppers-online.ch\/it\/wp-json\/wp\/v2\/product\/137361","targetHints":{"allow":["GET"]}}],"collection":[{"href":"https:\/\/dev.poppers-online.ch\/it\/wp-json\/wp\/v2\/product"}],"about":[{"href":"https:\/\/dev.poppers-online.ch\/it\/wp-json\/wp\/v2\/types\/product"}],"replies":[{"embeddable":true,"href":"https:\/\/dev.poppers-online.ch\/it\/wp-json\/wp\/v2\/comments?post=137361"}],"wp:featuredmedia":[{"embeddable":true,"href":"https:\/\/dev.poppers-online.ch\/it\/wp-json\/wp\/v2\/media\/137359"}],"wp:attachment":[{"href":"https:\/\/dev.poppers-online.ch\/it\/wp-json\/wp\/v2\/media?parent=137361"}],"wp:term":[{"taxonomy":"product_brand","embeddable":true,"href":"https:\/\/dev.poppers-online.ch\/it\/wp-json\/wp\/v2\/product_brand?post=137361"},{"taxonomy":"product_cat","embeddable":true,"href":"https:\/\/dev.poppers-online.ch\/it\/wp-json\/wp\/v2\/product_cat?post=137361"},{"taxonomy":"product_tag","embeddable":true,"href":"https:\/\/dev.poppers-online.ch\/it\/wp-json\/wp\/v2\/product_tag?post=137361"}],"curies":[{"name":"wp","href":"https:\/\/api.w.org\/{rel}","templated":true}]}}