{"id":138208,"date":"2025-11-27T13:04:19","date_gmt":"2025-11-27T12:04:19","guid":{"rendered":"https:\/\/poppers-online.ch\/produkt\/lubrificante-a-base-dacqua-fuck-fist-500ml\/"},"modified":"2025-11-30T14:12:24","modified_gmt":"2025-11-30T13:12:24","slug":"lubrificante-a-base-dacqua-fuck-fist-500ml","status":"publish","type":"product","link":"https:\/\/dev.poppers-online.ch\/it\/prodotto\/lubrificante-a-base-dacqua-fuck-fist-500ml\/","title":{"rendered":"Lubrificante a base d&#8217;acqua Fuck &amp; Fist 500ml"},"content":{"rendered":"","protected":false},"excerpt":{"rendered":"<p data-start=\"112\" data-end=\"201\"><strong data-start=\"112\" data-end=\"201\">Fuck &amp; Fist Waterbased Lube 500ml &#8211; il partner perfetto per momenti profondi e intensi<\/strong><\/p>\n<p data-start=\"203\" data-end=\"499\">Questo lubrificante a base d&#8217;acqua colpisce per la sua consistenza piacevolmente fluida e ti offre il massimo comfort durante il fisting, l&#8217;intenso gioco anale o altre sessioni passionali. Nessuna pellicola grassa, nessuna appiccicosit\u00e0: solo un piacere puro e scorrevole che ti porta delicatamente e in modo affidabile pi\u00f9 lontano. <\/p>\n<p data-start=\"501\" data-end=\"853\">Il pratico flacone a pompa garantisce un&#8217;applicazione facile e pulita: una spremuta e sei subito pronto per il prossimo round. Naturalmente, il gel \u00e8 compatibile con i preservativi, cos\u00ec potrai sfogarti in tutta sicurezza e tranquillit\u00e0. Non importa fino a che punto ti spingerai: <strong data-start=\"750\" data-end=\"787\">Fuck &amp; Fist Waterbased Lube 500ml<\/strong> rimane al tuo fianco e ti supporta fino ai tuoi limiti.  <\/p>\n<p data-start=\"855\" data-end=\"996\"><strong data-start=\"855\" data-end=\"877\">Punti di forza del prodotto<\/strong><br data-start=\"877\" data-end=\"880\">\u2714 Lubrificante a base d&#8217;acqua<br data-start=\"906\" data-end=\"909\">\u2714 Ideale per il sesso anale e il gioco FF<br data-start=\"938\" data-end=\"941\">\u2714 Perfetto per intensi momenti di piacere<br data-start=\"976\" data-end=\"979\">\u2714 Molto economico<\/p>\n","protected":false},"featured_media":138206,"comment_status":"open","ping_status":"closed","template":"","meta":{"_acf_changed":false,"_glsr_average":0,"_glsr_ranking":0,"_glsr_reviews":0},"product_brand":[],"product_cat":[2068,168],"product_tag":[],"class_list":{"0":"post-138208","1":"product","2":"type-product","3":"status-publish","4":"has-post-thumbnail","6":"product_cat-lubrificanti","7":"product_cat-farmacia","9":"first","10":"outofstock","11":"taxable","12":"shipping-taxable","13":"purchasable","14":"product-type-simple"},"acf":[],"_links":{"self":[{"href":"https:\/\/dev.poppers-online.ch\/it\/wp-json\/wp\/v2\/product\/138208","targetHints":{"allow":["GET"]}}],"collection":[{"href":"https:\/\/dev.poppers-online.ch\/it\/wp-json\/wp\/v2\/product"}],"about":[{"href":"https:\/\/dev.poppers-online.ch\/it\/wp-json\/wp\/v2\/types\/product"}],"replies":[{"embeddable":true,"href":"https:\/\/dev.poppers-online.ch\/it\/wp-json\/wp\/v2\/comments?post=138208"}],"wp:featuredmedia":[{"embeddable":true,"href":"https:\/\/dev.poppers-online.ch\/it\/wp-json\/wp\/v2\/media\/138206"}],"wp:attachment":[{"href":"https:\/\/dev.poppers-online.ch\/it\/wp-json\/wp\/v2\/media?parent=138208"}],"wp:term":[{"taxonomy":"product_brand","embeddable":true,"href":"https:\/\/dev.poppers-online.ch\/it\/wp-json\/wp\/v2\/product_brand?post=138208"},{"taxonomy":"product_cat","embeddable":true,"href":"https:\/\/dev.poppers-online.ch\/it\/wp-json\/wp\/v2\/product_cat?post=138208"},{"taxonomy":"product_tag","embeddable":true,"href":"https:\/\/dev.poppers-online.ch\/it\/wp-json\/wp\/v2\/product_tag?post=138208"}],"curies":[{"name":"wp","href":"https:\/\/api.w.org\/{rel}","templated":true}]}}