{"id":26624,"date":"2022-04-30T14:11:28","date_gmt":"2022-04-30T12:11:28","guid":{"rendered":"https:\/\/poppers-online.ch\/?post_type=product&#038;p=26624"},"modified":"2025-10-23T12:39:31","modified_gmt":"2025-10-23T10:39:31","slug":"fist-lube-xtrm-500ml-puo","status":"publish","type":"product","link":"https:\/\/dev.poppers-online.ch\/it\/prodotto\/fist-lube-xtrm-500ml-puo\/","title":{"rendered":"Fist Lube XTRM 500ml pu\u00f2"},"content":{"rendered":"<p><span data-sheets-value=\"{&quot;1&quot;:2,&quot;2&quot;:&quot;Il Fist Lube della marca XTRM \u00e8 stato sviluppato per tutti i giocatori di fisting e specialmente per il fisting. Questo lubrificante premium assicura giochi di penetrazione rilassati nella zona anale. Formula ibrida XTRM. Gel lubrificante a base d'acqua. Di lunga durata e molto scivoloso. Compatibile con i preservativi in lattice. Senza olio e grasso. Fist Lube di XTRM si lava facilmente con acqua e sapone. Questo significa che se il Fist Lube dovesse fluire sul pavimento o nell'imbragatura, potete essere sicuri di poterlo pulire. Questo prodotto di qualit\u00e0 \u00e8 fabbricato in Germania sotto controlli di qualit\u00e0 tedeschi e si presenta in una pratica lattina da 500 ml.&quot;}\" data-sheets-userformat=\"{&quot;2&quot;:515,&quot;3&quot;:{&quot;1&quot;:0},&quot;4&quot;:{&quot;1&quot;:2,&quot;2&quot;:65535},&quot;12&quot;:0}\">Il Fist Lube della marca XTRM \u00e8 stato sviluppato per tutti i giocatori di fisting e specialmente per il fisting. Questo lubrificante premium assicura giochi di penetrazione rilassati nella zona anale. Formula ibrida XTRM. Gel lubrificante a base d&#8217;acqua. Di lunga durata e molto scivoloso. Compatibile con i preservativi in lattice. Senza olio e grasso. Fist Lube di XTRM si lava facilmente con acqua e sapone. Questo significa che se il Fist Lube dovesse fluire sul pavimento o nell&#8217;imbragatura, potete essere sicuri di poterlo pulire. Questo prodotto di qualit\u00e0 \u00e8 fabbricato in Germania sotto controlli di qualit\u00e0 tedeschi e si presenta in una pratica lattina da 500 ml.<\/span><\/p>\n","protected":false},"excerpt":{"rendered":"<p><span data-sheets-value=\"{&quot;1&quot;:2,&quot;2&quot;:&quot;Il Fist Lube della marca XTRM \u00e8 stato sviluppato per tutti i giocatori di fisting e specialmente per il fisting. Questo lubrificante premium assicura giochi di penetrazione rilassati nella zona anale. Formula ibrida XTRM. Gel lubrificante a base d'acqua. Di lunga durata e molto scivoloso. Compatibile con i preservativi in lattice. Senza olio e grasso. Fist Lube di XTRM si lava facilmente con acqua e sapone. Questo significa che se il Fist Lube dovesse fluire sul pavimento o nell'imbragatura, potete essere sicuri di poterlo pulire. Questo prodotto di qualit\u00e0 \u00e8 fabbricato in Germania sotto controlli di qualit\u00e0 tedeschi e si presenta in una pratica lattina da 500 ml.&quot;}\" data-sheets-userformat=\"{&quot;2&quot;:515,&quot;3&quot;:{&quot;1&quot;:0},&quot;4&quot;:{&quot;1&quot;:2,&quot;2&quot;:65535},&quot;12&quot;:0}\">Il Fist Lube della marca XTRM \u00e8 stato sviluppato per tutti i giocatori di fisting e specialmente per il fisting. Questo lubrificante premium assicura giochi di penetrazione rilassati nella zona anale. Formula ibrida XTRM. Gel lubrificante a base d&#8217;acqua. Di lunga durata e molto scivoloso. Compatibile con i preservativi in lattice. Senza olio e grasso. Fist Lube di XTRM si lava facilmente con acqua e sapone. Questo significa che se il Fist Lube dovesse fluire sul pavimento o nell&#8217;imbragatura, potete essere sicuri di poterlo pulire. Questo prodotto di qualit\u00e0 \u00e8 fabbricato in Germania sotto controlli di qualit\u00e0 tedeschi e si presenta in una pratica lattina da 500 ml.<\/span><\/p>\n","protected":false},"featured_media":137220,"comment_status":"open","ping_status":"closed","template":"","meta":{"_acf_changed":false,"_glsr_average":0,"_glsr_ranking":0,"_glsr_reviews":0},"product_brand":[],"product_cat":[2068,168],"product_tag":[],"class_list":{"0":"post-26624","1":"product","2":"type-product","3":"status-publish","4":"has-post-thumbnail","6":"product_cat-lubrificanti","7":"product_cat-farmacia","9":"first","10":"instock","11":"taxable","12":"shipping-taxable","13":"purchasable","14":"product-type-simple"},"acf":[],"_links":{"self":[{"href":"https:\/\/dev.poppers-online.ch\/it\/wp-json\/wp\/v2\/product\/26624","targetHints":{"allow":["GET"]}}],"collection":[{"href":"https:\/\/dev.poppers-online.ch\/it\/wp-json\/wp\/v2\/product"}],"about":[{"href":"https:\/\/dev.poppers-online.ch\/it\/wp-json\/wp\/v2\/types\/product"}],"replies":[{"embeddable":true,"href":"https:\/\/dev.poppers-online.ch\/it\/wp-json\/wp\/v2\/comments?post=26624"}],"wp:featuredmedia":[{"embeddable":true,"href":"https:\/\/dev.poppers-online.ch\/it\/wp-json\/wp\/v2\/media\/137220"}],"wp:attachment":[{"href":"https:\/\/dev.poppers-online.ch\/it\/wp-json\/wp\/v2\/media?parent=26624"}],"wp:term":[{"taxonomy":"product_brand","embeddable":true,"href":"https:\/\/dev.poppers-online.ch\/it\/wp-json\/wp\/v2\/product_brand?post=26624"},{"taxonomy":"product_cat","embeddable":true,"href":"https:\/\/dev.poppers-online.ch\/it\/wp-json\/wp\/v2\/product_cat?post=26624"},{"taxonomy":"product_tag","embeddable":true,"href":"https:\/\/dev.poppers-online.ch\/it\/wp-json\/wp\/v2\/product_tag?post=26624"}],"curies":[{"name":"wp","href":"https:\/\/api.w.org\/{rel}","templated":true}]}}