{"id":31166,"date":"2022-07-10T20:41:36","date_gmt":"2022-07-10T18:41:36","guid":{"rendered":"https:\/\/poppers-online.ch\/?post_type=product&#038;p=31166"},"modified":"2025-10-23T12:59:42","modified_gmt":"2025-10-23T10:59:42","slug":"double-mega-rush-30ml","status":"publish","type":"product","link":"https:\/\/dev.poppers-online.ch\/it\/prodotto\/double-mega-rush-30ml\/","title":{"rendered":"Double Mega Rush 30ml"},"content":{"rendered":"<p><span data-sheets-value=\"{\"1\":2,\"2\":\"Rush 30ml. Rush ist das meistverkaufte Poppers weltweit, in Europa und auch in der Schweiz. Mega Rush ist hergestellt auf Basis Hexylnitrit und wird auch dich und deine Freunde begeistern.\"}\" data-sheets-userformat=\"{\"2\":1391105,\"3\":{\"1\":0},\"12\":0,\"14\":{\"1\":2,\"2\":0},\"15\":\"Poppins, sans-serif\",\"16\":10,\"19\":0,\"21\":0,\"23\":1}\"> <\/span><\/p>\n<div id=\"a36bb854c610d44-autofill-overlay-host\" class=\"a36bb854c610d44-autofill-overlay-host\" style=\"position: absolute;z-index: 10;top: 0px;left: 0px;width: 0\">\n<div><\/div>\n<\/div>\n<div id=\"a36bb854c610d44-autofill-overlay-host\" class=\"a36bb854c610d44-autofill-overlay-host\" style=\"position: absolute;z-index: 10;top: 0px;left: 0px;width: 0\">\n<div><\/div>\n<\/div>\n","protected":false},"excerpt":{"rendered":"<p><span data-sheets-value=\"{\"1\":2,\"2\":\"Rush 30ml. Rush ist das meistverkaufte Poppers weltweit, in Europa und auch in der Schweiz. Mega Rush ist hergestellt auf Basis Hexylnitrit und wird auch dich und deine Freunde begeistern.\"}\" data-sheets-userformat=\"{\"2\":1391105,\"3\":{\"1\":0},\"12\":0,\"14\":{\"1\":2,\"2\":0},\"15\":\"Poppins, sans-serif\",\"16\":10,\"19\":0,\"21\":0,\"23\":1}\"><a href=\"https:\/\/dev.poppers-online.ch\/it\/prodotto\/mega-rush-30ml\/\">Mega Rush doppio 30ml<\/a>: Rush \u00e8 il Popper pi\u00f9 venduto in tutto il mondo, in Europa e anche in Svizzera. Mega Rush \u00e8 prodotto a base di nitrito di esile e ispirer\u00e0 anche te e i tuoi amici. Approfitta del prezzo vantaggioso della confezione doppia e ordina oggi stesso.<br \/>\n<\/span><\/p>\n<div id=\"a36bb854c610d44-autofill-overlay-host\" class=\"a36bb854c610d44-autofill-overlay-host\" style=\"position: absolute;z-index: 10;top: 0px;left: 0px;width: 0\">\n<div><\/div>\n<\/div>\n<div id=\"a36bb854c610d44-autofill-overlay-host\" class=\"a36bb854c610d44-autofill-overlay-host\" style=\"position: absolute;z-index: 10;top: 0px;left: 0px;width: 0\">\n<div><\/div>\n<\/div>\n","protected":false},"featured_media":31160,"comment_status":"open","ping_status":"closed","template":"","meta":{"_acf_changed":false,"_glsr_average":0,"_glsr_ranking":0,"_glsr_reviews":0},"product_brand":[],"product_cat":[1047,104,109],"product_tag":[],"class_list":{"0":"post-31166","1":"product","2":"type-product","3":"status-publish","4":"has-post-thumbnail","6":"product_cat-popper","7":"product_cat-confezioni-value","8":"product_cat-boccette-grandi","9":"pa_flaschenform-rotonda-grande","10":"pa_gewindegroesse-piccola","11":"pa_inhalt-combo","12":"pa_inhalt-30ml","13":"pa_inhaltsstoffe-nitrito-esile","14":"pa_marke-rush-popper","15":"pa_staerke-106","17":"first","18":"instock","19":"sale","20":"taxable","21":"shipping-taxable","22":"purchasable","23":"product-type-simple"},"acf":[],"_links":{"self":[{"href":"https:\/\/dev.poppers-online.ch\/it\/wp-json\/wp\/v2\/product\/31166","targetHints":{"allow":["GET"]}}],"collection":[{"href":"https:\/\/dev.poppers-online.ch\/it\/wp-json\/wp\/v2\/product"}],"about":[{"href":"https:\/\/dev.poppers-online.ch\/it\/wp-json\/wp\/v2\/types\/product"}],"replies":[{"embeddable":true,"href":"https:\/\/dev.poppers-online.ch\/it\/wp-json\/wp\/v2\/comments?post=31166"}],"wp:featuredmedia":[{"embeddable":true,"href":"https:\/\/dev.poppers-online.ch\/it\/wp-json\/wp\/v2\/media\/31160"}],"wp:attachment":[{"href":"https:\/\/dev.poppers-online.ch\/it\/wp-json\/wp\/v2\/media?parent=31166"}],"wp:term":[{"taxonomy":"product_brand","embeddable":true,"href":"https:\/\/dev.poppers-online.ch\/it\/wp-json\/wp\/v2\/product_brand?post=31166"},{"taxonomy":"product_cat","embeddable":true,"href":"https:\/\/dev.poppers-online.ch\/it\/wp-json\/wp\/v2\/product_cat?post=31166"},{"taxonomy":"product_tag","embeddable":true,"href":"https:\/\/dev.poppers-online.ch\/it\/wp-json\/wp\/v2\/product_tag?post=31166"}],"curies":[{"name":"wp","href":"https:\/\/api.w.org\/{rel}","templated":true}]}}