{"id":37333,"date":"2022-10-09T15:21:59","date_gmt":"2022-10-09T13:21:59","guid":{"rendered":"https:\/\/poppers-online.ch\/?post_type=product&#038;p=37333"},"modified":"2024-10-16T00:40:27","modified_gmt":"2024-10-15T22:40:27","slug":"popper-inhaler-double-steel-titan","status":"publish","type":"product","link":"https:\/\/dev.poppers-online.ch\/it\/prodotto\/popper-inhaler-double-steel-titan\/","title":{"rendered":"Popper Inhaler Double Steel Titan"},"content":{"rendered":"","protected":false},"excerpt":{"rendered":"<p>Questo inalatore doppio con chiusura magnetica e design a presa \u00e8 persino rivestito in titanio. Entrambe le parti della cassa sono accuratamente rivestite in titanio. La chiusura \u00e8 pratica perch\u00e9 magnetica. La fornitura comprende un inalatore e un cinturino in pelle. Con questo inalatore di alta qualit\u00e0, si acquista un prodotto di qualit\u00e0 speciale. Ecco come preparare l&#8217;inalatore per l&#8217;uso: Svitare i due perni metallici. Imbevete il cotone idrofilo o due bastoncini di cotone idrofilo con una quantit\u00e0 sufficiente di popper. Inserite il cotone idrofilo o i bastoncini di cotone idrofilo nei due perni metallici e riavvitate i perni metallici sull&#8217;inalatore. Ora siete pronti per l&#8217;uso del doppio popper del nostro inalatore doppio.<\/p>\n","protected":false},"featured_media":37343,"comment_status":"open","ping_status":"closed","template":"","meta":{"_acf_changed":false,"_glsr_average":0,"_glsr_ranking":0,"_glsr_reviews":0},"product_brand":[],"product_cat":[151,1309],"product_tag":[],"class_list":{"0":"post-37333","1":"product","2":"type-product","3":"status-publish","4":"has-post-thumbnail","6":"product_cat-accessori-popper","7":"product_cat-inalatore","9":"first","10":"instock","11":"taxable","12":"shipping-taxable","13":"purchasable","14":"product-type-simple"},"acf":[],"_links":{"self":[{"href":"https:\/\/dev.poppers-online.ch\/it\/wp-json\/wp\/v2\/product\/37333","targetHints":{"allow":["GET"]}}],"collection":[{"href":"https:\/\/dev.poppers-online.ch\/it\/wp-json\/wp\/v2\/product"}],"about":[{"href":"https:\/\/dev.poppers-online.ch\/it\/wp-json\/wp\/v2\/types\/product"}],"replies":[{"embeddable":true,"href":"https:\/\/dev.poppers-online.ch\/it\/wp-json\/wp\/v2\/comments?post=37333"}],"wp:featuredmedia":[{"embeddable":true,"href":"https:\/\/dev.poppers-online.ch\/it\/wp-json\/wp\/v2\/media\/37343"}],"wp:attachment":[{"href":"https:\/\/dev.poppers-online.ch\/it\/wp-json\/wp\/v2\/media?parent=37333"}],"wp:term":[{"taxonomy":"product_brand","embeddable":true,"href":"https:\/\/dev.poppers-online.ch\/it\/wp-json\/wp\/v2\/product_brand?post=37333"},{"taxonomy":"product_cat","embeddable":true,"href":"https:\/\/dev.poppers-online.ch\/it\/wp-json\/wp\/v2\/product_cat?post=37333"},{"taxonomy":"product_tag","embeddable":true,"href":"https:\/\/dev.poppers-online.ch\/it\/wp-json\/wp\/v2\/product_tag?post=37333"}],"curies":[{"name":"wp","href":"https:\/\/api.w.org\/{rel}","templated":true}]}}