{"id":37351,"date":"2022-10-09T16:31:51","date_gmt":"2022-10-09T14:31:51","guid":{"rendered":"https:\/\/poppers-online.ch\/?post_type=product&#038;p=37351"},"modified":"2025-10-23T12:39:25","modified_gmt":"2025-10-23T10:39:25","slug":"holiday-combo-4-bottiglie-10ml","status":"publish","type":"product","link":"https:\/\/dev.poppers-online.ch\/it\/prodotto\/holiday-combo-4-bottiglie-10ml\/","title":{"rendered":"Combo Holiday 4 boccette 10ml"},"content":{"rendered":"<p>Con l&#8217;Holiday Combo avrete con voi la OXY Edition completa quando sarete in viaggio. I Super Extreme Slut Popper, nel caso in cui vogliate rendere voi stessi o il vostro partner una troia tab\u00f9 ancora pi\u00f9 disponibile durante il vostro viaggio. Il Double Fist Extreme Popper, nel caso in cui il viaggio porti a una sessione di pugni violenti. Gli Swiss Premium Juice Popper, se volete mettervi in mostra con la croce svizzera e i Berlin Ultra Strong Popper per le esuberanti possibilit\u00e0 della Queer Capital. Con l&#8217;Holiday Combo, avrete i popper giusti per ogni sessione.<\/p>\n","protected":false},"excerpt":{"rendered":"<p><span style=\"font-weight: 400;\">Con l&#8217;Holiday Combo 4 boccette da 10ml avrai con te l&#8217;intera OXY Edition quando sarai in viaggio. Proprio l&#8217;ideale per le festivit\u00e0 natalizie in corso. I Popper Super Extreme Slut, se vuoi trasformare te stesso o il tuo partner in una troia senza tab\u00f9 ancora pi\u00f9 vogliosa mentre sei in viaggio. I Popper Double Fist Extreme, nel caso in cui il tuo viaggio sfoci in una sessione di pugni. I Popper Swiss Premium Juice se vuoi metterti in mostra con la croce svizzera e i Popper Berlin Ultra Strong per le esuberanti possibilit\u00e0 della Queer Capital. Con l&#8217;Holiday Combo hai il popper giusto per ogni sessione.     <\/span><\/p>\n","protected":false},"featured_media":37757,"comment_status":"open","ping_status":"closed","template":"","meta":{"_acf_changed":false,"_glsr_average":0,"_glsr_ranking":0,"_glsr_reviews":0},"product_brand":[],"product_cat":[1047,104,112],"product_tag":[2138],"class_list":{"0":"post-37351","1":"product","2":"type-product","3":"status-publish","4":"has-post-thumbnail","6":"product_cat-popper","7":"product_cat-confezioni-value","8":"product_cat-boccette-piccole","9":"product_tag-combo-holiday-4-boccette-10ml","10":"pa_flaschenform-rotonda-piccola","11":"pa_gewindegroesse-piccola","12":"pa_inhalt-combo","13":"pa_inhalt-10ml","14":"pa_inhaltsstoffe-nitrito-di-pentile","15":"pa_marke-berlin-popper","16":"pa_marke-fist-popper","17":"pa_marke-oxy-edition-it","18":"pa_staerke-103","20":"first","21":"instock","22":"sale","23":"taxable","24":"shipping-taxable","25":"purchasable","26":"product-type-simple"},"acf":[],"_links":{"self":[{"href":"https:\/\/dev.poppers-online.ch\/it\/wp-json\/wp\/v2\/product\/37351","targetHints":{"allow":["GET"]}}],"collection":[{"href":"https:\/\/dev.poppers-online.ch\/it\/wp-json\/wp\/v2\/product"}],"about":[{"href":"https:\/\/dev.poppers-online.ch\/it\/wp-json\/wp\/v2\/types\/product"}],"replies":[{"embeddable":true,"href":"https:\/\/dev.poppers-online.ch\/it\/wp-json\/wp\/v2\/comments?post=37351"}],"wp:featuredmedia":[{"embeddable":true,"href":"https:\/\/dev.poppers-online.ch\/it\/wp-json\/wp\/v2\/media\/37757"}],"wp:attachment":[{"href":"https:\/\/dev.poppers-online.ch\/it\/wp-json\/wp\/v2\/media?parent=37351"}],"wp:term":[{"taxonomy":"product_brand","embeddable":true,"href":"https:\/\/dev.poppers-online.ch\/it\/wp-json\/wp\/v2\/product_brand?post=37351"},{"taxonomy":"product_cat","embeddable":true,"href":"https:\/\/dev.poppers-online.ch\/it\/wp-json\/wp\/v2\/product_cat?post=37351"},{"taxonomy":"product_tag","embeddable":true,"href":"https:\/\/dev.poppers-online.ch\/it\/wp-json\/wp\/v2\/product_tag?post=37351"}],"curies":[{"name":"wp","href":"https:\/\/api.w.org\/{rel}","templated":true}]}}