{"id":38429,"date":"2022-10-25T15:33:45","date_gmt":"2022-10-25T13:33:46","guid":{"rendered":"https:\/\/poppers-online.ch\/?post_type=product&#038;p=38429"},"modified":"2025-09-05T14:07:11","modified_gmt":"2025-09-05T12:07:11","slug":"gay-starter-pack","status":"publish","type":"product","link":"https:\/\/dev.poppers-online.ch\/it\/prodotto\/gay-starter-pack\/","title":{"rendered":"Gay Starter Pack"},"content":{"rendered":"<p><span style=\"font-weight: 400;\">Siete nuovi nel mondo gay e volete avere tutto al primo appuntamento? \u00c8 proprio per questo che abbiamo messo insieme il Gay Starter Pack per voi. Il nostro Rush Original 10ml Popper \u00e8 il popper pi\u00f9 popolare al mondo. Con questo avrete la garanzia di avere il primo eye-catcher sulla vostra bottiglia gialla. Grazie al nostro popolare XTRM Sniffer, voi e il vostro partner potrete proteggere il vostro naso dalle ustioni mentre sniffate. Potete facilmente avvitare questo sniffer sulla bottiglia popper prima di iniziare. Durante il sesso anale, la lubrificazione \u00e8 particolarmente importante. Questo \u00e8 garantito dal nostro lubrificante HEROS di alta qualit\u00e0, a base di silicone. Naturalmente, il sesso \u00e8 molto pi\u00f9 arrapante quando voi o il vostro partner non vi irrigidite nel retto nel momento decisivo. Il nostro spray anale Play Harder di XTRM vi aiuta in questo senso. Infine, i preservativi fanno parte del nostro Gay Starter Pack. Divertitevi e giocate in sicurezza.<\/span><\/p>\n","protected":false},"excerpt":{"rendered":"<p><span style=\"font-weight: 400;\">Siete nuovi nel mondo gay e volete avere tutto al primo appuntamento? \u00c8 proprio per questo che abbiamo messo insieme il Gay Starter Pack per voi. Il nostro Rush Original 10ml Popper \u00e8 il popper pi\u00f9 popolare al mondo. Con questo avrete la garanzia di avere il primo eye-catcher sulla vostra bottiglia gialla. Grazie al nostro popolare XTRM Sniffer, voi e il vostro partner potrete proteggere il vostro naso dalle ustioni mentre sniffate. Potete facilmente avvitare questo sniffer sulla bottiglia popper prima di iniziare. Durante il sesso anale, la lubrificazione \u00e8 particolarmente importante. Questo \u00e8 garantito dal nostro lubrificante HEROS di alta qualit\u00e0, a base di silicone. Naturalmente, il sesso \u00e8 molto pi\u00f9 arrapante quando voi o il vostro partner non vi irrigidite nel retto nel momento decisivo. Il nostro spray anale Play Harder di XTRM vi aiuta in questo senso. Infine, i preservativi fanno parte del nostro Gay Starter Pack. Divertitevi e giocate in sicurezza.<\/span><\/p>\n","protected":false},"featured_media":44259,"comment_status":"open","ping_status":"closed","template":"","meta":{"_acf_changed":false,"_glsr_average":0,"_glsr_ranking":0,"_glsr_reviews":0},"product_brand":[],"product_cat":[2068,2074,168],"product_tag":[251,1443,1470],"class_list":{"0":"post-38429","1":"product","2":"type-product","3":"status-publish","4":"has-post-thumbnail","6":"product_cat-lubrificanti","7":"product_cat-preservativi","8":"product_cat-farmacia","9":"product_tag-gay-starter-pack-it","10":"product_tag-popper","11":"product_tag-preservativi","12":"pa_inhalt-combo","13":"pa_inhaltsstoffe-formula-pentile-canadese","14":"pa_staerke-103","16":"first","17":"instock","18":"sale","19":"taxable","20":"shipping-taxable","21":"purchasable","22":"product-type-simple"},"acf":[],"_links":{"self":[{"href":"https:\/\/dev.poppers-online.ch\/it\/wp-json\/wp\/v2\/product\/38429","targetHints":{"allow":["GET"]}}],"collection":[{"href":"https:\/\/dev.poppers-online.ch\/it\/wp-json\/wp\/v2\/product"}],"about":[{"href":"https:\/\/dev.poppers-online.ch\/it\/wp-json\/wp\/v2\/types\/product"}],"replies":[{"embeddable":true,"href":"https:\/\/dev.poppers-online.ch\/it\/wp-json\/wp\/v2\/comments?post=38429"}],"wp:featuredmedia":[{"embeddable":true,"href":"https:\/\/dev.poppers-online.ch\/it\/wp-json\/wp\/v2\/media\/44259"}],"wp:attachment":[{"href":"https:\/\/dev.poppers-online.ch\/it\/wp-json\/wp\/v2\/media?parent=38429"}],"wp:term":[{"taxonomy":"product_brand","embeddable":true,"href":"https:\/\/dev.poppers-online.ch\/it\/wp-json\/wp\/v2\/product_brand?post=38429"},{"taxonomy":"product_cat","embeddable":true,"href":"https:\/\/dev.poppers-online.ch\/it\/wp-json\/wp\/v2\/product_cat?post=38429"},{"taxonomy":"product_tag","embeddable":true,"href":"https:\/\/dev.poppers-online.ch\/it\/wp-json\/wp\/v2\/product_tag?post=38429"}],"curies":[{"name":"wp","href":"https:\/\/api.w.org\/{rel}","templated":true}]}}