{"id":38951,"date":"2022-11-01T21:42:52","date_gmt":"2022-11-01T20:42:52","guid":{"rendered":"https:\/\/poppers-online.ch\/?post_type=product&#038;p=38951"},"modified":"2024-10-16T00:35:38","modified_gmt":"2024-10-15T22:35:38","slug":"swiss-navy-lubrificante-naturale-a-base-dacqua-10ml","status":"publish","type":"product","link":"https:\/\/dev.poppers-online.ch\/it\/prodotto\/swiss-navy-lubrificante-naturale-a-base-dacqua-10ml\/","title":{"rendered":"Swiss Navy Lubrificante naturale a base d&#8217;acqua 10ml"},"content":{"rendered":"<p><span style=\"font-weight: 400\">Swiss Navy \u00e8 il gold standard quando si tratta di lubrificanti e benessere sessuale. Swiss Navy All Natural, a base d&#8217;acqua, \u00e8 stato sviluppato appositamente per le persone con pelle sensibile e ha anche un valore di pH bilanciato per la salute sessuale delle donne. L&#8217;ingrediente naturale carragenina conferisce una sensazione setosa e vellutata. Swiss Navy&#8217;s All Natural non contiene derivati del petrolio. Ottenete tutto ci\u00f2 che vi serve per amare la vostra vita amorosa, pi\u00f9 comfort e pi\u00f9 lubrificazione con questo prodotto Swiss Navy di alta qualit\u00e0 per pelli sensibili. All Natural ha una consistenza sottile, il che significa che dura a lungo e si stende bene e in modo uniforme sulla pelle. \u00c8 adatto per il sesso, la masturbazione, i massaggi e il gioco con i vostri giocattoli preferiti.<\/span><\/p>\n<p><span style=\"font-weight: 400\">Il formato da 10 ml \u00e8 ideale per gli spostamenti, in crociera, in discoteca o nelle situazioni quotidiane. Pu\u00f2 essere riposto in qualsiasi tasca, nella borsa del laptop, nella borsa della toilette o nel vano portaoggetti dell&#8217;auto.<\/span><\/p>\n","protected":false},"excerpt":{"rendered":"<p><span style=\"font-weight: 400\">Swiss Navy \u00e8 il gold standard quando si tratta di lubrificanti e benessere sessuale. Swiss Navy All Natural, a base d&#8217;acqua, \u00e8 stato sviluppato appositamente per le persone con pelle sensibile e ha anche un valore di pH bilanciato per la salute sessuale delle donne. L&#8217;ingrediente naturale carragenina conferisce una sensazione setosa e vellutata. Swiss Navy&#8217;s All Natural non contiene derivati del petrolio. Ottenete tutto ci\u00f2 che vi serve per amare la vostra vita amorosa, pi\u00f9 comfort e pi\u00f9 lubrificazione con questo prodotto Swiss Navy di alta qualit\u00e0 per pelli sensibili. All Natural ha una consistenza sottile, il che significa che dura a lungo e si stende bene e in modo uniforme sulla pelle. \u00c8 adatto per il sesso, la masturbazione, i massaggi e il gioco con i vostri giocattoli preferiti.<\/span><\/p>\n<p><span style=\"font-weight: 400\">Il formato da 10 ml \u00e8 ideale per gli spostamenti, in crociera, in discoteca o nelle situazioni quotidiane. Pu\u00f2 essere riposto in qualsiasi tasca, nella borsa del laptop, nella borsa della toilette o nel vano portaoggetti dell&#8217;auto.<\/span><\/p>\n","protected":false},"featured_media":63469,"comment_status":"closed","ping_status":"closed","template":"","meta":{"_acf_changed":false,"_glsr_average":0,"_glsr_ranking":0,"_glsr_reviews":0},"product_brand":[],"product_cat":[2068,168],"product_tag":[],"class_list":{"0":"post-38951","1":"product","2":"type-product","3":"status-publish","4":"has-post-thumbnail","6":"product_cat-lubrificanti","7":"product_cat-farmacia","9":"first","10":"instock","11":"sale","12":"taxable","13":"shipping-taxable","14":"purchasable","15":"product-type-simple"},"acf":[],"_links":{"self":[{"href":"https:\/\/dev.poppers-online.ch\/it\/wp-json\/wp\/v2\/product\/38951","targetHints":{"allow":["GET"]}}],"collection":[{"href":"https:\/\/dev.poppers-online.ch\/it\/wp-json\/wp\/v2\/product"}],"about":[{"href":"https:\/\/dev.poppers-online.ch\/it\/wp-json\/wp\/v2\/types\/product"}],"replies":[{"embeddable":true,"href":"https:\/\/dev.poppers-online.ch\/it\/wp-json\/wp\/v2\/comments?post=38951"}],"wp:featuredmedia":[{"embeddable":true,"href":"https:\/\/dev.poppers-online.ch\/it\/wp-json\/wp\/v2\/media\/63469"}],"wp:attachment":[{"href":"https:\/\/dev.poppers-online.ch\/it\/wp-json\/wp\/v2\/media?parent=38951"}],"wp:term":[{"taxonomy":"product_brand","embeddable":true,"href":"https:\/\/dev.poppers-online.ch\/it\/wp-json\/wp\/v2\/product_brand?post=38951"},{"taxonomy":"product_cat","embeddable":true,"href":"https:\/\/dev.poppers-online.ch\/it\/wp-json\/wp\/v2\/product_cat?post=38951"},{"taxonomy":"product_tag","embeddable":true,"href":"https:\/\/dev.poppers-online.ch\/it\/wp-json\/wp\/v2\/product_tag?post=38951"}],"curies":[{"name":"wp","href":"https:\/\/api.w.org\/{rel}","templated":true}]}}