{"id":38967,"date":"2022-11-01T22:02:47","date_gmt":"2022-11-01T21:02:47","guid":{"rendered":"https:\/\/poppers-online.ch\/?post_type=product&#038;p=38967"},"modified":"2025-12-03T19:42:46","modified_gmt":"2025-12-03T18:42:46","slug":"swiss-navy-max-size-male-enhancement-cream-10ml","status":"publish","type":"product","link":"https:\/\/dev.poppers-online.ch\/it\/prodotto\/swiss-navy-max-size-male-enhancement-cream-10ml\/","title":{"rendered":"Swiss Navy Max Size Male Enhancement Cream 10ml"},"content":{"rendered":"<p><span style=\"font-weight: 400;\">Swiss Navy Max Size Male Enhancement Cream \u00e8 un potenziatore maschile naturale che dilata in modo significativo i vasi sanguigni e i capillari. Max Size si applica direttamente sul pene. L&#8217;effetto si avverte in pochi minuti con una sensazione di calore e un leggero formicolio. Max Size favorisce un&#8217;erezione solida, forte e duratura e contribuisce a migliorare le prestazioni sessuali e ad aumentare il piacere maschile. L&#8217;erba naturale \u00e8 stata studiata per anni in Tailandia ed \u00e8 lavorata dalla Swiss Navy negli Stati Uniti per la somministrazione transdermica. Swiss Navy Max Size Cream \u00e8 l&#8217;unico stimolatore sessuale topico contenente Butea Superba, un inibitore naturale della PDE-5 ben documentato e brevettato. Non esitate e provate questo stimolatore maschile topico, che vi aiuter\u00e0 a ottenere un pene pi\u00f9 grande e un&#8217;erezione pi\u00f9 solida e lunga. L&#8217;esperienza dimostra una maggiore resistenza sessuale e un aumento delle prestazioni maschili. \u00c8 qualcosa che tutti noi abbiamo voluto sperimentare.<\/span><\/p>\n<p><span style=\"font-weight: 400;\">Il formato da 10 ml \u00e8 ideale per gli spostamenti, in crociera, in discoteca o nelle situazioni quotidiane. Pu\u00f2 essere riposto in qualsiasi tasca, nella borsa del laptop, nella borsa della toilette o nel vano portaoggetti dell&#8217;auto.<\/span><\/p>\n","protected":false},"excerpt":{"rendered":"<p><span style=\"font-weight: 400;\">Swiss Navy Max Size Male Enhancement Cream \u00e8 un potenziatore maschile naturale che dilata in modo significativo i vasi sanguigni e i capillari. Max Size si applica direttamente sul pene. L&#8217;effetto si avverte in pochi minuti con una sensazione di calore e un leggero formicolio. Max Size favorisce un&#8217;erezione solida, forte e duratura e contribuisce a migliorare le prestazioni sessuali e ad aumentare il piacere maschile. L&#8217;erba naturale \u00e8 stata studiata per anni in Tailandia ed \u00e8 lavorata dalla Swiss Navy negli Stati Uniti per la somministrazione transdermica. Swiss Navy Max Size Cream \u00e8 l&#8217;unico stimolatore sessuale topico contenente Butea Superba, un inibitore naturale della PDE-5 ben documentato e brevettato. Non esitate e provate questo stimolatore maschile topico, che vi aiuter\u00e0 a ottenere un pene pi\u00f9 grande e un&#8217;erezione pi\u00f9 solida e lunga. L&#8217;esperienza dimostra una maggiore resistenza sessuale e un aumento delle prestazioni maschili. \u00c8 qualcosa che tutti noi abbiamo voluto sperimentare.<\/span><\/p>\n<p><span style=\"font-weight: 400;\">Il formato da 10 ml \u00e8 ideale per gli spostamenti, in crociera, in discoteca o nelle situazioni quotidiane. Pu\u00f2 essere riposto in qualsiasi tasca, nella borsa del laptop, nella borsa della toilette o nel vano portaoggetti dell&#8217;auto.<\/span><\/p>\n","protected":false},"featured_media":39635,"comment_status":"open","ping_status":"closed","template":"","meta":{"_acf_changed":false,"_glsr_average":0,"_glsr_ranking":0,"_glsr_reviews":0},"product_brand":[],"product_cat":[2068,168],"product_tag":[281],"class_list":{"0":"post-38967","1":"product","2":"type-product","3":"status-publish","4":"has-post-thumbnail","6":"product_cat-lubrificanti","7":"product_cat-farmacia","8":"product_tag-swiss-navy-max-size-male-enhancement-cream-10ml-it","10":"first","11":"instock","12":"taxable","13":"shipping-taxable","14":"purchasable","15":"product-type-simple"},"acf":[],"_links":{"self":[{"href":"https:\/\/dev.poppers-online.ch\/it\/wp-json\/wp\/v2\/product\/38967","targetHints":{"allow":["GET"]}}],"collection":[{"href":"https:\/\/dev.poppers-online.ch\/it\/wp-json\/wp\/v2\/product"}],"about":[{"href":"https:\/\/dev.poppers-online.ch\/it\/wp-json\/wp\/v2\/types\/product"}],"replies":[{"embeddable":true,"href":"https:\/\/dev.poppers-online.ch\/it\/wp-json\/wp\/v2\/comments?post=38967"}],"wp:featuredmedia":[{"embeddable":true,"href":"https:\/\/dev.poppers-online.ch\/it\/wp-json\/wp\/v2\/media\/39635"}],"wp:attachment":[{"href":"https:\/\/dev.poppers-online.ch\/it\/wp-json\/wp\/v2\/media?parent=38967"}],"wp:term":[{"taxonomy":"product_brand","embeddable":true,"href":"https:\/\/dev.poppers-online.ch\/it\/wp-json\/wp\/v2\/product_brand?post=38967"},{"taxonomy":"product_cat","embeddable":true,"href":"https:\/\/dev.poppers-online.ch\/it\/wp-json\/wp\/v2\/product_cat?post=38967"},{"taxonomy":"product_tag","embeddable":true,"href":"https:\/\/dev.poppers-online.ch\/it\/wp-json\/wp\/v2\/product_tag?post=38967"}],"curies":[{"name":"wp","href":"https:\/\/api.w.org\/{rel}","templated":true}]}}