{"id":38979,"date":"2022-11-01T22:15:59","date_gmt":"2022-11-01T21:16:00","guid":{"rendered":"https:\/\/poppers-online.ch\/?post_type=product&#038;p=38979"},"modified":"2024-10-16T00:35:32","modified_gmt":"2024-10-15T22:35:32","slug":"lubrificante-a-base-dacqua-swiss-navy-89ml","status":"publish","type":"product","link":"https:\/\/dev.poppers-online.ch\/it\/prodotto\/lubrificante-a-base-dacqua-swiss-navy-89ml\/","title":{"rendered":"Lubrificante a base d&#8217;acqua Swiss Navy 89ml"},"content":{"rendered":"","protected":false},"excerpt":{"rendered":"<p><span style=\"font-weight: 400;\">I lubrificanti Swiss Navy sono il gold standard dei lubrificanti. Questo lubrificante Swiss Navy Premium a base d&#8217;acqua \u00e8 composto da una formula di lunga durata e offre una viscosit\u00e0 migliorata e una lubrificazione ancora pi\u00f9 efficace. Che lo usiate per migliorare il benessere sessuale o per il comfort delle donne in pre- e post-menopausa, questo lubrificante a base d&#8217;acqua Swiss Navy vi conquister\u00e0 con la sua sensazione setosa e vellutata in ogni situazione. Il lubrificante a base d&#8217;acqua Swiss Navy \u00e8 contenuto in un flacone a prova di perdite, perfetto per i viaggi.<\/span><\/p>\n","protected":false},"featured_media":39679,"comment_status":"open","ping_status":"closed","template":"","meta":{"_acf_changed":false,"_glsr_average":0,"_glsr_ranking":0,"_glsr_reviews":0},"product_brand":[],"product_cat":[2068,168],"product_tag":[],"class_list":{"0":"post-38979","1":"product","2":"type-product","3":"status-publish","4":"has-post-thumbnail","6":"product_cat-lubrificanti","7":"product_cat-farmacia","9":"first","10":"instock","11":"taxable","12":"shipping-taxable","13":"purchasable","14":"product-type-simple"},"acf":[],"_links":{"self":[{"href":"https:\/\/dev.poppers-online.ch\/it\/wp-json\/wp\/v2\/product\/38979","targetHints":{"allow":["GET"]}}],"collection":[{"href":"https:\/\/dev.poppers-online.ch\/it\/wp-json\/wp\/v2\/product"}],"about":[{"href":"https:\/\/dev.poppers-online.ch\/it\/wp-json\/wp\/v2\/types\/product"}],"replies":[{"embeddable":true,"href":"https:\/\/dev.poppers-online.ch\/it\/wp-json\/wp\/v2\/comments?post=38979"}],"wp:featuredmedia":[{"embeddable":true,"href":"https:\/\/dev.poppers-online.ch\/it\/wp-json\/wp\/v2\/media\/39679"}],"wp:attachment":[{"href":"https:\/\/dev.poppers-online.ch\/it\/wp-json\/wp\/v2\/media?parent=38979"}],"wp:term":[{"taxonomy":"product_brand","embeddable":true,"href":"https:\/\/dev.poppers-online.ch\/it\/wp-json\/wp\/v2\/product_brand?post=38979"},{"taxonomy":"product_cat","embeddable":true,"href":"https:\/\/dev.poppers-online.ch\/it\/wp-json\/wp\/v2\/product_cat?post=38979"},{"taxonomy":"product_tag","embeddable":true,"href":"https:\/\/dev.poppers-online.ch\/it\/wp-json\/wp\/v2\/product_tag?post=38979"}],"curies":[{"name":"wp","href":"https:\/\/api.w.org\/{rel}","templated":true}]}}