{"id":38984,"date":"2022-11-01T22:21:44","date_gmt":"2022-11-01T21:21:44","guid":{"rendered":"https:\/\/poppers-online.ch\/?post_type=product&#038;p=38984"},"modified":"2024-10-16T00:35:30","modified_gmt":"2024-10-15T22:35:30","slug":"lubrificante-a-base-di-silicone-swiss-navy-354ml","status":"publish","type":"product","link":"https:\/\/dev.poppers-online.ch\/it\/prodotto\/lubrificante-a-base-di-silicone-swiss-navy-354ml\/","title":{"rendered":"Lubrificante a base di silicone Swiss Navy 354ml"},"content":{"rendered":"<p><span style=\"font-weight: 400;\">Con questo lubrificante premium a base di gel, Swiss Navy introduce sul mercato un lubrificante al silicone di altissima qualit\u00e0. I lubrificanti a base di silicone sono un po&#8217; pi\u00f9 costosi, ma hanno il vantaggio che le molecole rimangono sulla pelle pi\u00f9 a lungo e non \u00e8 necessario riapplicarle cos\u00ec spesso. Questa formula di Swiss Navy rappresenta uno standard d&#8217;oro perch\u00e9 utilizza un silicone di prima qualit\u00e0 e include anche la vitamina E idratante. Il risultato \u00e8 una sensazione particolarmente setosa e vellutata che non si ottiene con nessun altro lubrificante. Il lubrificante al silicone Swiss Navy \u00e8 il lubrificante perfetto per lui e per lei e rappresenta un&#8217;ottima scelta in ogni situazione. Il flacone a prova di perdite con il tappo stretto \u00e8 molto pratico, soprattutto quando si viaggia o si va al prossimo appuntamento.<\/span><\/p>\n","protected":false},"excerpt":{"rendered":"<p><span style=\"font-weight: 400;\">Con questo lubrificante premium a base di gel, Swiss Navy introduce sul mercato un lubrificante al silicone di altissima qualit\u00e0. I lubrificanti a base di silicone sono un po&#8217; pi\u00f9 costosi, ma hanno il vantaggio che le molecole rimangono sulla pelle pi\u00f9 a lungo e non \u00e8 necessario riapplicarle cos\u00ec spesso. Questa formula di Swiss Navy rappresenta uno standard d&#8217;oro perch\u00e9 utilizza un silicone di prima qualit\u00e0 e include anche la vitamina E idratante. Il risultato \u00e8 una sensazione particolarmente setosa e vellutata che non si ottiene con nessun altro lubrificante. Il lubrificante al silicone Swiss Navy \u00e8 il lubrificante perfetto per lui e per lei e rappresenta un&#8217;ottima scelta in ogni situazione. Il flacone a prova di perdite con il tappo stretto \u00e8 molto pratico, soprattutto quando si viaggia o si va al prossimo appuntamento.<\/span><\/p>\n","protected":false},"featured_media":137237,"comment_status":"open","ping_status":"closed","template":"","meta":{"_acf_changed":false,"_glsr_average":0,"_glsr_ranking":0,"_glsr_reviews":0},"product_brand":[],"product_cat":[2068,168],"product_tag":[],"class_list":{"0":"post-38984","1":"product","2":"type-product","3":"status-publish","4":"has-post-thumbnail","6":"product_cat-lubrificanti","7":"product_cat-farmacia","9":"first","10":"instock","11":"taxable","12":"shipping-taxable","13":"purchasable","14":"product-type-simple"},"acf":[],"_links":{"self":[{"href":"https:\/\/dev.poppers-online.ch\/it\/wp-json\/wp\/v2\/product\/38984","targetHints":{"allow":["GET"]}}],"collection":[{"href":"https:\/\/dev.poppers-online.ch\/it\/wp-json\/wp\/v2\/product"}],"about":[{"href":"https:\/\/dev.poppers-online.ch\/it\/wp-json\/wp\/v2\/types\/product"}],"replies":[{"embeddable":true,"href":"https:\/\/dev.poppers-online.ch\/it\/wp-json\/wp\/v2\/comments?post=38984"}],"wp:featuredmedia":[{"embeddable":true,"href":"https:\/\/dev.poppers-online.ch\/it\/wp-json\/wp\/v2\/media\/137237"}],"wp:attachment":[{"href":"https:\/\/dev.poppers-online.ch\/it\/wp-json\/wp\/v2\/media?parent=38984"}],"wp:term":[{"taxonomy":"product_brand","embeddable":true,"href":"https:\/\/dev.poppers-online.ch\/it\/wp-json\/wp\/v2\/product_brand?post=38984"},{"taxonomy":"product_cat","embeddable":true,"href":"https:\/\/dev.poppers-online.ch\/it\/wp-json\/wp\/v2\/product_cat?post=38984"},{"taxonomy":"product_tag","embeddable":true,"href":"https:\/\/dev.poppers-online.ch\/it\/wp-json\/wp\/v2\/product_tag?post=38984"}],"curies":[{"name":"wp","href":"https:\/\/api.w.org\/{rel}","templated":true}]}}