{"id":40841,"date":"2022-11-24T16:08:07","date_gmt":"2022-11-24T15:08:07","guid":{"rendered":"https:\/\/poppers-online.ch\/?post_type=product&#038;p=40841"},"modified":"2024-10-16T00:26:06","modified_gmt":"2024-10-15T22:26:06","slug":"429-azz-poppers-10ml","status":"publish","type":"product","link":"https:\/\/dev.poppers-online.ch\/it\/prodotto\/429-azz-poppers-10ml\/","title":{"rendered":"429 AZZ Popper 10ml"},"content":{"rendered":"<p>Il 429 AZZ Popper 10ml \u00e8 basato sul nitrito di pentile originale. Il nome 429 AZZ \u00e8 molto misterioso. La prima parte del nome di questo popper 429 sta per GAY o gay. \u00c8 una novit\u00e0 anche per lei che 429 sta per GAY? Poi, per verificare, prendete il cellulare e andate sulla tastiera del telefono dove trovate le lettere. La G si trova sul numero 4, la A sul 2 e la Y sul 9. La seconda parte del nome AZZ sta per asso o culo. 429 AZZ \u00e8 probabilmente il nome di popper pi\u00f9 divertente che conosciamo. La trasmissione \u00e8 consentita.<\/p>\n","protected":false},"excerpt":{"rendered":"<p>Il 429 AZZ Popper 10ml \u00e8 basato sul nitrito di pentile originale. Il nome 429 AZZ \u00e8 molto misterioso. La prima parte del nome di questo popper 429 sta per GAY o gay. \u00c8 una novit\u00e0 anche per lei che 429 sta per GAY? Poi, per controllare, prendete il cellulare e andate sulla tastiera del telefono dove trovate le lettere. La G si trova sul numero 4, la A sul 2 e la Y sul 9. La seconda parte del nome AZZ sta per asso o culo. 429 AZZ \u00e8 probabilmente il nome di popper pi\u00f9 divertente che conosciamo. La trasmissione \u00e8 consentita.<\/p>\n","protected":false},"featured_media":43129,"comment_status":"open","ping_status":"closed","template":"","meta":{"_acf_changed":false,"_glsr_average":0,"_glsr_ranking":0,"_glsr_reviews":0},"product_brand":[],"product_cat":[112],"product_tag":[430],"class_list":{"0":"post-40841","1":"product","2":"type-product","3":"status-publish","4":"has-post-thumbnail","6":"product_cat-boccette-piccole","7":"product_tag-429-azz-poppers-10ml-it","8":"pa_flaschenform-rotonda-piccola","9":"pa_gewindegroesse-piccola","10":"pa_inhalt-10ml","11":"pa_inhaltsstoffe-nitrito-di-pentile","12":"pa_staerke-106","14":"first","15":"instock","16":"taxable","17":"shipping-taxable","18":"purchasable","19":"product-type-simple"},"acf":[],"_links":{"self":[{"href":"https:\/\/dev.poppers-online.ch\/it\/wp-json\/wp\/v2\/product\/40841","targetHints":{"allow":["GET"]}}],"collection":[{"href":"https:\/\/dev.poppers-online.ch\/it\/wp-json\/wp\/v2\/product"}],"about":[{"href":"https:\/\/dev.poppers-online.ch\/it\/wp-json\/wp\/v2\/types\/product"}],"replies":[{"embeddable":true,"href":"https:\/\/dev.poppers-online.ch\/it\/wp-json\/wp\/v2\/comments?post=40841"}],"wp:featuredmedia":[{"embeddable":true,"href":"https:\/\/dev.poppers-online.ch\/it\/wp-json\/wp\/v2\/media\/43129"}],"wp:attachment":[{"href":"https:\/\/dev.poppers-online.ch\/it\/wp-json\/wp\/v2\/media?parent=40841"}],"wp:term":[{"taxonomy":"product_brand","embeddable":true,"href":"https:\/\/dev.poppers-online.ch\/it\/wp-json\/wp\/v2\/product_brand?post=40841"},{"taxonomy":"product_cat","embeddable":true,"href":"https:\/\/dev.poppers-online.ch\/it\/wp-json\/wp\/v2\/product_cat?post=40841"},{"taxonomy":"product_tag","embeddable":true,"href":"https:\/\/dev.poppers-online.ch\/it\/wp-json\/wp\/v2\/product_tag?post=40841"}],"curies":[{"name":"wp","href":"https:\/\/api.w.org\/{rel}","templated":true}]}}