{"id":45478,"date":"2023-01-15T13:10:31","date_gmt":"2023-01-15T12:10:31","guid":{"rendered":"https:\/\/poppers-online.ch\/?post_type=product&#038;p=45478"},"modified":"2025-10-23T12:45:49","modified_gmt":"2025-10-23T10:45:49","slug":"doccia-anale-xtrm-o-clean-rossa-con-getto-dacqua-laterale","status":"publish","type":"product","link":"https:\/\/dev.poppers-online.ch\/it\/prodotto\/doccia-anale-xtrm-o-clean-rossa-con-getto-dacqua-laterale\/","title":{"rendered":"Doccia anale XTRM O-Clean rossa con getto d&#8217;acqua laterale"},"content":{"rendered":"","protected":false},"excerpt":{"rendered":"<p>La doccia anale O-Clean di XTRM risolve un problema ben noto nella pulizia anale. Non dovrete pi\u00f9 temere che il getto d&#8217;acqua dura della doccia anale si propaghi verso l&#8217;alto nell&#8217;intestino. La doccia anale O-Clean di XTRM \u00e8 quindi dotata di diversi fori laterali. Queste garantiscono un getto d&#8217;acqua laterale intenso. Questo divide il getto d&#8217;acqua in modo che raggiunga il retto solo lateralmente, rendendo il risciacquo anale molto pi\u00f9 piacevole per l&#8217;utente. Inoltre, l&#8217;interno della doccia \u00e8 progettato come una ciotola. Questo rende l&#8217;irrigazione anale pi\u00f9 facile, veloce ed efficace. \u00c8 possibile avvitare la doccia anale O-Clean su qualsiasi tubo doccia convenzionale (filettatura standard da \u00bd pollice). Assicurarsi che la temperatura dell&#8217;acqua non sia troppo calda per l&#8217;irrigazione anale. La lunghezza di inserimento della doccia anale O-Clean \u00e8 di 16,5 cm e il diametro di 2,5 cm. Formate la vostra opinione e siate entusiasti come gli oltre 200 tester che hanno valutato questo prodotto come molto buono nel 2022.<\/p>\n","protected":false},"featured_media":45830,"comment_status":"open","ping_status":"closed","template":"","meta":{"_acf_changed":false,"_glsr_average":0,"_glsr_ranking":0,"_glsr_reviews":0},"product_brand":[],"product_cat":[2065,168],"product_tag":[2134],"class_list":{"0":"post-45478","1":"product","2":"type-product","3":"status-publish","4":"has-post-thumbnail","6":"product_cat-docce-anali","7":"product_cat-farmacia","8":"product_tag-doccia-anale-xtrm-o-clean-rossa-con-getto-dacqua-laterale-it","10":"first","11":"instock","12":"taxable","13":"shipping-taxable","14":"purchasable","15":"product-type-simple"},"acf":[],"_links":{"self":[{"href":"https:\/\/dev.poppers-online.ch\/it\/wp-json\/wp\/v2\/product\/45478","targetHints":{"allow":["GET"]}}],"collection":[{"href":"https:\/\/dev.poppers-online.ch\/it\/wp-json\/wp\/v2\/product"}],"about":[{"href":"https:\/\/dev.poppers-online.ch\/it\/wp-json\/wp\/v2\/types\/product"}],"replies":[{"embeddable":true,"href":"https:\/\/dev.poppers-online.ch\/it\/wp-json\/wp\/v2\/comments?post=45478"}],"wp:featuredmedia":[{"embeddable":true,"href":"https:\/\/dev.poppers-online.ch\/it\/wp-json\/wp\/v2\/media\/45830"}],"wp:attachment":[{"href":"https:\/\/dev.poppers-online.ch\/it\/wp-json\/wp\/v2\/media?parent=45478"}],"wp:term":[{"taxonomy":"product_brand","embeddable":true,"href":"https:\/\/dev.poppers-online.ch\/it\/wp-json\/wp\/v2\/product_brand?post=45478"},{"taxonomy":"product_cat","embeddable":true,"href":"https:\/\/dev.poppers-online.ch\/it\/wp-json\/wp\/v2\/product_cat?post=45478"},{"taxonomy":"product_tag","embeddable":true,"href":"https:\/\/dev.poppers-online.ch\/it\/wp-json\/wp\/v2\/product_tag?post=45478"}],"curies":[{"name":"wp","href":"https:\/\/api.w.org\/{rel}","templated":true}]}}