{"id":53468,"date":"2023-04-16T16:03:12","date_gmt":"2023-04-16T14:03:12","guid":{"rendered":"https:\/\/poppers-online.ch\/?post_type=product&#038;p=53468"},"modified":"2025-08-15T02:05:45","modified_gmt":"2025-08-15T00:05:45","slug":"crisco-453g","status":"publish","type":"product","link":"https:\/\/dev.poppers-online.ch\/it\/prodotto\/crisco-453g\/","title":{"rendered":"Crisco 453g"},"content":{"rendered":"","protected":false},"excerpt":{"rendered":"<p>Il Crisco \u00e8 in realt\u00e0 un grasso vegetale per cottura e frittura originario degli Stati Uniti. Nel frattempo, per\u00f2, il suo uso si \u00e8 esteso. Le persone hanno bisogno del Crisco non solo in cucina, ma anche durante il sesso. Il Crisco \u00e8 un eccellente lubrificante e fistlube e viene utilizzato soprattutto per il fisting. Sarete sorpresi di quanto sia buona la scorrevolezza del Crisco non solo in cucina, ma anche durante il gioco sessuale. Non utilizzare Crisco con il lattice e i preservativi. Durata di conservazione: 6 mesi dall&#8217;apertura.<\/p>\n<p>&nbsp;<\/p>\n","protected":false},"featured_media":53472,"comment_status":"open","ping_status":"closed","template":"","meta":{"_acf_changed":false,"_glsr_average":0,"_glsr_ranking":0,"_glsr_reviews":0},"product_brand":[],"product_cat":[2068,168],"product_tag":[512],"class_list":{"0":"post-53468","1":"product","2":"type-product","3":"status-publish","4":"has-post-thumbnail","6":"product_cat-lubrificanti","7":"product_cat-farmacia","8":"product_tag-crisco-453g-it","10":"first","11":"instock","12":"taxable","13":"shipping-taxable","14":"purchasable","15":"product-type-simple"},"acf":[],"_links":{"self":[{"href":"https:\/\/dev.poppers-online.ch\/it\/wp-json\/wp\/v2\/product\/53468","targetHints":{"allow":["GET"]}}],"collection":[{"href":"https:\/\/dev.poppers-online.ch\/it\/wp-json\/wp\/v2\/product"}],"about":[{"href":"https:\/\/dev.poppers-online.ch\/it\/wp-json\/wp\/v2\/types\/product"}],"replies":[{"embeddable":true,"href":"https:\/\/dev.poppers-online.ch\/it\/wp-json\/wp\/v2\/comments?post=53468"}],"wp:featuredmedia":[{"embeddable":true,"href":"https:\/\/dev.poppers-online.ch\/it\/wp-json\/wp\/v2\/media\/53472"}],"wp:attachment":[{"href":"https:\/\/dev.poppers-online.ch\/it\/wp-json\/wp\/v2\/media?parent=53468"}],"wp:term":[{"taxonomy":"product_brand","embeddable":true,"href":"https:\/\/dev.poppers-online.ch\/it\/wp-json\/wp\/v2\/product_brand?post=53468"},{"taxonomy":"product_cat","embeddable":true,"href":"https:\/\/dev.poppers-online.ch\/it\/wp-json\/wp\/v2\/product_cat?post=53468"},{"taxonomy":"product_tag","embeddable":true,"href":"https:\/\/dev.poppers-online.ch\/it\/wp-json\/wp\/v2\/product_tag?post=53468"}],"curies":[{"name":"wp","href":"https:\/\/api.w.org\/{rel}","templated":true}]}}