{"id":53492,"date":"2023-04-16T19:16:42","date_gmt":"2023-04-16T17:16:42","guid":{"rendered":"https:\/\/poppers-online.ch\/?post_type=product&#038;p=53492"},"modified":"2025-11-25T11:27:14","modified_gmt":"2025-11-25T10:27:14","slug":"j-lube-284g","status":"publish","type":"product","link":"https:\/\/dev.poppers-online.ch\/it\/prodotto\/j-lube-284g\/","title":{"rendered":"J-Lube 284g"},"content":{"rendered":"","protected":false},"excerpt":{"rendered":"<p>J-Lube \u00e8 il classico lubrificante in polvere che si pu\u00f2 produrre da soli. J-Lube viene fornito in polvere altamente concentrata e deve essere mescolato solo con acqua. Un barattolo produce circa 20-25 litri di lubrificante molto scivoloso. Essendo a base d&#8217;acqua, J-Lube \u00e8 compatibile con gomma e lattice e funziona bene anche con i giocattoli in silicone. Con 2-3 cucchiai e 1\/2 litro d&#8217;acqua si ottiene una porzione di lubrificante. \u00c8 possibile variare facilmente le quantit\u00e0. \u00c8 preferibile utilizzare una frusta o uno shaker. A seconda della consistenza, il J-Lube finito tirer\u00e0 i fili a ogni tocco. A proposito: J-Lube deriva dalla medicina veterinaria, quindi si sposa bene con i progetti sugli animali.J-Lube 284g<\/p>\n","protected":false},"featured_media":53464,"comment_status":"open","ping_status":"closed","template":"","meta":{"_acf_changed":false,"_glsr_average":0,"_glsr_ranking":0,"_glsr_reviews":0},"product_brand":[],"product_cat":[2068,168],"product_tag":[517],"class_list":{"0":"post-53492","1":"product","2":"type-product","3":"status-publish","4":"has-post-thumbnail","6":"product_cat-lubrificanti","7":"product_cat-farmacia","8":"product_tag-j-lube-284g-it","10":"first","11":"instock","12":"taxable","13":"shipping-taxable","14":"purchasable","15":"product-type-simple"},"acf":[],"_links":{"self":[{"href":"https:\/\/dev.poppers-online.ch\/it\/wp-json\/wp\/v2\/product\/53492","targetHints":{"allow":["GET"]}}],"collection":[{"href":"https:\/\/dev.poppers-online.ch\/it\/wp-json\/wp\/v2\/product"}],"about":[{"href":"https:\/\/dev.poppers-online.ch\/it\/wp-json\/wp\/v2\/types\/product"}],"replies":[{"embeddable":true,"href":"https:\/\/dev.poppers-online.ch\/it\/wp-json\/wp\/v2\/comments?post=53492"}],"wp:featuredmedia":[{"embeddable":true,"href":"https:\/\/dev.poppers-online.ch\/it\/wp-json\/wp\/v2\/media\/53464"}],"wp:attachment":[{"href":"https:\/\/dev.poppers-online.ch\/it\/wp-json\/wp\/v2\/media?parent=53492"}],"wp:term":[{"taxonomy":"product_brand","embeddable":true,"href":"https:\/\/dev.poppers-online.ch\/it\/wp-json\/wp\/v2\/product_brand?post=53492"},{"taxonomy":"product_cat","embeddable":true,"href":"https:\/\/dev.poppers-online.ch\/it\/wp-json\/wp\/v2\/product_cat?post=53492"},{"taxonomy":"product_tag","embeddable":true,"href":"https:\/\/dev.poppers-online.ch\/it\/wp-json\/wp\/v2\/product_tag?post=53492"}],"curies":[{"name":"wp","href":"https:\/\/api.w.org\/{rel}","templated":true}]}}