{"id":60560,"date":"2023-07-06T15:05:56","date_gmt":"2023-07-06T13:05:56","guid":{"rendered":"https:\/\/poppers-online.ch\/?post_type=product&#038;p=60560"},"modified":"2024-10-16T00:11:19","modified_gmt":"2024-10-15T22:11:19","slug":"tutto-nero-ab21-pugno-dildo","status":"publish","type":"product","link":"https:\/\/dev.poppers-online.ch\/it\/prodotto\/tutto-nero-ab21-pugno-dildo\/","title":{"rendered":"Dildo tutto nero AB21 Fist"},"content":{"rendered":"","protected":false},"excerpt":{"rendered":"<div>Questo modello di mano realistico del dildo All Black AB21 Fist garantisce giochi di scopata a mano mozzafiato. Le dita, a forma di punta, scivolano delicatamente nel vostro buco del piacere. Il vostro buco dell&#8217;amore viene delicatamente allungato ad ogni ulteriore centimetro, fino a raggiungere il dorso della mano, con il suo diametro di circa 73 mm, dopo circa 11 cm. A partire da circa 19 cm la mano \u00e8 completamente inserita e l&#8217;apertura del piacere pu\u00f2 espandersi brevemente fino a un diametro di 50 mm. Il diametro aumenta a circa 65 mm fino all&#8217;estremit\u00e0 del braccio. Il materiale elasticizzato \u00e8 liscio e pu\u00f2 essere inserito comodamente con un lubrificante. Semplicemente fantastico per ogni feticista della scopata a mano.<\/div>\n<div><\/div>\n<div>Peso: circa 960 g<\/div>\n<div>Lunghezza totale: circa 38 cm<\/div>\n<div>Diametro: circa 73 mm<\/div>\n<div>Materiale: PVC<\/div>\n<div>Colore: nero<\/div>\n","protected":false},"featured_media":60564,"comment_status":"open","ping_status":"closed","template":"","meta":{"_acf_changed":false,"_glsr_average":0,"_glsr_ranking":0,"_glsr_reviews":0},"product_brand":[],"product_cat":[2086,172],"product_tag":[1585,1571,1583,1586,1447],"class_list":{"0":"post-60560","1":"product","2":"type-product","3":"status-publish","4":"has-post-thumbnail","6":"product_cat-anal-play","7":"product_cat-sex-toys","8":"product_tag-dildo-tutto-nero-ab21-fist","9":"product_tag-giocattolo-anale","10":"product_tag-plug-anale","11":"product_tag-pugno-giocattolo","12":"product_tag-tutto-nero","14":"first","15":"instock","16":"taxable","17":"shipping-taxable","18":"purchasable","19":"product-type-simple"},"acf":[],"_links":{"self":[{"href":"https:\/\/dev.poppers-online.ch\/it\/wp-json\/wp\/v2\/product\/60560","targetHints":{"allow":["GET"]}}],"collection":[{"href":"https:\/\/dev.poppers-online.ch\/it\/wp-json\/wp\/v2\/product"}],"about":[{"href":"https:\/\/dev.poppers-online.ch\/it\/wp-json\/wp\/v2\/types\/product"}],"replies":[{"embeddable":true,"href":"https:\/\/dev.poppers-online.ch\/it\/wp-json\/wp\/v2\/comments?post=60560"}],"wp:featuredmedia":[{"embeddable":true,"href":"https:\/\/dev.poppers-online.ch\/it\/wp-json\/wp\/v2\/media\/60564"}],"wp:attachment":[{"href":"https:\/\/dev.poppers-online.ch\/it\/wp-json\/wp\/v2\/media?parent=60560"}],"wp:term":[{"taxonomy":"product_brand","embeddable":true,"href":"https:\/\/dev.poppers-online.ch\/it\/wp-json\/wp\/v2\/product_brand?post=60560"},{"taxonomy":"product_cat","embeddable":true,"href":"https:\/\/dev.poppers-online.ch\/it\/wp-json\/wp\/v2\/product_cat?post=60560"},{"taxonomy":"product_tag","embeddable":true,"href":"https:\/\/dev.poppers-online.ch\/it\/wp-json\/wp\/v2\/product_tag?post=60560"}],"curies":[{"name":"wp","href":"https:\/\/api.w.org\/{rel}","templated":true}]}}