{"id":67053,"date":"2023-08-27T21:44:00","date_gmt":"2023-08-27T19:44:00","guid":{"rendered":"https:\/\/poppers-online.ch\/?post_type=product&#038;p=67053"},"modified":"2025-08-18T17:01:13","modified_gmt":"2025-08-18T15:01:13","slug":"sox-snffr-premium-poppers-10ml","status":"publish","type":"product","link":"https:\/\/dev.poppers-online.ch\/it\/prodotto\/sox-snffr-premium-poppers-10ml\/","title":{"rendered":"SOX SNFFR Premium Popper 10ml"},"content":{"rendered":"","protected":false},"excerpt":{"rendered":"<p><span style=\"font-weight: 400\"><strong>SOX SNFFR Premium Popper 10ml<\/strong> \u00e8 sul mercato dal 2023 e contiene l&#8217;ex nitrito di pentile genuino. Questo Popper \u00e8 un must per la tua prossima sessione di sox e sneaker. Grazie all&#8217;<strong>intensit\u00e0 6<\/strong> contenuta in questa boccetta, tu e tutti gli skater e gli sneaker potrete scatenarvi al massimo. SOX SNFFR Premium Popper \u00e8 disponibile anche in una boccetta da 24 ml.    <\/span><\/p>\n","protected":false},"featured_media":67057,"comment_status":"open","ping_status":"closed","template":"","meta":{"_acf_changed":false,"_glsr_average":0,"_glsr_ranking":0,"_glsr_reviews":0},"product_brand":[],"product_cat":[112],"product_tag":[1443,1444],"class_list":{"0":"post-67053","1":"product","2":"type-product","3":"status-publish","4":"has-post-thumbnail","6":"product_cat-boccette-piccole","7":"product_tag-popper","8":"product_tag-swiss-premium-juice-popper-10ml","9":"pa_flaschenform-rotonda-piccola","10":"pa_gewindegroesse-piccola","11":"pa_inhalt-10ml","12":"pa_inhaltsstoffe-nitrito-di-pentile","13":"pa_marke-oxy-edition-it","14":"pa_staerke-105","16":"first","17":"instock","18":"taxable","19":"shipping-taxable","20":"purchasable","21":"product-type-simple"},"acf":[],"_links":{"self":[{"href":"https:\/\/dev.poppers-online.ch\/it\/wp-json\/wp\/v2\/product\/67053","targetHints":{"allow":["GET"]}}],"collection":[{"href":"https:\/\/dev.poppers-online.ch\/it\/wp-json\/wp\/v2\/product"}],"about":[{"href":"https:\/\/dev.poppers-online.ch\/it\/wp-json\/wp\/v2\/types\/product"}],"replies":[{"embeddable":true,"href":"https:\/\/dev.poppers-online.ch\/it\/wp-json\/wp\/v2\/comments?post=67053"}],"wp:featuredmedia":[{"embeddable":true,"href":"https:\/\/dev.poppers-online.ch\/it\/wp-json\/wp\/v2\/media\/67057"}],"wp:attachment":[{"href":"https:\/\/dev.poppers-online.ch\/it\/wp-json\/wp\/v2\/media?parent=67053"}],"wp:term":[{"taxonomy":"product_brand","embeddable":true,"href":"https:\/\/dev.poppers-online.ch\/it\/wp-json\/wp\/v2\/product_brand?post=67053"},{"taxonomy":"product_cat","embeddable":true,"href":"https:\/\/dev.poppers-online.ch\/it\/wp-json\/wp\/v2\/product_cat?post=67053"},{"taxonomy":"product_tag","embeddable":true,"href":"https:\/\/dev.poppers-online.ch\/it\/wp-json\/wp\/v2\/product_tag?post=67053"}],"curies":[{"name":"wp","href":"https:\/\/api.w.org\/{rel}","templated":true}]}}