{"id":67791,"date":"2023-09-02T20:03:28","date_gmt":"2023-09-02T18:03:28","guid":{"rendered":"https:\/\/poppers-online.ch\/?post_type=product&#038;p=67791"},"modified":"2025-08-25T14:40:36","modified_gmt":"2025-08-25T12:40:36","slug":"pervert-subboy-poppers-10ml","status":"publish","type":"product","link":"https:\/\/dev.poppers-online.ch\/it\/prodotto\/pervert-subboy-poppers-10ml\/","title":{"rendered":"PERVERT SUBBOY Popper 10ml"},"content":{"rendered":"","protected":false},"excerpt":{"rendered":"<p><span style=\"font-weight: 400\"><strong>PERVERT SUBBOY Popper 10ml<\/strong> \u00e8 sul mercato dal 2023 e contiene l&#8217;ex nitrito di pentile genuino. Questo Popper \u00e8 un must per la tua prossima sessione di DOM e SUB. Grazie all&#8217;<strong>intensit\u00e0 6<\/strong> contenuta in questa boccetta, ogni ragazzo normale diventa un SUBBOY sottomesso e remissivo. PERVERT SUBBOY Popper \u00e8 disponibile anche in una boccetta da 24 ml.    <\/span><\/p>\n","protected":false},"featured_media":67795,"comment_status":"open","ping_status":"closed","template":"","meta":{"_acf_changed":false,"_glsr_average":0,"_glsr_ranking":0,"_glsr_reviews":0},"product_brand":[],"product_cat":[112],"product_tag":[1123],"class_list":{"0":"post-67791","1":"product","2":"type-product","3":"status-publish","4":"has-post-thumbnail","6":"product_cat-boccette-piccole","7":"product_tag-booster-poppers-10ml-it","8":"pa_flaschenform-rotonda-piccola","9":"pa_gewindegroesse-piccola","10":"pa_inhalt-10ml","11":"pa_inhaltsstoffe-nitrito-di-pentile","12":"pa_marke-oxy-edition-it","13":"pa_staerke-105","15":"first","16":"instock","17":"taxable","18":"shipping-taxable","19":"purchasable","20":"product-type-simple"},"acf":[],"_links":{"self":[{"href":"https:\/\/dev.poppers-online.ch\/it\/wp-json\/wp\/v2\/product\/67791","targetHints":{"allow":["GET"]}}],"collection":[{"href":"https:\/\/dev.poppers-online.ch\/it\/wp-json\/wp\/v2\/product"}],"about":[{"href":"https:\/\/dev.poppers-online.ch\/it\/wp-json\/wp\/v2\/types\/product"}],"replies":[{"embeddable":true,"href":"https:\/\/dev.poppers-online.ch\/it\/wp-json\/wp\/v2\/comments?post=67791"}],"wp:featuredmedia":[{"embeddable":true,"href":"https:\/\/dev.poppers-online.ch\/it\/wp-json\/wp\/v2\/media\/67795"}],"wp:attachment":[{"href":"https:\/\/dev.poppers-online.ch\/it\/wp-json\/wp\/v2\/media?parent=67791"}],"wp:term":[{"taxonomy":"product_brand","embeddable":true,"href":"https:\/\/dev.poppers-online.ch\/it\/wp-json\/wp\/v2\/product_brand?post=67791"},{"taxonomy":"product_cat","embeddable":true,"href":"https:\/\/dev.poppers-online.ch\/it\/wp-json\/wp\/v2\/product_cat?post=67791"},{"taxonomy":"product_tag","embeddable":true,"href":"https:\/\/dev.poppers-online.ch\/it\/wp-json\/wp\/v2\/product_tag?post=67791"}],"curies":[{"name":"wp","href":"https:\/\/api.w.org\/{rel}","templated":true}]}}