{"id":70297,"date":"2023-09-23T16:14:47","date_gmt":"2023-09-23T14:14:48","guid":{"rendered":"https:\/\/poppers-online.ch\/?post_type=product&#038;p=70297"},"modified":"2024-10-15T23:45:30","modified_gmt":"2024-10-15T21:45:30","slug":"ouch-glow-in-the-dark-swirl-stretchy-penis-sleeve","status":"publish","type":"product","link":"https:\/\/dev.poppers-online.ch\/it\/prodotto\/ouch-glow-in-the-dark-swirl-stretchy-penis-sleeve\/","title":{"rendered":"OUCH! Glow in the Dark &#8211; Swirl Stretchy Penis Sleeve"},"content":{"rendered":"","protected":false},"excerpt":{"rendered":"<p>Trasforma il tuo pene in una spada laser gigante! La guaina elastica per pene Swirl della serie Ouch! Glow in the Dark promette pi\u00f9 divertimento e intensit\u00e0, perch\u00e9 vi d\u00e0 pi\u00f9 circonferenza, lunghezza e resistenza!<\/p>\n<p>La guaina aggiunge spessore, lunghezza e una consistenza eccitante al vostro pezzo forte. Ha anche altri due vantaggi: La cinghia per testicoli tiene tutto in posizione e spinge delicatamente le palle verso il basso per rendere ogni movimento e spinta ancora pi\u00f9 soddisfacente. Inoltre, a letto durerete pi\u00f9 a lungo perch\u00e9 le sensazioni sono leggermente ridotte per voi che lo indossate. Il vostro partner, invece, sentir\u00e0 la texture scanalata ad ogni penetrazione e urler\u00e0 di piacere.<\/p>\n<p>Grazie al materiale flessibile ed elastico e all&#8217;anello supplementare per i testicoli, l&#8217;estensione del pene \u00e8 facile da indossare e confortevole. Per facilitare l&#8217;indossamento, \u00e8 possibile spalmare l&#8217;interno con un po&#8217; di lubrificante a base d&#8217;acqua. Dopo l&#8217;uso, lavare accuratamente la guaina con acqua calda e sapone neutro o con un detergente per giocattoli sessuali e lasciarla asciugare all&#8217;aria prima di riporla.<\/p>\n<p>La vista del vostro cazzo fosforescente stupir\u00e0 molti!<\/p>\n<p>Per attivare l&#8217;effetto fosforescente, \u00e8 sufficiente metterli sotto una luce intensa per qualche minuto.<\/p>\n<p>Dettagli del prodotto:<br \/>\n\u2713 Manicotto per pene pratico e stimolante<br \/>\n\u2713 Eccitante texture scanalata<br \/>\n\u2713 Super elastica e flessibile<br \/>\n\u2713 Colore fosforescente<br \/>\n\u2713 Senza ftalati e lattice<br \/>\n\u2713 Aumenta la circonferenza e la lunghezza del pene<br \/>\n\u2713 Compatibile con i lubrificanti a base d&#8217;acqua<\/p>\n<p>Lunghezza totale: circa 15 cm<br \/>\nLunghezza inseribile: circa 9,5 cm (espandibile)<br \/>\nDiametro inseribile: circa 2 cm (estensibile)<br \/>\nMateriale: TPE<br \/>\nColore: verde fosforescente<\/p>\n","protected":false},"featured_media":70301,"comment_status":"open","ping_status":"closed","template":"","meta":{"_acf_changed":false,"_glsr_average":0,"_glsr_ranking":0,"_glsr_reviews":0},"product_brand":[],"product_cat":[2098,2092,172],"product_tag":[],"class_list":{"0":"post-70297","1":"product","2":"type-product","3":"status-publish","4":"has-post-thumbnail","6":"product_cat-agrandir-penis","7":"product_cat-cock-play","8":"product_cat-sex-toys","10":"first","11":"instock","12":"sale","13":"taxable","14":"shipping-taxable","15":"purchasable","16":"product-type-simple"},"acf":[],"_links":{"self":[{"href":"https:\/\/dev.poppers-online.ch\/it\/wp-json\/wp\/v2\/product\/70297","targetHints":{"allow":["GET"]}}],"collection":[{"href":"https:\/\/dev.poppers-online.ch\/it\/wp-json\/wp\/v2\/product"}],"about":[{"href":"https:\/\/dev.poppers-online.ch\/it\/wp-json\/wp\/v2\/types\/product"}],"replies":[{"embeddable":true,"href":"https:\/\/dev.poppers-online.ch\/it\/wp-json\/wp\/v2\/comments?post=70297"}],"wp:featuredmedia":[{"embeddable":true,"href":"https:\/\/dev.poppers-online.ch\/it\/wp-json\/wp\/v2\/media\/70301"}],"wp:attachment":[{"href":"https:\/\/dev.poppers-online.ch\/it\/wp-json\/wp\/v2\/media?parent=70297"}],"wp:term":[{"taxonomy":"product_brand","embeddable":true,"href":"https:\/\/dev.poppers-online.ch\/it\/wp-json\/wp\/v2\/product_brand?post=70297"},{"taxonomy":"product_cat","embeddable":true,"href":"https:\/\/dev.poppers-online.ch\/it\/wp-json\/wp\/v2\/product_cat?post=70297"},{"taxonomy":"product_tag","embeddable":true,"href":"https:\/\/dev.poppers-online.ch\/it\/wp-json\/wp\/v2\/product_tag?post=70297"}],"curies":[{"name":"wp","href":"https:\/\/api.w.org\/{rel}","templated":true}]}}