{"id":70315,"date":"2023-09-23T16:47:28","date_gmt":"2023-09-23T14:47:29","guid":{"rendered":"https:\/\/poppers-online.ch\/?post_type=product&#038;p=70315"},"modified":"2025-06-04T11:40:22","modified_gmt":"2025-06-04T09:40:22","slug":"mancage-cockcage-chasity-nero","status":"publish","type":"product","link":"https:\/\/dev.poppers-online.ch\/it\/prodotto\/mancage-cockcage-chasity-nero\/","title":{"rendered":"ManCage Cockcage Chastity &#8211; nero"},"content":{"rendered":"","protected":false},"excerpt":{"rendered":"<h2>La gabbia per peni ManCage Gabbia per peni di castit\u00e0<\/h2>\n<p><strong>La gabbia per pene ManCage Cockcage Chasity in un elegante colore nero <\/strong>\u00e8 realizzata in plastica di alta qualit\u00e0 in policarbonato. Questo materiale \u00e8 caratterizzato da leggerezza, durata, resistenza all&#8217;acqua e propriet\u00e0 anallergiche. Questa gabbia di castit\u00e0 \u00e8 composta da tre componenti perfettamente coordinati. I due perni guida collegano le parti superiori tra loro, mentre il perno conico ovale collega gli anelli alla gabbia.   <\/p>\n<p>Vari anelli di diverse misure e distanziali ti permettono di personalizzare la vestibilit\u00e0 perfetta. Questi anelli sono estremamente comodi e offrono la massima sicurezza. La gabbia pu\u00f2 essere facilmente bloccata con un lucchetto o con le fascette in dotazione, per evitare che i metal detector di eventi, festival o aeroporti facciano scattare l&#8217;allarme.  <\/p>\n<p>Poich\u00e9 l \u201cigiene \u00e8 della massima importanza quando si indossa una gabbia per il pene, la straordinaria ManCage Cockcage \u00e8 dotata di numerose aperture di ventilazione e di un\u201d apertura per facilitare la minzione. Questa gabbia di castit\u00e0 impedisce l \u201cerezione durante il periodo di utilizzo, ma promette un\u201d esperienza sessuale particolarmente intensa dopo il rilascio, paragonabile a un orgasmo liberatorio. <\/p>\n<p>La ManCage Cock Cage offre al possessore della chiave un controllo ottimale sulla soddisfazione sessuale. Ti permette di portare il tuo gioco BDSM a un livello superiore. L&#8217;unica domanda che rimane \u00e8:  <\/p>\n<p><strong>Vuoi mantenere il controllo o preferisci rinunciarvi?<\/strong><\/p>\n<p><strong>Dettagli del prodotto:<\/strong><\/p>\n<ul>\n<li>Lunghezza totale: circa 12 cm<\/li>\n<li>Diametro interno della gabbia: circa 3,5 cm<\/li>\n<li>Anelli regolabili nelle misure: circa 4,5 \/ 5 \/ 5,5 \/ 6 cm<\/li>\n<li>Materiale: PC\/ABS (100% impermeabile, senza ftalati)<\/li>\n<li>Colore: nero<\/li>\n<\/ul>\n<h2>La castit\u00e0 maschile e la gabbia di castit\u00e0 sono la tendenza fetish del 2025<\/h2>\n<p>Originariamente basata sul mondo BDSM, la castit\u00e0 maschile si \u00e8 sviluppata in una tendenza mainstream di successo. Coppie e individui celebrano il sesso con la gabbia del pene e altre forme di gioco. L&#8217;astinenza, il desiderio e il controllo sessuale stanno arricchendo la vita sentimentale di un numero sempre maggiore di persone su questo pianeta.  <\/p>\n<p>Le persone condividono le loro esperienze sui social media. L&#8217;evento &#8220;Locktober&#8221;, in cui i partecipanti intraprendono una sfida di castit\u00e0 della durata di un mese, \u00e8 particolarmente popolare. Esperienze e immagini di cocklock in acciaio inossidabile ecc. fanno il giro di Bluesky e X.  <\/p>\n<p>La castit\u00e0, ad esempio attraverso le cinture di castit\u00e0 per uomini, ha un forte effetto psicologico. Sfida l \u201cimmagine tradizionale dell\u201d uomo confinando il pene, simbolo di una mascolinit\u00e0 potente, con una gabbia metallica o un altro strumento. <\/p>\n<p>Con una cintura di castit\u00e0 per uomo, l \u201cattenzione nella vita sessuale si sposta dalla stimolazione del pene, dei testicoli e dello scroto alla zona anale. La penetrazione anale \u00e8 al centro dell\u201d attenzione e pu\u00f2 intensificare la connessione mentale tra i partner. <\/p>\n<h2>Acquista le gabbie per il pene, le cinture di castit\u00e0 e le gabbie di castit\u00e0 da noi online<\/h2>\n<p>Abbiamo un \u201campia selezione di gabbie per il pene ManCage e altri giocattoli sessuali. Preferisci una gabbia di castit\u00e0 in metallo? Allora la robusta <a href=\"https:\/\/dev.poppers-online.ch\/it\/prodotto\/gabbia-di-castita-estrema-in-metallo\/\">Extreme Chastity Cock Cage Metal<\/a> \u00e8 la scelta perfetta per i tuoi giochi BDSM. Vuoi un modello in cui sia possibile vedere anche il pene? Scegli la <a href=\"https:\/\/dev.poppers-online.ch\/it\/prodotto\/gabbia-di-castita-estrema-in-acrilico\/\">Extreme Chastity Cock Cage Acrylic<\/a> trasparente. Ti piace essere casto in silicone? Allora dai un\u201d occhiata alla <a href=\"https:\/\/dev.poppers-online.ch\/it\/prodotto\/gabbia-di-castita-estrema-slicone-grande\/\">Extreme Cock Cage Silicone Large<\/a>.      <\/p>\n<p>Tutte le gabbie per il pene e la castit\u00e0 o le cinture di castit\u00e0 per uomo vengono spedite in modo rapido e discreto per posta al tuo indirizzo. Sapevi che consegniamo anche ai distributori automatici di pacchi My Post 24 e ai punti di accesso PickPost? <\/p>\n<p>&nbsp;<\/p>\n<p>&nbsp;<\/p>\n","protected":false},"featured_media":70319,"comment_status":"open","ping_status":"closed","template":"","meta":{"_acf_changed":false,"_glsr_average":0,"_glsr_ranking":0,"_glsr_reviews":0},"product_brand":[],"product_cat":[2092,172],"product_tag":[2141],"class_list":{"0":"post-70315","1":"product","2":"type-product","3":"status-publish","4":"has-post-thumbnail","6":"product_cat-cock-play","7":"product_cat-sex-toys","8":"product_tag-mancage-cockcage-chasity-nero-it","10":"first","11":"instock","12":"taxable","13":"shipping-taxable","14":"purchasable","15":"product-type-simple"},"acf":[],"_links":{"self":[{"href":"https:\/\/dev.poppers-online.ch\/it\/wp-json\/wp\/v2\/product\/70315","targetHints":{"allow":["GET"]}}],"collection":[{"href":"https:\/\/dev.poppers-online.ch\/it\/wp-json\/wp\/v2\/product"}],"about":[{"href":"https:\/\/dev.poppers-online.ch\/it\/wp-json\/wp\/v2\/types\/product"}],"replies":[{"embeddable":true,"href":"https:\/\/dev.poppers-online.ch\/it\/wp-json\/wp\/v2\/comments?post=70315"}],"wp:featuredmedia":[{"embeddable":true,"href":"https:\/\/dev.poppers-online.ch\/it\/wp-json\/wp\/v2\/media\/70319"}],"wp:attachment":[{"href":"https:\/\/dev.poppers-online.ch\/it\/wp-json\/wp\/v2\/media?parent=70315"}],"wp:term":[{"taxonomy":"product_brand","embeddable":true,"href":"https:\/\/dev.poppers-online.ch\/it\/wp-json\/wp\/v2\/product_brand?post=70315"},{"taxonomy":"product_cat","embeddable":true,"href":"https:\/\/dev.poppers-online.ch\/it\/wp-json\/wp\/v2\/product_cat?post=70315"},{"taxonomy":"product_tag","embeddable":true,"href":"https:\/\/dev.poppers-online.ch\/it\/wp-json\/wp\/v2\/product_tag?post=70315"}],"curies":[{"name":"wp","href":"https:\/\/api.w.org\/{rel}","templated":true}]}}