{"id":75007,"date":"2023-11-06T13:15:39","date_gmt":"2023-11-06T12:15:40","guid":{"rendered":"https:\/\/poppers-online.ch\/?post_type=product&#038;p=75007"},"modified":"2025-11-03T03:59:55","modified_gmt":"2025-11-03T02:59:55","slug":"kinky-mostro-doccia-anale-15cm","status":"publish","type":"product","link":"https:\/\/dev.poppers-online.ch\/it\/prodotto\/kinky-mostro-doccia-anale-15cm\/","title":{"rendered":"Kinky Monster, doccia anale 15 cm"},"content":{"rendered":"","protected":false},"excerpt":{"rendered":"<p><span style=\"font-weight: 400;\">L&#8217;irrigazione anale fa parte della preparazione al sesso anale prolungato. Se vi sentite puliti dentro, potete rilassarvi ancora meglio e non dovete preoccuparvi di brutte sorprese. Il piccolo e pratico attacco per soffione doccia si adatta a tutti i tubi doccia standard da \u00bd pollice. \u00c8 meglio inserire il soffione della doccia con l&#8217;acqua corrente. Si pu\u00f2 anche usare un po&#8217; di lubrificante. \u00c8 necessario mantenere l&#8217;acqua nel retto per circa 20 secondi con 3 ripetizioni.  <\/span><\/p>\n<p><span style=\"font-weight: 400;\">La doccia anale Kinky Monster 15cm \u00e8 relativamente corta e con un diametro di circa 2 cm \u00e8 molto adatta anche ai principianti. Il materiale in alluminio \u00e8 robusto e garantisce una superficie molto liscia e una lunga durata. Peso 95 g.  <\/span><\/p>\n","protected":false},"featured_media":75019,"comment_status":"open","ping_status":"closed","template":"","meta":{"_acf_changed":false,"_glsr_average":0,"_glsr_ranking":0,"_glsr_reviews":0},"product_brand":[],"product_cat":[2065,168],"product_tag":[1409],"class_list":{"0":"post-75007","1":"product","2":"type-product","3":"status-publish","4":"has-post-thumbnail","6":"product_cat-docce-anali","7":"product_cat-farmacia","8":"product_tag-kinky-monster-doccia-anale-14-cm","10":"first","11":"instock","12":"taxable","13":"shipping-taxable","14":"purchasable","15":"product-type-simple"},"acf":[],"_links":{"self":[{"href":"https:\/\/dev.poppers-online.ch\/it\/wp-json\/wp\/v2\/product\/75007","targetHints":{"allow":["GET"]}}],"collection":[{"href":"https:\/\/dev.poppers-online.ch\/it\/wp-json\/wp\/v2\/product"}],"about":[{"href":"https:\/\/dev.poppers-online.ch\/it\/wp-json\/wp\/v2\/types\/product"}],"replies":[{"embeddable":true,"href":"https:\/\/dev.poppers-online.ch\/it\/wp-json\/wp\/v2\/comments?post=75007"}],"wp:featuredmedia":[{"embeddable":true,"href":"https:\/\/dev.poppers-online.ch\/it\/wp-json\/wp\/v2\/media\/75019"}],"wp:attachment":[{"href":"https:\/\/dev.poppers-online.ch\/it\/wp-json\/wp\/v2\/media?parent=75007"}],"wp:term":[{"taxonomy":"product_brand","embeddable":true,"href":"https:\/\/dev.poppers-online.ch\/it\/wp-json\/wp\/v2\/product_brand?post=75007"},{"taxonomy":"product_cat","embeddable":true,"href":"https:\/\/dev.poppers-online.ch\/it\/wp-json\/wp\/v2\/product_cat?post=75007"},{"taxonomy":"product_tag","embeddable":true,"href":"https:\/\/dev.poppers-online.ch\/it\/wp-json\/wp\/v2\/product_tag?post=75007"}],"curies":[{"name":"wp","href":"https:\/\/api.w.org\/{rel}","templated":true}]}}