{"id":75523,"date":"2023-11-09T15:24:03","date_gmt":"2023-11-09T14:24:03","guid":{"rendered":"https:\/\/poppers-online.ch\/?post_type=product&#038;p=75523"},"modified":"2024-10-15T23:36:03","modified_gmt":"2024-10-15T21:36:03","slug":"tutto-nero-anal-fist-plug-93","status":"publish","type":"product","link":"https:\/\/dev.poppers-online.ch\/it\/prodotto\/tutto-nero-anal-fist-plug-93\/","title":{"rendered":"Pugno anale tutto nero 93"},"content":{"rendered":"","protected":false},"excerpt":{"rendered":"<p>Benvenuti nel mondo dei pugni seducenti! All Black Anal Fist Plug 93 vi offre una dimensione fantastica, modellata su un vero pugno fin nei minimi dettagli.<\/p>\n<p>Questo prodotto \u00e8 la versione media, che \u00e8 gi\u00e0 destinata agli utenti avanzati. Anche se \u00e8 di dimensioni medie, vi fornir\u00e0 in ogni caso una stimolazione superiore alla media.<\/p>\n<p>Grazie alla superficie in PVC priva di ftalati, appositamente sviluppata per il rapporto anale, anche il primo inserimento \u00e8 un&#8217;esperienza da sogno. La stimolazione diventa ancora pi\u00f9 fluida con l&#8217;aggiunta di un po&#8217; di lubrificante. La base svasata offre un buon sostegno e impedisce la penetrazione in profondit\u00e0.<\/p>\n<p>Se pulite accuratamente il vostro nuovo giocattolo con un detergente per giocattoli o con acqua calda e sapone subito dopo l&#8217;uso e lo conservate in un luogo asciutto, potrete godervelo per molto tempo. Se volete fare qualcosa di buono per voi stessi o per il vostro partner, questo pugno \u00e8 sempre pronto.<\/p>\n<p><strong>Nota:<\/strong> pulire accuratamente prima di ogni utilizzo!<\/p>\n<p>Lunghezza totale: circa 14 cm<br \/>\nLunghezza inseribile: circa 13 cm<br \/>\nDiametro: circa 10 cm<br \/>\nPeso: circa 235 g<br \/>\nMateriale: PVC privo di ftalati<br \/>\nColore: nero<\/p>\n","protected":false},"featured_media":75543,"comment_status":"open","ping_status":"closed","template":"","meta":{"_acf_changed":false,"_glsr_average":0,"_glsr_ranking":0,"_glsr_reviews":0},"product_brand":[],"product_cat":[2086,172],"product_tag":[1447],"class_list":{"0":"post-75523","1":"product","2":"type-product","3":"status-publish","4":"has-post-thumbnail","6":"product_cat-anal-play","7":"product_cat-sex-toys","8":"product_tag-tutto-nero","10":"first","11":"outofstock","12":"taxable","13":"shipping-taxable","14":"purchasable","15":"product-type-simple"},"acf":[],"_links":{"self":[{"href":"https:\/\/dev.poppers-online.ch\/it\/wp-json\/wp\/v2\/product\/75523","targetHints":{"allow":["GET"]}}],"collection":[{"href":"https:\/\/dev.poppers-online.ch\/it\/wp-json\/wp\/v2\/product"}],"about":[{"href":"https:\/\/dev.poppers-online.ch\/it\/wp-json\/wp\/v2\/types\/product"}],"replies":[{"embeddable":true,"href":"https:\/\/dev.poppers-online.ch\/it\/wp-json\/wp\/v2\/comments?post=75523"}],"wp:featuredmedia":[{"embeddable":true,"href":"https:\/\/dev.poppers-online.ch\/it\/wp-json\/wp\/v2\/media\/75543"}],"wp:attachment":[{"href":"https:\/\/dev.poppers-online.ch\/it\/wp-json\/wp\/v2\/media?parent=75523"}],"wp:term":[{"taxonomy":"product_brand","embeddable":true,"href":"https:\/\/dev.poppers-online.ch\/it\/wp-json\/wp\/v2\/product_brand?post=75523"},{"taxonomy":"product_cat","embeddable":true,"href":"https:\/\/dev.poppers-online.ch\/it\/wp-json\/wp\/v2\/product_cat?post=75523"},{"taxonomy":"product_tag","embeddable":true,"href":"https:\/\/dev.poppers-online.ch\/it\/wp-json\/wp\/v2\/product_tag?post=75523"}],"curies":[{"name":"wp","href":"https:\/\/api.w.org\/{rel}","templated":true}]}}