{"id":76451,"date":"2023-11-16T12:13:07","date_gmt":"2023-11-16T11:13:08","guid":{"rendered":"https:\/\/poppers-online.ch\/?post_type=product&#038;p=76451"},"modified":"2024-10-15T23:35:51","modified_gmt":"2024-10-15T21:35:51","slug":"pdx-slide-glide-self-lube-masturbatore","status":"publish","type":"product","link":"https:\/\/dev.poppers-online.ch\/it\/prodotto\/pdx-slide-glide-self-lube-masturbatore\/","title":{"rendered":"PDX &#8211; Masturbatore auto lubrificante Slide &amp; Glide"},"content":{"rendered":"","protected":false},"excerpt":{"rendered":"<p>Non avete lubrificanti a portata di mano? Nessun problema! Il masturbatore auto lubrificante Slide &amp; Glide \u00e8 la soluzione per le vostre esigenze.<\/p>\n<p>Questo stroker trasparente \u00e8 dotato di un&#8217;innovativa tecnologia autolubrificante che rende superflui i lubrificanti convenzionali. \u00c8 sufficiente far scorrere una piccola quantit\u00e0 d&#8217;acqua nel tunnel e godersi la scorrevolezza del giocattolo. Potrete rilassarvi senza fatica in qualsiasi momento e in qualsiasi luogo. Grazie all&#8217;acqua, il tunnel interno scanalato si trasforma in una grotta del piacere scivolosa che accoglie il pene in profondit\u00e0. Le scanalature interne lo massaggiano intensamente e, stringendo delicatamente il masturbatore, potete rendere la vostra esperienza ancora pi\u00f9 stretta ed eccitante fino ad esplodere in un climax intenso!<\/p>\n<p>Questo giocattolo \u00e8 compatibile con i lubrificanti a base d&#8217;acqua ed \u00e8 facile da pulire. \u00c8 sufficiente utilizzare acqua tiepida o uno speciale detergente per sextoy e lasciarlo asciugare completamente all&#8217;aria.<\/p>\n<p>Dettagli del prodotto:<\/p>\n<ul>\n<li>Design classico e accattivante<\/li>\n<li>Autolubrificante grazie a una tecnologia innovativa<\/li>\n<li>Per la funzione di scorrimento \u00e8 sufficiente un po&#8217; d&#8217;acqua<\/li>\n<li>Interno con scanalature stimolanti<\/li>\n<li>Superficie morbida e liscia<\/li>\n<li>Facile da pulire<\/li>\n<\/ul>\n<p>Lunghezza inseribile: circa 12,7 cm<\/p>\n<p>Larghezza: circa 7 cm<\/p>\n<p>Materiale: TPR<\/p>\n<p>Colore: Trasparente<\/p>\n","protected":false},"featured_media":76467,"comment_status":"open","ping_status":"closed","template":"","meta":{"_acf_changed":false,"_glsr_average":0,"_glsr_ranking":0,"_glsr_reviews":0},"product_brand":[],"product_cat":[2095,172],"product_tag":[1517,1522],"class_list":{"0":"post-76451","1":"product","2":"type-product","3":"status-publish","4":"has-post-thumbnail","6":"product_cat-masturbatore","7":"product_cat-sex-toys","8":"product_tag-masturbatore","9":"product_tag-pdx-masturbatore-auto-lubrificante-slide-glide","11":"first","12":"outofstock","13":"taxable","14":"shipping-taxable","15":"purchasable","16":"product-type-simple"},"acf":[],"_links":{"self":[{"href":"https:\/\/dev.poppers-online.ch\/it\/wp-json\/wp\/v2\/product\/76451","targetHints":{"allow":["GET"]}}],"collection":[{"href":"https:\/\/dev.poppers-online.ch\/it\/wp-json\/wp\/v2\/product"}],"about":[{"href":"https:\/\/dev.poppers-online.ch\/it\/wp-json\/wp\/v2\/types\/product"}],"replies":[{"embeddable":true,"href":"https:\/\/dev.poppers-online.ch\/it\/wp-json\/wp\/v2\/comments?post=76451"}],"wp:featuredmedia":[{"embeddable":true,"href":"https:\/\/dev.poppers-online.ch\/it\/wp-json\/wp\/v2\/media\/76467"}],"wp:attachment":[{"href":"https:\/\/dev.poppers-online.ch\/it\/wp-json\/wp\/v2\/media?parent=76451"}],"wp:term":[{"taxonomy":"product_brand","embeddable":true,"href":"https:\/\/dev.poppers-online.ch\/it\/wp-json\/wp\/v2\/product_brand?post=76451"},{"taxonomy":"product_cat","embeddable":true,"href":"https:\/\/dev.poppers-online.ch\/it\/wp-json\/wp\/v2\/product_cat?post=76451"},{"taxonomy":"product_tag","embeddable":true,"href":"https:\/\/dev.poppers-online.ch\/it\/wp-json\/wp\/v2\/product_tag?post=76451"}],"curies":[{"name":"wp","href":"https:\/\/api.w.org\/{rel}","templated":true}]}}