{"id":76486,"date":"2023-11-16T13:07:21","date_gmt":"2023-11-16T12:11:24","guid":{"rendered":"https:\/\/poppers-online.ch\/produkt\/lubrificante-relax-anale-maschile-250ml\/"},"modified":"2023-11-16T13:11:24","modified_gmt":"2023-11-16T12:11:24","slug":"maschio-anale-relax-lube-250ml","status":"publish","type":"product","link":"https:\/\/dev.poppers-online.ch\/it\/prodotto\/maschio-anale-relax-lube-250ml\/","title":{"rendered":"Lubrificante Relax Anale Maschile 250ml"},"content":{"rendered":"","protected":false},"excerpt":{"rendered":"<p>Male Anal Relax Lube 250ml ha un effetto inibitorio stimolante e produce una sensazione calmante e leggermente anestetizzante. Il lubrificante ha un effetto rilassante, non \u00e8 appiccicoso, \u00e8 facile da rimuovere e pu\u00f2 essere usato con il preservativo. \u00c8 stato sviluppato appositamente per la penetrazione anale.<\/p>\n","protected":false},"featured_media":76483,"comment_status":"closed","ping_status":"closed","template":"","meta":{"_acf_changed":false,"_glsr_average":0,"_glsr_ranking":0,"_glsr_reviews":0},"product_brand":[],"product_cat":[2068,2062,168],"product_tag":[1530],"class_list":{"0":"post-76486","1":"product","2":"type-product","3":"status-publish","4":"has-post-thumbnail","6":"product_cat-lubrificanti","7":"product_cat-spray-rilassante-anale","8":"product_cat-farmacia","9":"product_tag-lubrificante-relax-anale-maschile-250ml","11":"first","12":"instock","13":"taxable","14":"shipping-taxable","15":"purchasable","16":"product-type-simple"},"acf":[],"_links":{"self":[{"href":"https:\/\/dev.poppers-online.ch\/it\/wp-json\/wp\/v2\/product\/76486","targetHints":{"allow":["GET"]}}],"collection":[{"href":"https:\/\/dev.poppers-online.ch\/it\/wp-json\/wp\/v2\/product"}],"about":[{"href":"https:\/\/dev.poppers-online.ch\/it\/wp-json\/wp\/v2\/types\/product"}],"replies":[{"embeddable":true,"href":"https:\/\/dev.poppers-online.ch\/it\/wp-json\/wp\/v2\/comments?post=76486"}],"wp:featuredmedia":[{"embeddable":true,"href":"https:\/\/dev.poppers-online.ch\/it\/wp-json\/wp\/v2\/media\/76483"}],"wp:attachment":[{"href":"https:\/\/dev.poppers-online.ch\/it\/wp-json\/wp\/v2\/media?parent=76486"}],"wp:term":[{"taxonomy":"product_brand","embeddable":true,"href":"https:\/\/dev.poppers-online.ch\/it\/wp-json\/wp\/v2\/product_brand?post=76486"},{"taxonomy":"product_cat","embeddable":true,"href":"https:\/\/dev.poppers-online.ch\/it\/wp-json\/wp\/v2\/product_cat?post=76486"},{"taxonomy":"product_tag","embeddable":true,"href":"https:\/\/dev.poppers-online.ch\/it\/wp-json\/wp\/v2\/product_tag?post=76486"}],"curies":[{"name":"wp","href":"https:\/\/api.w.org\/{rel}","templated":true}]}}