{"id":76495,"date":"2023-11-16T13:16:24","date_gmt":"2023-11-16T12:18:24","guid":{"rendered":"https:\/\/poppers-online.ch\/produkt\/male-lubrificante-bianco-250ml\/"},"modified":"2023-11-16T13:18:24","modified_gmt":"2023-11-16T12:18:24","slug":"maschio-bianco-lubrificante-250ml","status":"publish","type":"product","link":"https:\/\/dev.poppers-online.ch\/it\/prodotto\/maschio-bianco-lubrificante-250ml\/","title":{"rendered":"MALE Lubrificante bianco 250ml"},"content":{"rendered":"","protected":false},"excerpt":{"rendered":"<p>MALE White Lubricant 250ml \u00e8 un lubrificante a base d&#8217;acqua appositamente sviluppato per il piacere anale. Il colore bianco del lubrificante \u00e8 un ulteriore elemento di spicco. Pu\u00f2 essere utilizzato con un preservativo. \u00c8 stato sviluppato appositamente per la penetrazione anale.<\/p>\n","protected":false},"featured_media":76491,"comment_status":"closed","ping_status":"closed","template":"","meta":{"_acf_changed":false,"_glsr_average":0,"_glsr_ranking":0,"_glsr_reviews":0},"product_brand":[],"product_cat":[2068,168],"product_tag":[1534],"class_list":{"0":"post-76495","1":"product","2":"type-product","3":"status-publish","4":"has-post-thumbnail","6":"product_cat-lubrificanti","7":"product_cat-farmacia","8":"product_tag-male-lubrificante-bianco-250ml","10":"first","11":"instock","12":"taxable","13":"shipping-taxable","14":"purchasable","15":"product-type-simple"},"acf":[],"_links":{"self":[{"href":"https:\/\/dev.poppers-online.ch\/it\/wp-json\/wp\/v2\/product\/76495","targetHints":{"allow":["GET"]}}],"collection":[{"href":"https:\/\/dev.poppers-online.ch\/it\/wp-json\/wp\/v2\/product"}],"about":[{"href":"https:\/\/dev.poppers-online.ch\/it\/wp-json\/wp\/v2\/types\/product"}],"replies":[{"embeddable":true,"href":"https:\/\/dev.poppers-online.ch\/it\/wp-json\/wp\/v2\/comments?post=76495"}],"wp:featuredmedia":[{"embeddable":true,"href":"https:\/\/dev.poppers-online.ch\/it\/wp-json\/wp\/v2\/media\/76491"}],"wp:attachment":[{"href":"https:\/\/dev.poppers-online.ch\/it\/wp-json\/wp\/v2\/media?parent=76495"}],"wp:term":[{"taxonomy":"product_brand","embeddable":true,"href":"https:\/\/dev.poppers-online.ch\/it\/wp-json\/wp\/v2\/product_brand?post=76495"},{"taxonomy":"product_cat","embeddable":true,"href":"https:\/\/dev.poppers-online.ch\/it\/wp-json\/wp\/v2\/product_cat?post=76495"},{"taxonomy":"product_tag","embeddable":true,"href":"https:\/\/dev.poppers-online.ch\/it\/wp-json\/wp\/v2\/product_tag?post=76495"}],"curies":[{"name":"wp","href":"https:\/\/api.w.org\/{rel}","templated":true}]}}