{"id":76511,"date":"2023-11-16T13:31:34","date_gmt":"2023-11-16T12:33:40","guid":{"rendered":"https:\/\/poppers-online.ch\/produkt\/male-burro-lubrificante-250ml\/"},"modified":"2023-11-16T13:33:40","modified_gmt":"2023-11-16T12:33:40","slug":"maschio-burro-lubrificante-250ml","status":"publish","type":"product","link":"https:\/\/dev.poppers-online.ch\/it\/prodotto\/maschio-burro-lubrificante-250ml\/","title":{"rendered":"MALE Burro Lubrificante 250ml"},"content":{"rendered":"","protected":false},"excerpt":{"rendered":"<p>Il lubrificante MALE Butter 250ml \u00e8 una variante particolarmente viscosa. &#8220;Male Butter&#8221; \u00e8 ideale per il sesso anale liscio, non cola e pu\u00f2 quindi essere usato con particolare parsimonia.<\/p>\n","protected":false},"featured_media":76508,"comment_status":"closed","ping_status":"closed","template":"","meta":{"_acf_changed":false,"_glsr_average":0,"_glsr_ranking":0,"_glsr_reviews":0},"product_brand":[],"product_cat":[2068,168],"product_tag":[1542],"class_list":{"0":"post-76511","1":"product","2":"type-product","3":"status-publish","4":"has-post-thumbnail","6":"product_cat-lubrificanti","7":"product_cat-farmacia","8":"product_tag-male-burro-lubrificante-250ml","10":"first","11":"instock","12":"taxable","13":"shipping-taxable","14":"purchasable","15":"product-type-simple"},"acf":[],"_links":{"self":[{"href":"https:\/\/dev.poppers-online.ch\/it\/wp-json\/wp\/v2\/product\/76511","targetHints":{"allow":["GET"]}}],"collection":[{"href":"https:\/\/dev.poppers-online.ch\/it\/wp-json\/wp\/v2\/product"}],"about":[{"href":"https:\/\/dev.poppers-online.ch\/it\/wp-json\/wp\/v2\/types\/product"}],"replies":[{"embeddable":true,"href":"https:\/\/dev.poppers-online.ch\/it\/wp-json\/wp\/v2\/comments?post=76511"}],"wp:featuredmedia":[{"embeddable":true,"href":"https:\/\/dev.poppers-online.ch\/it\/wp-json\/wp\/v2\/media\/76508"}],"wp:attachment":[{"href":"https:\/\/dev.poppers-online.ch\/it\/wp-json\/wp\/v2\/media?parent=76511"}],"wp:term":[{"taxonomy":"product_brand","embeddable":true,"href":"https:\/\/dev.poppers-online.ch\/it\/wp-json\/wp\/v2\/product_brand?post=76511"},{"taxonomy":"product_cat","embeddable":true,"href":"https:\/\/dev.poppers-online.ch\/it\/wp-json\/wp\/v2\/product_cat?post=76511"},{"taxonomy":"product_tag","embeddable":true,"href":"https:\/\/dev.poppers-online.ch\/it\/wp-json\/wp\/v2\/product_tag?post=76511"}],"curies":[{"name":"wp","href":"https:\/\/api.w.org\/{rel}","templated":true}]}}