{"id":76602,"date":"2023-11-16T18:34:26","date_gmt":"2023-11-16T17:36:41","guid":{"rendered":"https:\/\/poppers-online.ch\/produkt\/estensore-del-pene-nero\/"},"modified":"2023-11-16T18:36:41","modified_gmt":"2023-11-16T17:36:41","slug":"estensore-del-pene-nero","status":"publish","type":"product","link":"https:\/\/dev.poppers-online.ch\/it\/prodotto\/estensore-del-pene-nero\/","title":{"rendered":"Estensore del pene &#8211; Nero"},"content":{"rendered":"","protected":false},"excerpt":{"rendered":"<p>Con l&#8217;estensore del pene Pumped aumenterete in modo permanente la lunghezza e la circonferenza del vostro pezzo forte. Esponendo il pene a uno stiramento permanente indossando regolarmente questo strumento miracoloso, si formano ulteriori cellule e la massa del tessuto aumenta in tutte le direzioni necessarie. Oltre all&#8217;aspetto di alta qualit\u00e0, la forza di trazione delle due barre d&#8217;acciaio a molla fornisce una trazione sufficiente per consentire al corpo di svolgere agevolmente il suo compito di crescita.<\/p>\n<p style=\"text-align: left\">Applicazione:<br \/>\nInserire il pene flaccido attraverso l&#8217;anello di base e assicurarsi che il logo sia in alto.<br \/>\nFar scorrere la staffa sulle aste metalliche.<br \/>\nPiegare e avvolgere la fascia di silicone intorno al pene direttamente dietro il glande.<br \/>\nInserire le due estremit\u00e0 nei 2 fori anteriori del supporto in modo che il pene sia ben sostenuto.<br \/>\nA questo punto, tirare la fascetta di silicone.<br \/>\nFissare la cinghia facendo passare entrambe le estremit\u00e0 attraverso le fessure sul lato inferiore del supporto.<br \/>\nPer aumentare la forza di trazione, ruotare le piccole viti in avanti.<br \/>\nLa trazione giusta dar\u00e0 una sensazione leggermente fastidiosa, ma non dovrebbe assolutamente far male.<br \/>\n\u00c8 possibile aumentare la forza di trazione man mano che ci si abitua a indossarlo.<br \/>\nNaturalmente, \u00e8 possibile piegare Pumped Penis Extender verso l&#8217;alto o verso il basso per aumentare il comfort e mantenere l&#8217;efficienza anche quando si \u00e8 completamente vestiti.<br \/>\nIl tempo massimo di utilizzo \u00e8 di 9 ore al giorno, ma \u00e8 necessario avvicinarsi a questo tempo lentamente, soprattutto le prime volte, e fare delle pause di tanto in tanto. Inoltre, questo prodotto non deve mai essere utilizzato da uomini di et\u00e0 inferiore ai 18 anni.<\/p>\n<p>Non \u00e8 mai esistito un estensore del pene pi\u00f9 efficace, adatto a tutte le dimensioni e in grado di fornire risultati cos\u00ec evidenti.<\/p>\n<p><strong>Dettagli del prodotto:<\/strong><br \/>\n\u2713 Risultati fantastici<br \/>\n\u2713 Maneggevolezza<br \/>\n\u2713 Design elegante<br \/>\n\u2713 Durata massima di utilizzo: 9 ore<br \/>\n\u2713 Eccezionale comfort di utilizzo<\/p>\n<p>Materiale: ABS, silicone<br \/>\nColore: nero<\/p>\n","protected":false},"featured_media":76583,"comment_status":"closed","ping_status":"closed","template":"","meta":{"_acf_changed":false,"_glsr_average":0,"_glsr_ranking":0,"_glsr_reviews":0},"product_brand":[],"product_cat":[2098,2092,172],"product_tag":[1555],"class_list":{"0":"post-76602","1":"product","2":"type-product","3":"status-publish","4":"has-post-thumbnail","6":"product_cat-agrandir-penis","7":"product_cat-cock-play","8":"product_cat-sex-toys","9":"product_tag-estensore-del-pene-nero","11":"first","12":"instock","13":"taxable","14":"shipping-taxable","15":"purchasable","16":"product-type-simple"},"acf":[],"_links":{"self":[{"href":"https:\/\/dev.poppers-online.ch\/it\/wp-json\/wp\/v2\/product\/76602","targetHints":{"allow":["GET"]}}],"collection":[{"href":"https:\/\/dev.poppers-online.ch\/it\/wp-json\/wp\/v2\/product"}],"about":[{"href":"https:\/\/dev.poppers-online.ch\/it\/wp-json\/wp\/v2\/types\/product"}],"replies":[{"embeddable":true,"href":"https:\/\/dev.poppers-online.ch\/it\/wp-json\/wp\/v2\/comments?post=76602"}],"wp:featuredmedia":[{"embeddable":true,"href":"https:\/\/dev.poppers-online.ch\/it\/wp-json\/wp\/v2\/media\/76583"}],"wp:attachment":[{"href":"https:\/\/dev.poppers-online.ch\/it\/wp-json\/wp\/v2\/media?parent=76602"}],"wp:term":[{"taxonomy":"product_brand","embeddable":true,"href":"https:\/\/dev.poppers-online.ch\/it\/wp-json\/wp\/v2\/product_brand?post=76602"},{"taxonomy":"product_cat","embeddable":true,"href":"https:\/\/dev.poppers-online.ch\/it\/wp-json\/wp\/v2\/product_cat?post=76602"},{"taxonomy":"product_tag","embeddable":true,"href":"https:\/\/dev.poppers-online.ch\/it\/wp-json\/wp\/v2\/product_tag?post=76602"}],"curies":[{"name":"wp","href":"https:\/\/api.w.org\/{rel}","templated":true}]}}