{"id":77091,"date":"2023-11-20T14:32:10","date_gmt":"2023-11-20T13:42:45","guid":{"rendered":"https:\/\/poppers-online.ch\/produkt\/masturbatore-colt-mighty-mouth\/"},"modified":"2023-11-20T14:42:45","modified_gmt":"2023-11-20T13:42:45","slug":"colt-potente-bocca-masturbatore","status":"publish","type":"product","link":"https:\/\/dev.poppers-online.ch\/it\/prodotto\/colt-potente-bocca-masturbatore\/","title":{"rendered":"Masturbatore COLT Mighty Mouth"},"content":{"rendered":"","protected":false},"excerpt":{"rendered":"<div>Un masturbatore che garantisce un climax umido e piccante. Il Mighty Mouth, dalla forma ergonomica, \u00e8 dotato di 30 diversi livelli di vibrazione, pulsazione ed escalation. Le impostazioni possono essere regolate tramite pulsanti di facile utilizzo. Il giocattolo ricorda le ultime impostazioni grazie a un chip di memoria. Un supporto girevole per il piede di aspirazione che pu\u00f2 essere montato sullo stroker assicura un divertimento a mani libere. Tuttavia, il Mighty Mouth pu\u00f2 essere utilizzato anche senza supporto. Questo potente masturbatore, impermeabile al 100%, \u00e8 alimentato da 4 batterie AAA. La parte interna, morbida e strutturata, pu\u00f2 essere rimossa per una pulizia facile e accurata. I materiali utilizzati sono rispettosi del corpo, inodori e privi di ftalati.<\/div>\n<p>&nbsp;<\/p>\n<div>&#8211; Masturbatore estremamente potente<\/div>\n<div>&#8211; 30 livelli intensivi di vibrazione e pulsazione<\/div>\n<div>&#8211; Chip di memoria con funzione di promemoria<\/div>\n<div>&#8211; Un supporto girevole per il piede di aspirazione per un divertimento a mani libere<\/div>\n<div>&#8211; Pu\u00f2 essere utilizzato anche senza supporto<\/div>\n<div>&#8211; Parte interna in TPR delicato sulla pelle<\/div>\n<div>&#8211; Batterie 4 x AAA (non incluse)<\/div>\n<div>&#8211; Rispettoso del corpo, inodore e privo di ftalati<\/div>\n<div>&#8211; 100% impermeabile<\/div>\n<div><\/div>\n<div>Lunghezza totale: circa 23 cm<\/div>\n<div>Diametro della cassa: circa 9 cm<\/div>\n<div>Lunghezza della parte interna: circa 12 cm<\/div>\n<div>Diametro: circa 7,5 cm<\/div>\n<div>Batterie: 4 batterie AAA (non incluse)<\/div>\n<div>Materiale: TPR, silicone, plastica ABS<\/div>\n","protected":false},"featured_media":77057,"comment_status":"closed","ping_status":"closed","template":"","meta":{"_acf_changed":false,"_glsr_average":0,"_glsr_ranking":0,"_glsr_reviews":0},"product_brand":[],"product_cat":[2095,172],"product_tag":[1644],"class_list":{"0":"post-77091","1":"product","2":"type-product","3":"status-publish","4":"has-post-thumbnail","6":"product_cat-masturbatore","7":"product_cat-sex-toys","8":"product_tag-masturbatore-colt-mighty-mouth","10":"first","11":"instock","12":"taxable","13":"shipping-taxable","14":"purchasable","15":"product-type-simple"},"acf":[],"_links":{"self":[{"href":"https:\/\/dev.poppers-online.ch\/it\/wp-json\/wp\/v2\/product\/77091","targetHints":{"allow":["GET"]}}],"collection":[{"href":"https:\/\/dev.poppers-online.ch\/it\/wp-json\/wp\/v2\/product"}],"about":[{"href":"https:\/\/dev.poppers-online.ch\/it\/wp-json\/wp\/v2\/types\/product"}],"replies":[{"embeddable":true,"href":"https:\/\/dev.poppers-online.ch\/it\/wp-json\/wp\/v2\/comments?post=77091"}],"wp:featuredmedia":[{"embeddable":true,"href":"https:\/\/dev.poppers-online.ch\/it\/wp-json\/wp\/v2\/media\/77057"}],"wp:attachment":[{"href":"https:\/\/dev.poppers-online.ch\/it\/wp-json\/wp\/v2\/media?parent=77091"}],"wp:term":[{"taxonomy":"product_brand","embeddable":true,"href":"https:\/\/dev.poppers-online.ch\/it\/wp-json\/wp\/v2\/product_brand?post=77091"},{"taxonomy":"product_cat","embeddable":true,"href":"https:\/\/dev.poppers-online.ch\/it\/wp-json\/wp\/v2\/product_cat?post=77091"},{"taxonomy":"product_tag","embeddable":true,"href":"https:\/\/dev.poppers-online.ch\/it\/wp-json\/wp\/v2\/product_tag?post=77091"}],"curies":[{"name":"wp","href":"https:\/\/api.w.org\/{rel}","templated":true}]}}