{"id":77164,"date":"2023-11-20T15:18:10","date_gmt":"2023-11-20T14:20:16","guid":{"rendered":"https:\/\/poppers-online.ch\/produkt\/stroker-di-potenza-colt\/"},"modified":"2023-11-20T15:20:16","modified_gmt":"2023-11-20T14:20:16","slug":"colt-power-stroker","status":"publish","type":"product","link":"https:\/\/dev.poppers-online.ch\/it\/prodotto\/colt-power-stroker\/","title":{"rendered":"STROKER DI POTENZA COLT"},"content":{"rendered":"","protected":false},"excerpt":{"rendered":"<div>Il Power Stroker di COLT vi regaler\u00e0 orgasmi esplosivi. La forma esterna del masturbatore \u00e8 modellata su una bomba a mano. Ma mentre questo \u00e8 pi\u00f9 per l&#8217;occhio, il materiale vi far\u00e0 esplodere di desiderio. Il Power Stroker \u00e8 aderente, ma realizzato in materiale supermorbido e molto elastico. \u00c8 una sensazione molto reale. Non servono istruzioni complicate: inserite l&#8217;uccello nella piccola e stretta rosetta di plastica e partirete come una granata. A prova di bomba.<\/div>\n<div><\/div>\n<div>Materiale: Futurotic TM<\/div>\n<div>Lunghezza: circa 12 cm<\/div>\n","protected":false},"featured_media":77160,"comment_status":"closed","ping_status":"closed","template":"","meta":{"_acf_changed":false,"_glsr_average":0,"_glsr_ranking":0,"_glsr_reviews":0},"product_brand":[],"product_cat":[2086,172],"product_tag":[1674],"class_list":{"0":"post-77164","1":"product","2":"type-product","3":"status-publish","4":"has-post-thumbnail","6":"product_cat-anal-play","7":"product_cat-sex-toys","8":"product_tag-stroker-di-potenza-colt","10":"first","11":"instock","12":"taxable","13":"shipping-taxable","14":"purchasable","15":"product-type-simple"},"acf":[],"_links":{"self":[{"href":"https:\/\/dev.poppers-online.ch\/it\/wp-json\/wp\/v2\/product\/77164","targetHints":{"allow":["GET"]}}],"collection":[{"href":"https:\/\/dev.poppers-online.ch\/it\/wp-json\/wp\/v2\/product"}],"about":[{"href":"https:\/\/dev.poppers-online.ch\/it\/wp-json\/wp\/v2\/types\/product"}],"replies":[{"embeddable":true,"href":"https:\/\/dev.poppers-online.ch\/it\/wp-json\/wp\/v2\/comments?post=77164"}],"wp:featuredmedia":[{"embeddable":true,"href":"https:\/\/dev.poppers-online.ch\/it\/wp-json\/wp\/v2\/media\/77160"}],"wp:attachment":[{"href":"https:\/\/dev.poppers-online.ch\/it\/wp-json\/wp\/v2\/media?parent=77164"}],"wp:term":[{"taxonomy":"product_brand","embeddable":true,"href":"https:\/\/dev.poppers-online.ch\/it\/wp-json\/wp\/v2\/product_brand?post=77164"},{"taxonomy":"product_cat","embeddable":true,"href":"https:\/\/dev.poppers-online.ch\/it\/wp-json\/wp\/v2\/product_cat?post=77164"},{"taxonomy":"product_tag","embeddable":true,"href":"https:\/\/dev.poppers-online.ch\/it\/wp-json\/wp\/v2\/product_tag?post=77164"}],"curies":[{"name":"wp","href":"https:\/\/api.w.org\/{rel}","templated":true}]}}