{"id":77206,"date":"2023-11-20T15:40:14","date_gmt":"2023-11-20T14:44:06","guid":{"rendered":"https:\/\/poppers-online.ch\/produkt\/colt-snug-grip\/"},"modified":"2023-11-20T15:44:06","modified_gmt":"2023-11-20T14:44:06","slug":"colt-snug-grip","status":"publish","type":"product","link":"https:\/\/dev.poppers-online.ch\/it\/prodotto\/colt-snug-grip\/","title":{"rendered":"COLT Snug Grip"},"content":{"rendered":"","protected":false},"excerpt":{"rendered":"<p>Incredibile, ma vero: con lo Snug Grip, Colt ha creato un altro punto di forza nel mondo degli anelli per il cazzo.<\/p>\n<p>Questo giocattolo elastico e accogliente arricchir\u00e0 la vostra vita amorosa e aumenter\u00e0 la vostra stimolazione ogni volta. La possibilit\u00e0 di indossare Snug Grip come anello per il cazzo e contemporaneamente sui testicoli apre possibilit\u00e0 completamente nuove per il vostro piacere.<\/p>\n<p>Per indossare il giocattolo, \u00e8 sufficiente inserire il pene attraverso il foro rotondo, assicurandosi che l&#8217;area appiattita si trovi sul lato inferiore dell&#8217;asta. Non appena l&#8217;anello ha raggiunto la base del pene, posizionare i testicoli attraverso il ball tugger. Si capisce gi\u00e0 perch\u00e9 questo accessorio \u00e8 una fantastica aggiunta alla vostra collezione. La trazione verso il basso prepara perfettamente l&#8217;orgasmo intenso, mentre l&#8217;anello per il cazzo garantisce una maggiore durata dell&#8217;erezione.<\/p>\n<p>Per migliorare ulteriormente il vostro piacere, Colt Snug Grip \u00e8 compatibile con tutti i lubrificanti a base d&#8217;acqua. Il TPE, che rispetta il corpo, pu\u00f2 essere pulito rapidamente e facilmente con acqua calda e sapone o con un detergente per giocattoli.<\/p>\n<p>Godetevi questa esperienza eccitante e lasciatevi stupire da ci\u00f2 che potete ottenere con questo giocattolo sexy.<\/p>\n<p><strong>Dettagli del prodotto:<\/strong><br \/>\n\u2713 Cockring e ball tugger in un unico prodotto<br \/>\n\u2713 extra elastico<br \/>\n\u2713 Comodo ed efficace<br \/>\n\u2713 Impermeabile<br \/>\n\u2713 senza ftalati<\/p>\n<p>Lunghezza: circa 7 cm<br \/>\nSpessore: circa 1,2 &#8211; 2,1 cm<br \/>\nDiametro interno: circa 4 cm<br \/>\nMateriale: TPE<br \/>\nColore: nero<\/p>\n","protected":false},"featured_media":77186,"comment_status":"closed","ping_status":"closed","template":"","meta":{"_acf_changed":false,"_glsr_average":0,"_glsr_ranking":0,"_glsr_reviews":0},"product_brand":[],"product_cat":[2092,172],"product_tag":[1682],"class_list":{"0":"post-77206","1":"product","2":"type-product","3":"status-publish","4":"has-post-thumbnail","6":"product_cat-cock-play","7":"product_cat-sex-toys","8":"product_tag-colt-snug-grip-it","10":"first","11":"instock","12":"taxable","13":"shipping-taxable","14":"purchasable","15":"product-type-simple"},"acf":[],"_links":{"self":[{"href":"https:\/\/dev.poppers-online.ch\/it\/wp-json\/wp\/v2\/product\/77206","targetHints":{"allow":["GET"]}}],"collection":[{"href":"https:\/\/dev.poppers-online.ch\/it\/wp-json\/wp\/v2\/product"}],"about":[{"href":"https:\/\/dev.poppers-online.ch\/it\/wp-json\/wp\/v2\/types\/product"}],"replies":[{"embeddable":true,"href":"https:\/\/dev.poppers-online.ch\/it\/wp-json\/wp\/v2\/comments?post=77206"}],"wp:featuredmedia":[{"embeddable":true,"href":"https:\/\/dev.poppers-online.ch\/it\/wp-json\/wp\/v2\/media\/77186"}],"wp:attachment":[{"href":"https:\/\/dev.poppers-online.ch\/it\/wp-json\/wp\/v2\/media?parent=77206"}],"wp:term":[{"taxonomy":"product_brand","embeddable":true,"href":"https:\/\/dev.poppers-online.ch\/it\/wp-json\/wp\/v2\/product_brand?post=77206"},{"taxonomy":"product_cat","embeddable":true,"href":"https:\/\/dev.poppers-online.ch\/it\/wp-json\/wp\/v2\/product_cat?post=77206"},{"taxonomy":"product_tag","embeddable":true,"href":"https:\/\/dev.poppers-online.ch\/it\/wp-json\/wp\/v2\/product_tag?post=77206"}],"curies":[{"name":"wp","href":"https:\/\/api.w.org\/{rel}","templated":true}]}}