{"id":78138,"date":"2023-11-22T22:37:21","date_gmt":"2023-11-22T21:39:18","guid":{"rendered":"https:\/\/poppers-online.ch\/produkt\/anelli-enhancer-colt-anelli-per-il-cazzo-trasparenti\/"},"modified":"2023-11-22T22:39:18","modified_gmt":"2023-11-22T21:39:18","slug":"colt-enhancer-ring-cockring-trasparente","status":"publish","type":"product","link":"https:\/\/dev.poppers-online.ch\/it\/prodotto\/colt-enhancer-ring-cockring-trasparente\/","title":{"rendered":"Anelli Enhancer COLT anelli per il cazzo trasparenti"},"content":{"rendered":"","protected":false},"excerpt":{"rendered":"<p>Con gli anelli per cazzo trasparenti COLT Enhancer Rings in grigio fumo, l&#8217;erezione dura pi\u00f9 a lungo, in modo che il vostro migliore amico rimanga eretto pi\u00f9 a lungo. Provate l&#8217;esperienza di trattenere pi\u00f9 a lungo l&#8217;eiaculazione. Un anello \u00e8 composto da 4 anelli collegati, un altro da 2 anelli collegati. Le dimensioni sono variabili a causa della flessibilit\u00e0 degli anelli. Gli anelli sono realizzati in gomma termoplastica.<\/p>\n","protected":false},"featured_media":78129,"comment_status":"closed","ping_status":"closed","template":"","meta":{"_acf_changed":false,"_glsr_average":0,"_glsr_ranking":0,"_glsr_reviews":0},"product_brand":[],"product_cat":[2092,172],"product_tag":[1806],"class_list":{"0":"post-78138","1":"product","2":"type-product","3":"status-publish","4":"has-post-thumbnail","6":"product_cat-cock-play","7":"product_cat-sex-toys","8":"product_tag-anelli-enhancer-colt-anelli-per-il-cazzo-trasparenti","10":"first","11":"instock","12":"taxable","13":"shipping-taxable","14":"purchasable","15":"product-type-simple"},"acf":[],"_links":{"self":[{"href":"https:\/\/dev.poppers-online.ch\/it\/wp-json\/wp\/v2\/product\/78138","targetHints":{"allow":["GET"]}}],"collection":[{"href":"https:\/\/dev.poppers-online.ch\/it\/wp-json\/wp\/v2\/product"}],"about":[{"href":"https:\/\/dev.poppers-online.ch\/it\/wp-json\/wp\/v2\/types\/product"}],"replies":[{"embeddable":true,"href":"https:\/\/dev.poppers-online.ch\/it\/wp-json\/wp\/v2\/comments?post=78138"}],"wp:featuredmedia":[{"embeddable":true,"href":"https:\/\/dev.poppers-online.ch\/it\/wp-json\/wp\/v2\/media\/78129"}],"wp:attachment":[{"href":"https:\/\/dev.poppers-online.ch\/it\/wp-json\/wp\/v2\/media?parent=78138"}],"wp:term":[{"taxonomy":"product_brand","embeddable":true,"href":"https:\/\/dev.poppers-online.ch\/it\/wp-json\/wp\/v2\/product_brand?post=78138"},{"taxonomy":"product_cat","embeddable":true,"href":"https:\/\/dev.poppers-online.ch\/it\/wp-json\/wp\/v2\/product_cat?post=78138"},{"taxonomy":"product_tag","embeddable":true,"href":"https:\/\/dev.poppers-online.ch\/it\/wp-json\/wp\/v2\/product_tag?post=78138"}],"curies":[{"name":"wp","href":"https:\/\/api.w.org\/{rel}","templated":true}]}}