{"id":78253,"date":"2023-11-23T15:58:58","date_gmt":"2023-11-23T15:00:58","guid":{"rendered":"https:\/\/poppers-online.ch\/produkt\/fantasia-fetish-10-pollici-hollow-strap-on-marrone\/"},"modified":"2023-11-23T16:01:27","modified_gmt":"2023-11-23T15:01:27","slug":"fetish-fantasy-10-pollici-cavo-cinturino-su-marrone","status":"publish","type":"product","link":"https:\/\/dev.poppers-online.ch\/it\/prodotto\/fetish-fantasy-10-pollici-cavo-cinturino-su-marrone\/","title":{"rendered":"Fantasia Fetish &#8211; 10 pollici Hollow Strap On marrone"},"content":{"rendered":"","protected":false},"excerpt":{"rendered":"<p>Che sia un po&#8217; di pi\u00f9 &#8211; potrebbe essere la domanda qui. In caso affermativo, basta allacciare il <strong>Fetish Fantasy &#8211; 10 pollici Hollow Strap On<\/strong> marrone e 25 cm di lunghezza sono garantiti. Con questo cazzo da sogno al cioccolato, ogni buco sar\u00e0 riempito in modo soddisfacente. Il comodo strap-on elasticizzato \u00e8 adatto a tutte le corporature. Date libero sfogo alla vostra immaginazione e realizzate i vostri desideri pi\u00f9 &#8220;profondi&#8221;. Il dildo \u00e8 realizzato in materiale privo di ftalati (plastificanti).<\/p>\n<p>Contenuto: strap-on elasticizzato e dildo lungo circa 25 cm.<\/p>\n<p>Colore: Marrone<\/p>\n","protected":false},"featured_media":78242,"comment_status":"closed","ping_status":"closed","template":"","meta":{"_acf_changed":false,"_glsr_average":0,"_glsr_ranking":0,"_glsr_reviews":0},"product_brand":[],"product_cat":[2098,2092,172],"product_tag":[1830],"class_list":{"0":"post-78253","1":"product","2":"type-product","3":"status-publish","4":"has-post-thumbnail","6":"product_cat-agrandir-penis","7":"product_cat-cock-play","8":"product_cat-sex-toys","9":"product_tag-fantasia-fetish-10-pollici-hollow-strap-on-marrone","11":"first","12":"instock","13":"taxable","14":"shipping-taxable","15":"purchasable","16":"product-type-simple"},"acf":[],"_links":{"self":[{"href":"https:\/\/dev.poppers-online.ch\/it\/wp-json\/wp\/v2\/product\/78253","targetHints":{"allow":["GET"]}}],"collection":[{"href":"https:\/\/dev.poppers-online.ch\/it\/wp-json\/wp\/v2\/product"}],"about":[{"href":"https:\/\/dev.poppers-online.ch\/it\/wp-json\/wp\/v2\/types\/product"}],"replies":[{"embeddable":true,"href":"https:\/\/dev.poppers-online.ch\/it\/wp-json\/wp\/v2\/comments?post=78253"}],"wp:featuredmedia":[{"embeddable":true,"href":"https:\/\/dev.poppers-online.ch\/it\/wp-json\/wp\/v2\/media\/78242"}],"wp:attachment":[{"href":"https:\/\/dev.poppers-online.ch\/it\/wp-json\/wp\/v2\/media?parent=78253"}],"wp:term":[{"taxonomy":"product_brand","embeddable":true,"href":"https:\/\/dev.poppers-online.ch\/it\/wp-json\/wp\/v2\/product_brand?post=78253"},{"taxonomy":"product_cat","embeddable":true,"href":"https:\/\/dev.poppers-online.ch\/it\/wp-json\/wp\/v2\/product_cat?post=78253"},{"taxonomy":"product_tag","embeddable":true,"href":"https:\/\/dev.poppers-online.ch\/it\/wp-json\/wp\/v2\/product_tag?post=78253"}],"curies":[{"name":"wp","href":"https:\/\/api.w.org\/{rel}","templated":true}]}}